{"id":863,"date":"2021-10-22T16:34:01","date_gmt":"2021-10-22T14:34:01","guid":{"rendered":"https:\/\/bey-s.com\/impressum\/"},"modified":"2021-10-24T09:25:40","modified_gmt":"2021-10-24T07:25:40","slug":"sirket-kuenyesi","status":"publish","type":"page","link":"https:\/\/bey-s.com\/tr\/sirket-kuenyesi\/","title":{"rendered":"Impressum"},"content":{"rendered":"<\/p>\n\n<style type=\"text\/css\" data-created_by=\"avia_inline_auto\" id=\"style-css-av-7che6-6916e1c49df4061ad739d06a836f1d69\">\n.flex_column.av-7che6-6916e1c49df4061ad739d06a836f1d69{\n-webkit-border-radius:0px 0px 0px 0px;\n-moz-border-radius:0px 0px 0px 0px;\nborder-radius:0px 0px 0px 0px;\npadding:0px 0px 0px 0px;\n}\n<\/style>\n<div class='flex_column av-7che6-6916e1c49df4061ad739d06a836f1d69 av_one_full  avia-builder-el-0  avia-builder-el-no-sibling  first flex_column_div av-zero-column-padding '     ><p>\n<style type=\"text\/css\" data-created_by=\"avia_inline_auto\" id=\"style-css-av-kuws1g4i-d46b6f66e9542cc2c0125af8cc8cd777\">\n#top .av-special-heading.av-kuws1g4i-d46b6f66e9542cc2c0125af8cc8cd777{\npadding-bottom:10px;\n}\nbody .av-special-heading.av-kuws1g4i-d46b6f66e9542cc2c0125af8cc8cd777 .av-special-heading-tag .heading-char{\nfont-size:25px;\n}\n.av-special-heading.av-kuws1g4i-d46b6f66e9542cc2c0125af8cc8cd777 .av-subheading{\nfont-size:15px;\n}\n<\/style>\n<div  class='av-special-heading av-kuws1g4i-d46b6f66e9542cc2c0125af8cc8cd777 av-special-heading-h2  avia-builder-el-1  el_before_av_textblock  avia-builder-el-first '><h2 class='av-special-heading-tag'  itemprop=\"headline\"  >\u015firket K\u00fcnyesi<\/h2><div class=\"special-heading-border\"><div class=\"special-heading-inner-border\"><\/div><\/div><\/div><br \/>\n<section  class='av_textblock_section av-kuws4q7y-2eaa1f0dc5ceae796569bcc69eb15752'  itemscope=\"itemscope\" itemtype=\"https:\/\/schema.org\/CreativeWork\" ><div class='avia_textblock'  itemprop=\"text\" ><h3>\u00a7 5 Alman Telemedya Yasas\u0131 TMG&#8217;ye g\u00f6re<\/h3>\n<p>Bilal Yurttas<br \/>\nBEY\u00b4s GmbH<br \/>\nWeilimdorfer Strasse 101<br \/>\n70469 Stuttgart<\/p>\n<p><strong>ileti\u015fim Bilgileri<\/strong><br \/>\nTelefon: <a href=\"tel:+4915221553898\">+49 (0) 152 215 538 98<\/a><br \/>\nE-posta: <a href=\"mailto:info@bey-s.com\" target=\"_blank\" rel=\"noopener\">info@bey-s.com<\/a><\/p>\n<p><strong>Vergi numaras\u0131<br \/>\n<\/strong>sat\u0131\u015f vergisinin \u00a727 yasas\u0131na g\u00f6re sat\u0131\u015f vergisi kimlik numaras\u0131:<br \/>\nDE344600432<\/p>\n<h3>\u0130\u00e7erikler ile ilgili sorumluluk<\/h3>\n<p>Bir hizmet sa\u011flay\u0131c\u0131 olarak, Alman Telemedya Yasas\u0131 (TMG) B\u00f6l\u00fcm \u00a77 paragraf (1) uyar\u0131nca, bu sayfalardaki kendi i\u00e7eri\u011fimizden sorumluyuz.<\/p>\n<p>TMG nin \u00a7\u00a7 8 ile 10 arsindaki y\u00f6netmeli\u011fine g\u00f6re, hizmet sa\u011flay\u0131c\u0131 olarak aktar\u0131lan veya saklanan \u00fc\u00e7\u00fcnc\u00fc taraf bilgilerini izlemek veya yasa d\u0131\u015f\u0131 faaliyete i\u015faret eden ko\u015fullar\u0131 ara\u015ft\u0131rmakla y\u00fck\u00fcml\u00fc de\u011filiz.<\/p>\n<p>Genel h\u00fck\u00fcmlere g\u00f6re bilgilerin kald\u0131r\u0131lmas\u0131 veya kullan\u0131m\u0131n\u0131n engellenmesine ili\u015fkin y\u00fck\u00fcml\u00fcl\u00fckler Kanunlardan etkilenmeden kal\u0131r.<br \/>\nBu konudaki bir sorumluluk, sadece belirli bir yasal ihlal bilgisinin tespiti sonrasi m\u00fcmk\u00fcnd\u00fcr. Bu t\u00fcr yasal ihlallerin fark\u0131na var\u0131r varmaz bu i\u00e7eri\u011fi derhal kald\u0131raca\u011f\u0131z.<\/p>\n<h3>Ba\u011flant\u0131lar (Linkler) i\u00e7in sorumluluk<\/h3>\n<p>Teklifimiz, i\u00e7eri\u011fi \u00fczerinde hi\u00e7bir etkimiz olmayan harici \u00fc\u00e7\u00fcnc\u00fc taraf web sitelerine ba\u011flant\u0131lar i\u00e7ermektedir.<\/p>\n<p>Bu nedenle, bu \u00fc\u00e7\u00fcnc\u00fc taraf i\u00e7eri\u011fi i\u00e7in herhangi bir sorumluluk kabul edemeyiz.<\/p>\n<p>Bu i\u00e7erikler ile ilgili ba\u011flant\u0131 veren siteler her zaman sitenin ilgili sa\u011flay\u0131c\u0131s\u0131n\u0131n veya operat\u00f6r\u00fcn\u00fcn sorumlulu\u011fundad\u0131r.<\/p>\n<p>Ba\u011flant\u0131l\u0131 sayfalar, ba\u011flant\u0131 verildi\u011fi anda olas\u0131 yasal ihlallere kar\u015f\u0131 kontrol edilmektedir. Ba\u011flant\u0131n\u0131n olu\u015fturuldu\u011fu s\u0131rada yasa d\u0131\u015f\u0131 i\u00e7erik bulunamamistir.<\/p>\n<p>Ba\u011flant\u0131l\u0131 sayfalar\u0131n i\u00e7eri\u011finin kal\u0131c\u0131 olarak kontrol edilmesi, yasalar\u0131n ihlal edildi\u011fine dair somut kan\u0131tlar olmadan makul de\u011fildir. Yasal ihlallerin fark\u0131na var\u0131r varmaz bu t\u00fcr ba\u011flant\u0131lar\u0131 derhal kald\u0131raca\u011f\u0131z.<\/p>\n<h3>Telif hakk\u0131<\/h3>\n<p>Site operat\u00f6r\u00fc taraf\u0131ndan olu\u015fturulan bu sayfalardaki i\u00e7erik ve eserler Almanya telif haklarina tabidir.<\/p>\n<p>Telif hakk\u0131 yasas\u0131n\u0131n s\u0131n\u0131rlar\u0131 d\u0131\u015f\u0131nda \u00e7o\u011faltma, d\u00fczenleme, da\u011f\u0131t\u0131m ve her t\u00fcrl\u00fc istismar, ilgili yazar\u0131n veya d\u00fczenleyenin yaz\u0131l\u0131 onay\u0131n\u0131 gerektirir. Bu web sitesinin indirilmesine ve kopyalar\u0131na yaln\u0131zca \u00f6zel, ticari olmayan kullan\u0131m i\u00e7in izin verilir.<\/p>\n<p>Bu sitedeki i\u00e7erikler i\u015fletmeci taraf\u0131ndan olu\u015fturulmad\u0131\u011f\u0131 s\u00fcrece, \u00fc\u00e7\u00fcnc\u00fc \u015fah\u0131slar\u0131n telif haklar\u0131 g\u00f6zetilmektedir. \u00d6zellikle \u00fc\u00e7\u00fcnc\u00fc \u015fah\u0131slar\u0131n i\u00e7erikleri bu \u015fekilde de\u011ferlendirilecektir. Yine de bir telif hakk\u0131 ihlalinin fark\u0131na var\u0131rsan\u0131z, bizi bilgilendirmenizi rica ederiz. Yasal ihlallerin fark\u0131na var\u0131ld\u0131\u011f\u0131 takdirde, bu t\u00fcr i\u00e7erikleri derhal kald\u0131raca\u011f\u0131z.<\/p>\n<\/div><\/section><\/p><\/div>\n","protected":false},"excerpt":{"rendered":"","protected":false},"author":1,"featured_media":0,"parent":0,"menu_order":0,"comment_status":"closed","ping_status":"closed","template":"","meta":{"footnotes":""},"class_list":["post-863","page","type-page","status-publish","hentry"],"yoast_head":"<!-- This site is optimized with the Yoast SEO plugin v26.7 - https:\/\/yoast.com\/wordpress\/plugins\/seo\/ -->\n<title>Impressum - BEY&#039;s<\/title>\n<meta name=\"robots\" content=\"index, follow, max-snippet:-1, max-image-preview:large, max-video-preview:-1\" \/>\n<link rel=\"canonical\" href=\"https:\/\/bey-s.com\/tr\/sirket-kuenyesi\/\" \/>\n<meta property=\"og:locale\" content=\"tr_TR\" \/>\n<meta property=\"og:type\" content=\"article\" \/>\n<meta property=\"og:title\" content=\"Impressum - BEY&#039;s\" \/>\n<meta property=\"og:url\" content=\"https:\/\/bey-s.com\/tr\/sirket-kuenyesi\/\" \/>\n<meta property=\"og:site_name\" content=\"BEY&#039;s\" \/>\n<meta property=\"article:modified_time\" content=\"2021-10-24T07:25:40+00:00\" \/>\n<meta name=\"twitter:card\" content=\"summary_large_image\" \/>\n<meta name=\"twitter:label1\" content=\"Tahmini okuma s\u00fcresi\" \/>\n\t<meta name=\"twitter:data1\" content=\"2 dakika\" \/>\n<script type=\"application\/ld+json\" class=\"yoast-schema-graph\">{\"@context\":\"https:\/\/schema.org\",\"@graph\":[{\"@type\":\"WebPage\",\"@id\":\"https:\/\/bey-s.com\/tr\/sirket-kuenyesi\/\",\"url\":\"https:\/\/bey-s.com\/tr\/sirket-kuenyesi\/\",\"name\":\"Impressum - BEY&#039;s\",\"isPartOf\":{\"@id\":\"https:\/\/bey-s.com\/tr\/#website\"},\"datePublished\":\"2021-10-22T14:34:01+00:00\",\"dateModified\":\"2021-10-24T07:25:40+00:00\",\"breadcrumb\":{\"@id\":\"https:\/\/bey-s.com\/tr\/sirket-kuenyesi\/#breadcrumb\"},\"inLanguage\":\"tr\",\"potentialAction\":[{\"@type\":\"ReadAction\",\"target\":[\"https:\/\/bey-s.com\/tr\/sirket-kuenyesi\/\"]}]},{\"@type\":\"BreadcrumbList\",\"@id\":\"https:\/\/bey-s.com\/tr\/sirket-kuenyesi\/#breadcrumb\",\"itemListElement\":[{\"@type\":\"ListItem\",\"position\":1,\"name\":\"Home\",\"item\":\"https:\/\/bey-s.com\/tr\/\"},{\"@type\":\"ListItem\",\"position\":2,\"name\":\"Impressum\"}]},{\"@type\":\"WebSite\",\"@id\":\"https:\/\/bey-s.com\/tr\/#website\",\"url\":\"https:\/\/bey-s.com\/tr\/\",\"name\":\"BEY&#039;s\",\"description\":\"\",\"potentialAction\":[{\"@type\":\"SearchAction\",\"target\":{\"@type\":\"EntryPoint\",\"urlTemplate\":\"https:\/\/bey-s.com\/tr\/?s={search_term_string}\"},\"query-input\":{\"@type\":\"PropertyValueSpecification\",\"valueRequired\":true,\"valueName\":\"search_term_string\"}}],\"inLanguage\":\"tr\"}]}<\/script>\n<!-- \/ Yoast SEO plugin. -->","yoast_head_json":{"title":"Impressum - BEY&#039;s","robots":{"index":"index","follow":"follow","max-snippet":"max-snippet:-1","max-image-preview":"max-image-preview:large","max-video-preview":"max-video-preview:-1"},"canonical":"https:\/\/bey-s.com\/tr\/sirket-kuenyesi\/","og_locale":"tr_TR","og_type":"article","og_title":"Impressum - BEY&#039;s","og_url":"https:\/\/bey-s.com\/tr\/sirket-kuenyesi\/","og_site_name":"BEY&#039;s","article_modified_time":"2021-10-24T07:25:40+00:00","twitter_card":"summary_large_image","twitter_misc":{"Tahmini okuma s\u00fcresi":"2 dakika"},"schema":{"@context":"https:\/\/schema.org","@graph":[{"@type":"WebPage","@id":"https:\/\/bey-s.com\/tr\/sirket-kuenyesi\/","url":"https:\/\/bey-s.com\/tr\/sirket-kuenyesi\/","name":"Impressum - BEY&#039;s","isPartOf":{"@id":"https:\/\/bey-s.com\/tr\/#website"},"datePublished":"2021-10-22T14:34:01+00:00","dateModified":"2021-10-24T07:25:40+00:00","breadcrumb":{"@id":"https:\/\/bey-s.com\/tr\/sirket-kuenyesi\/#breadcrumb"},"inLanguage":"tr","potentialAction":[{"@type":"ReadAction","target":["https:\/\/bey-s.com\/tr\/sirket-kuenyesi\/"]}]},{"@type":"BreadcrumbList","@id":"https:\/\/bey-s.com\/tr\/sirket-kuenyesi\/#breadcrumb","itemListElement":[{"@type":"ListItem","position":1,"name":"Home","item":"https:\/\/bey-s.com\/tr\/"},{"@type":"ListItem","position":2,"name":"Impressum"}]},{"@type":"WebSite","@id":"https:\/\/bey-s.com\/tr\/#website","url":"https:\/\/bey-s.com\/tr\/","name":"BEY&#039;s","description":"","potentialAction":[{"@type":"SearchAction","target":{"@type":"EntryPoint","urlTemplate":"https:\/\/bey-s.com\/tr\/?s={search_term_string}"},"query-input":{"@type":"PropertyValueSpecification","valueRequired":true,"valueName":"search_term_string"}}],"inLanguage":"tr"}]}},"_links":{"self":[{"href":"https:\/\/bey-s.com\/tr\/wp-json\/wp\/v2\/pages\/863","targetHints":{"allow":["GET"]}}],"collection":[{"href":"https:\/\/bey-s.com\/tr\/wp-json\/wp\/v2\/pages"}],"about":[{"href":"https:\/\/bey-s.com\/tr\/wp-json\/wp\/v2\/types\/page"}],"author":[{"embeddable":true,"href":"https:\/\/bey-s.com\/tr\/wp-json\/wp\/v2\/users\/1"}],"replies":[{"embeddable":true,"href":"https:\/\/bey-s.com\/tr\/wp-json\/wp\/v2\/comments?post=863"}],"version-history":[{"count":6,"href":"https:\/\/bey-s.com\/tr\/wp-json\/wp\/v2\/pages\/863\/revisions"}],"predecessor-version":[{"id":1051,"href":"https:\/\/bey-s.com\/tr\/wp-json\/wp\/v2\/pages\/863\/revisions\/1051"}],"wp:attachment":[{"href":"https:\/\/bey-s.com\/tr\/wp-json\/wp\/v2\/media?parent=863"}],"curies":[{"name":"wp","href":"https:\/\/api.w.org\/{rel}","templated":true}]}}