{"id":861,"date":"2021-10-22T16:33:25","date_gmt":"2021-10-22T14:33:25","guid":{"rendered":"https:\/\/bey-s.com\/urunlerimiz\/industrielle-schaltanlagen-fuer-steuer-und-leistungsschraenke\/"},"modified":"2021-11-08T16:19:48","modified_gmt":"2021-11-08T15:19:48","slug":"kontrol-ve-guec-kabinleri-icin-enduestriyel-dolaplar","status":"publish","type":"page","link":"https:\/\/bey-s.com\/tr\/urunlerimiz\/kontrol-ve-guec-kabinleri-icin-enduestriyel-dolaplar\/","title":{"rendered":"Industrielle Schaltanlagen f\u00fcr Steuer- und Leistungsschr\u00e4nke"},"content":{"rendered":"<div  class='avia-slideshow av-18smju-2232b55ae3d5db089c82a36652adae0b avia-slideshow-featured av_slideshow avia-slide-slider  avia-builder-el-0  el_before_av_one_full  avia-builder-el-first  av-slideshow-ui av-control-default av-slideshow-manual av-loop-once av-loop-manual-endless av-default-height-applied avia-slideshow-1' data-slideshow-options=\"{&quot;animation&quot;:&quot;slide&quot;,&quot;autoplay&quot;:false,&quot;loop_autoplay&quot;:&quot;once&quot;,&quot;interval&quot;:5,&quot;loop_manual&quot;:&quot;manual-endless&quot;,&quot;autoplay_stopper&quot;:false,&quot;noNavigation&quot;:false,&quot;bg_slider&quot;:false,&quot;keep_padding&quot;:false,&quot;hoverpause&quot;:false,&quot;show_slide_delay&quot;:0}\"  itemprop=\"image\" itemscope=\"itemscope\" itemtype=\"https:\/\/schema.org\/ImageObject\" ><ul class='avia-slideshow-inner ' style='padding-bottom: 28.666666666667%;'><li  class='avia-slideshow-slide av-18smju-2232b55ae3d5db089c82a36652adae0b__0  av-single-slide slide-1 slide-odd'><div data-rel='slideshow-1' class='avia-slide-wrap '   ><img decoding=\"async\" class=\"wp-image-888 avia-img-lazy-loading-not-888\"  src=\"https:\/\/bey-s.com\/wp-content\/uploads\/2021\/10\/schaltschraenke-beys-deutschland-tuerkei-1.jpg\" width=\"1500\" height=\"430\" title='schaltschraenke-beys-deutschland-tuerkei' alt=''  itemprop=\"thumbnailUrl\" srcset=\"https:\/\/bey-s.com\/wp-content\/uploads\/2021\/10\/schaltschraenke-beys-deutschland-tuerkei-1.jpg 1500w, https:\/\/bey-s.com\/wp-content\/uploads\/2021\/10\/schaltschraenke-beys-deutschland-tuerkei-1-300x86.jpg 300w, https:\/\/bey-s.com\/wp-content\/uploads\/2021\/10\/schaltschraenke-beys-deutschland-tuerkei-1-1030x295.jpg 1030w, https:\/\/bey-s.com\/wp-content\/uploads\/2021\/10\/schaltschraenke-beys-deutschland-tuerkei-1-768x220.jpg 768w, https:\/\/bey-s.com\/wp-content\/uploads\/2021\/10\/schaltschraenke-beys-deutschland-tuerkei-1-705x202.jpg 705w\" sizes=\"(max-width: 1500px) 100vw, 1500px\" \/><\/div><\/li><\/ul><\/div>\n\n<style type=\"text\/css\" data-created_by=\"avia_inline_auto\" id=\"style-css-av-133gqy-3fb9efe8caf98cc8b3e4164914badb6a\">\n.flex_column.av-133gqy-3fb9efe8caf98cc8b3e4164914badb6a{\n-webkit-border-radius:0px 0px 0px 0px;\n-moz-border-radius:0px 0px 0px 0px;\nborder-radius:0px 0px 0px 0px;\npadding:0px 0px 0px 0px;\n}\n<\/style>\n<div class='flex_column av-133gqy-3fb9efe8caf98cc8b3e4164914badb6a av_one_full  avia-builder-el-1  el_after_av_slideshow  el_before_av_one_half  first flex_column_div av-zero-column-padding '     ><p>\n<style type=\"text\/css\" data-created_by=\"avia_inline_auto\" id=\"style-css-av-kuwr622z-dece65afce25f5bea4584640a3106972\">\n#top .av-special-heading.av-kuwr622z-dece65afce25f5bea4584640a3106972{\npadding-bottom:10px;\n}\nbody .av-special-heading.av-kuwr622z-dece65afce25f5bea4584640a3106972 .av-special-heading-tag .heading-char{\nfont-size:25px;\n}\n.av-special-heading.av-kuwr622z-dece65afce25f5bea4584640a3106972 .av-subheading{\nfont-size:15px;\n}\n<\/style>\n<div  class='av-special-heading av-kuwr622z-dece65afce25f5bea4584640a3106972 av-special-heading-h2  avia-builder-el-2  el_before_av_hr  avia-builder-el-first '><h2 class='av-special-heading-tag'  itemprop=\"headline\"  >Kontrol ve g\u00fc\u00e7 kabinleri i\u00e7in end\u00fcstriyel dolaplar<\/h2><div class=\"special-heading-border\"><div class=\"special-heading-inner-border\"><\/div><\/div><\/div><br \/>\n\n<style type=\"text\/css\" data-created_by=\"avia_inline_auto\" id=\"style-css-av-kuwr6uu2-ae56d77b1ce4919e66ba27ce825cd8db\">\n#top .hr.av-kuwr6uu2-ae56d77b1ce4919e66ba27ce825cd8db{\nmargin-top:10px;\nmargin-bottom:10px;\n}\n.hr.av-kuwr6uu2-ae56d77b1ce4919e66ba27ce825cd8db .hr-inner{\nwidth:50px;\nborder-color:#efbb20;\n}\n<\/style>\n<div  class='hr av-kuwr6uu2-ae56d77b1ce4919e66ba27ce825cd8db hr-custom  avia-builder-el-3  el_after_av_heading  avia-builder-el-last  hr-left hr-icon-no'><span class='hr-inner inner-border-av-border-fat'><span class=\"hr-inner-style\"><\/span><\/span><\/div><\/p><\/div>\n\n<style type=\"text\/css\" data-created_by=\"avia_inline_auto\" id=\"style-css-av-kuwsdq46-176c08493a251b1cffbfa79b959fb7b7\">\n#top .flex_column.av-kuwsdq46-176c08493a251b1cffbfa79b959fb7b7{\nmargin-top:0px;\nmargin-bottom:0px;\n}\n.flex_column.av-kuwsdq46-176c08493a251b1cffbfa79b959fb7b7{\n-webkit-border-radius:0px 0px 0px 0px;\n-moz-border-radius:0px 0px 0px 0px;\nborder-radius:0px 0px 0px 0px;\npadding:0px 0px 0px 0px;\n}\n.responsive #top #wrap_all .flex_column.av-kuwsdq46-176c08493a251b1cffbfa79b959fb7b7{\nmargin-top:0px;\nmargin-bottom:0px;\n}\n<\/style>\n<div class='flex_column av-kuwsdq46-176c08493a251b1cffbfa79b959fb7b7 av_one_half  avia-builder-el-4  el_after_av_one_full  el_before_av_one_half  first flex_column_div av-zero-column-padding column-top-margin'     ><section  class='av_textblock_section av-kuwsbjca-7d43088ec40e610bab04daa930b1d90a'  itemscope=\"itemscope\" itemtype=\"https:\/\/schema.org\/CreativeWork\" ><div class='avia_textblock'  itemprop=\"text\" ><p>Ticari orta\u011f\u0131m\u0131z, T\u00fcrkiye&#8217;nin en cok taninan kontrol ve g\u00fc\u00e7 kabini \u00fcreticilerinden biridir. End\u00fcstriyel ve \u00f6zel kullanim i\u00e7in tasarlanan dolaplar her t\u00fcr ve boyutta \u00fcretilebilir. Dolaplar\u0131n montaj\u0131 d\u00fcnya \u00e7ap\u0131nda bilinen bile\u015fenlerle ve CE standartlar\u0131na g\u00f6re \u00fcretilmektedir.<\/p>\n<p>\u0130\u00e7 mek\u00e2nda veya d\u0131\u015f mekanlarda kullan\u0131labilen \u00e7e\u015fitli dolap varyasyonlar\u0131 mevcuttur. Ayr\u0131ca, kabinlere ek olarak, orta\u011f\u0131m\u0131z\u0131n \u00fcretim portf\u00f6y\u00fcnde paslanmaz \u00e7elik veya PC&#8217;den \u00fcretilmi\u015f \u00e7e\u015fitli pult dolaplar\u0131 da bulunmaktad\u0131r.<\/p>\n<\/div><\/section><\/div>\n\n<style type=\"text\/css\" data-created_by=\"avia_inline_auto\" id=\"style-css-av-qieka-af1deb131270f2aaa6d8eaa0ac8ce8aa\">\n#top .flex_column.av-qieka-af1deb131270f2aaa6d8eaa0ac8ce8aa{\nmargin-top:0px;\nmargin-bottom:0px;\n}\n.flex_column.av-qieka-af1deb131270f2aaa6d8eaa0ac8ce8aa{\n-webkit-border-radius:0px 0px 0px 0px;\n-moz-border-radius:0px 0px 0px 0px;\nborder-radius:0px 0px 0px 0px;\npadding:0px 0px 0px 0px;\n}\n.responsive #top #wrap_all .flex_column.av-qieka-af1deb131270f2aaa6d8eaa0ac8ce8aa{\nmargin-top:0px;\nmargin-bottom:0px;\n}\n<\/style>\n<div class='flex_column av-qieka-af1deb131270f2aaa6d8eaa0ac8ce8aa av_one_half  avia-builder-el-6  el_after_av_one_half  el_before_av_one_full  flex_column_div av-zero-column-padding column-top-margin'     ><section  class='av_textblock_section av-le6ma-d9357c3f1a037266d99ebe0dd516e58a'  itemscope=\"itemscope\" itemtype=\"https:\/\/schema.org\/CreativeWork\" ><div class='avia_textblock'  itemprop=\"text\" ><ul>\n<li>Monoblok duvar tipi panolar<\/li>\n<li>Dikili tip panolar<\/li>\n<li>Pult tipi panolar<\/li>\n<li>Klemens kutulari<\/li>\n<li>Harici tip panolar<\/li>\n<li>paslanmaz panolar<\/li>\n<li>PC Kabin<\/li>\n<li>Aksesuarlar<\/li>\n<\/ul>\n<\/div><\/section><\/div>\n\n<style type=\"text\/css\" data-created_by=\"avia_inline_auto\" id=\"style-css-av-d8vz6-d2c1fb335b119fa671ee2c5ba56235c4\">\n.flex_column.av-d8vz6-d2c1fb335b119fa671ee2c5ba56235c4{\n-webkit-border-radius:0px 0px 0px 0px;\n-moz-border-radius:0px 0px 0px 0px;\nborder-radius:0px 0px 0px 0px;\npadding:0px 0px 0px 0px;\n}\n<\/style>\n<div class='flex_column av-d8vz6-d2c1fb335b119fa671ee2c5ba56235c4 av_one_full  avia-builder-el-8  el_after_av_one_half  avia-builder-el-last  first flex_column_div av-zero-column-padding column-top-margin'     ><div  class='avia-slideshow av-bbakq-84539c8ed44eafc0d79b9f51cf6f6e79 avia-slideshow-no scaling av_slideshow avia-slide-slider  avia-builder-el-9  avia-builder-el-no-sibling  av-slideshow-ui av-control-default av-slideshow-manual av-loop-once av-loop-manual-endless av-default-height-applied avia-slideshow-2' data-slideshow-options=\"{&quot;animation&quot;:&quot;slide&quot;,&quot;autoplay&quot;:false,&quot;loop_autoplay&quot;:&quot;once&quot;,&quot;interval&quot;:5,&quot;loop_manual&quot;:&quot;manual-endless&quot;,&quot;autoplay_stopper&quot;:false,&quot;noNavigation&quot;:false,&quot;bg_slider&quot;:false,&quot;keep_padding&quot;:false,&quot;hoverpause&quot;:false,&quot;show_slide_delay&quot;:0}\"  itemprop=\"image\" itemscope=\"itemscope\" itemtype=\"https:\/\/schema.org\/ImageObject\" ><ul class='avia-slideshow-inner ' style='padding-bottom: 63.333333333333%;'><li  class='avia-slideshow-slide av-bbakq-84539c8ed44eafc0d79b9f51cf6f6e79__0  slide-1 slide-odd'><div data-rel='slideshow-2' class='avia-slide-wrap '   ><img decoding=\"async\" class=\"wp-image-965 avia-img-lazy-loading-not-965\"  src=\"https:\/\/bey-s.com\/wp-content\/uploads\/2021\/10\/schaltschraenke-beys-1.jpg\" width=\"1500\" height=\"950\" title='schaltschraenke-beys-1' alt=''  itemprop=\"thumbnailUrl\" srcset=\"https:\/\/bey-s.com\/wp-content\/uploads\/2021\/10\/schaltschraenke-beys-1.jpg 1500w, https:\/\/bey-s.com\/wp-content\/uploads\/2021\/10\/schaltschraenke-beys-1-300x190.jpg 300w, https:\/\/bey-s.com\/wp-content\/uploads\/2021\/10\/schaltschraenke-beys-1-1030x652.jpg 1030w, https:\/\/bey-s.com\/wp-content\/uploads\/2021\/10\/schaltschraenke-beys-1-768x486.jpg 768w, https:\/\/bey-s.com\/wp-content\/uploads\/2021\/10\/schaltschraenke-beys-1-705x447.jpg 705w\" sizes=\"(max-width: 1500px) 100vw, 1500px\" \/><\/div><\/li><li  class='avia-slideshow-slide av-bbakq-84539c8ed44eafc0d79b9f51cf6f6e79__1  slide-2 slide-even'><div data-rel='slideshow-2' class='avia-slide-wrap '   ><img decoding=\"async\" class=\"wp-image-967 avia-img-lazy-loading-not-967\"  src=\"https:\/\/bey-s.com\/wp-content\/uploads\/2021\/10\/schaltschraenke-beys-2.jpg\" width=\"1500\" height=\"950\" title='schaltschraenke-beys-2' alt=''  itemprop=\"thumbnailUrl\" srcset=\"https:\/\/bey-s.com\/wp-content\/uploads\/2021\/10\/schaltschraenke-beys-2.jpg 1500w, https:\/\/bey-s.com\/wp-content\/uploads\/2021\/10\/schaltschraenke-beys-2-300x190.jpg 300w, https:\/\/bey-s.com\/wp-content\/uploads\/2021\/10\/schaltschraenke-beys-2-1030x652.jpg 1030w, https:\/\/bey-s.com\/wp-content\/uploads\/2021\/10\/schaltschraenke-beys-2-768x486.jpg 768w, https:\/\/bey-s.com\/wp-content\/uploads\/2021\/10\/schaltschraenke-beys-2-705x447.jpg 705w\" sizes=\"(max-width: 1500px) 100vw, 1500px\" \/><\/div><\/li><li  class='avia-slideshow-slide av-bbakq-84539c8ed44eafc0d79b9f51cf6f6e79__2  slide-3 slide-odd'><div data-rel='slideshow-2' class='avia-slide-wrap '   ><img decoding=\"async\" class=\"wp-image-981 avia-img-lazy-loading-not-981\"  src=\"https:\/\/bey-s.com\/wp-content\/uploads\/2021\/10\/schaltschraenke-beys-9.jpg\" width=\"1500\" height=\"950\" title='schaltschraenke-beys-9' alt=''  itemprop=\"thumbnailUrl\" srcset=\"https:\/\/bey-s.com\/wp-content\/uploads\/2021\/10\/schaltschraenke-beys-9.jpg 1500w, https:\/\/bey-s.com\/wp-content\/uploads\/2021\/10\/schaltschraenke-beys-9-300x190.jpg 300w, https:\/\/bey-s.com\/wp-content\/uploads\/2021\/10\/schaltschraenke-beys-9-1030x652.jpg 1030w, https:\/\/bey-s.com\/wp-content\/uploads\/2021\/10\/schaltschraenke-beys-9-768x486.jpg 768w, https:\/\/bey-s.com\/wp-content\/uploads\/2021\/10\/schaltschraenke-beys-9-705x447.jpg 705w\" sizes=\"(max-width: 1500px) 100vw, 1500px\" \/><\/div><\/li><li  class='avia-slideshow-slide av-bbakq-84539c8ed44eafc0d79b9f51cf6f6e79__3  slide-4 slide-even'><div data-rel='slideshow-2' class='avia-slide-wrap '   ><img decoding=\"async\" class=\"wp-image-963 avia-img-lazy-loading-not-963\"  src=\"https:\/\/bey-s.com\/wp-content\/uploads\/2021\/10\/schaltschraenke-beys-11.jpg\" width=\"1500\" height=\"950\" title='schaltschraenke-beys-11' alt=''  itemprop=\"thumbnailUrl\" srcset=\"https:\/\/bey-s.com\/wp-content\/uploads\/2021\/10\/schaltschraenke-beys-11.jpg 1500w, https:\/\/bey-s.com\/wp-content\/uploads\/2021\/10\/schaltschraenke-beys-11-300x190.jpg 300w, https:\/\/bey-s.com\/wp-content\/uploads\/2021\/10\/schaltschraenke-beys-11-1030x652.jpg 1030w, https:\/\/bey-s.com\/wp-content\/uploads\/2021\/10\/schaltschraenke-beys-11-768x486.jpg 768w, https:\/\/bey-s.com\/wp-content\/uploads\/2021\/10\/schaltschraenke-beys-11-705x447.jpg 705w\" sizes=\"(max-width: 1500px) 100vw, 1500px\" \/><\/div><\/li><li  class='avia-slideshow-slide av-bbakq-84539c8ed44eafc0d79b9f51cf6f6e79__4  slide-5 slide-odd'><div data-rel='slideshow-2' class='avia-slide-wrap '   ><img decoding=\"async\" class=\"wp-image-979 avia-img-lazy-loading-not-979\"  src=\"https:\/\/bey-s.com\/wp-content\/uploads\/2021\/10\/schaltschraenke-beys-8.jpg\" width=\"1500\" height=\"950\" title='schaltschraenke-beys-8' alt=''  itemprop=\"thumbnailUrl\" srcset=\"https:\/\/bey-s.com\/wp-content\/uploads\/2021\/10\/schaltschraenke-beys-8.jpg 1500w, https:\/\/bey-s.com\/wp-content\/uploads\/2021\/10\/schaltschraenke-beys-8-300x190.jpg 300w, https:\/\/bey-s.com\/wp-content\/uploads\/2021\/10\/schaltschraenke-beys-8-1030x652.jpg 1030w, https:\/\/bey-s.com\/wp-content\/uploads\/2021\/10\/schaltschraenke-beys-8-768x486.jpg 768w, https:\/\/bey-s.com\/wp-content\/uploads\/2021\/10\/schaltschraenke-beys-8-705x447.jpg 705w\" sizes=\"(max-width: 1500px) 100vw, 1500px\" \/><\/div><\/li><li  class='avia-slideshow-slide av-bbakq-84539c8ed44eafc0d79b9f51cf6f6e79__5  slide-6 slide-even'><div data-rel='slideshow-2' class='avia-slide-wrap '   ><img decoding=\"async\" class=\"wp-image-975 avia-img-lazy-loading-not-975\"  src=\"https:\/\/bey-s.com\/wp-content\/uploads\/2021\/10\/schaltschraenke-beys-6.jpg\" width=\"1500\" height=\"950\" title='schaltschraenke-beys-6' alt=''  itemprop=\"thumbnailUrl\" srcset=\"https:\/\/bey-s.com\/wp-content\/uploads\/2021\/10\/schaltschraenke-beys-6.jpg 1500w, https:\/\/bey-s.com\/wp-content\/uploads\/2021\/10\/schaltschraenke-beys-6-300x190.jpg 300w, https:\/\/bey-s.com\/wp-content\/uploads\/2021\/10\/schaltschraenke-beys-6-1030x652.jpg 1030w, https:\/\/bey-s.com\/wp-content\/uploads\/2021\/10\/schaltschraenke-beys-6-768x486.jpg 768w, https:\/\/bey-s.com\/wp-content\/uploads\/2021\/10\/schaltschraenke-beys-6-705x447.jpg 705w\" sizes=\"(max-width: 1500px) 100vw, 1500px\" \/><\/div><\/li><li  class='avia-slideshow-slide av-bbakq-84539c8ed44eafc0d79b9f51cf6f6e79__6  slide-7 slide-odd'><div data-rel='slideshow-2' class='avia-slide-wrap '   ><img decoding=\"async\" class=\"wp-image-977 avia-img-lazy-loading-not-977\"  src=\"https:\/\/bey-s.com\/wp-content\/uploads\/2021\/10\/schaltschraenke-beys-7.jpg\" width=\"1500\" height=\"950\" title='schaltschraenke-beys-7' alt=''  itemprop=\"thumbnailUrl\" srcset=\"https:\/\/bey-s.com\/wp-content\/uploads\/2021\/10\/schaltschraenke-beys-7.jpg 1500w, https:\/\/bey-s.com\/wp-content\/uploads\/2021\/10\/schaltschraenke-beys-7-300x190.jpg 300w, https:\/\/bey-s.com\/wp-content\/uploads\/2021\/10\/schaltschraenke-beys-7-1030x652.jpg 1030w, https:\/\/bey-s.com\/wp-content\/uploads\/2021\/10\/schaltschraenke-beys-7-768x486.jpg 768w, https:\/\/bey-s.com\/wp-content\/uploads\/2021\/10\/schaltschraenke-beys-7-705x447.jpg 705w\" sizes=\"(max-width: 1500px) 100vw, 1500px\" \/><\/div><\/li><li  class='avia-slideshow-slide av-bbakq-84539c8ed44eafc0d79b9f51cf6f6e79__7  slide-8 slide-even'><div data-rel='slideshow-2' class='avia-slide-wrap '   ><img decoding=\"async\" class=\"wp-image-971 avia-img-lazy-loading-not-971\"  src=\"https:\/\/bey-s.com\/wp-content\/uploads\/2021\/10\/schaltschraenke-beys-4.jpg\" width=\"1500\" height=\"950\" title='schaltschraenke-beys-4' alt=''  itemprop=\"thumbnailUrl\" srcset=\"https:\/\/bey-s.com\/wp-content\/uploads\/2021\/10\/schaltschraenke-beys-4.jpg 1500w, https:\/\/bey-s.com\/wp-content\/uploads\/2021\/10\/schaltschraenke-beys-4-300x190.jpg 300w, https:\/\/bey-s.com\/wp-content\/uploads\/2021\/10\/schaltschraenke-beys-4-1030x652.jpg 1030w, https:\/\/bey-s.com\/wp-content\/uploads\/2021\/10\/schaltschraenke-beys-4-768x486.jpg 768w, https:\/\/bey-s.com\/wp-content\/uploads\/2021\/10\/schaltschraenke-beys-4-705x447.jpg 705w\" sizes=\"(max-width: 1500px) 100vw, 1500px\" \/><\/div><\/li><li  class='avia-slideshow-slide av-bbakq-84539c8ed44eafc0d79b9f51cf6f6e79__8  slide-9 slide-odd'><div data-rel='slideshow-2' class='avia-slide-wrap '   ><img decoding=\"async\" class=\"wp-image-969 avia-img-lazy-loading-not-969\"  src=\"https:\/\/bey-s.com\/wp-content\/uploads\/2021\/10\/schaltschraenke-beys-3.jpg\" width=\"1500\" height=\"950\" title='schaltschraenke-beys-3' alt=''  itemprop=\"thumbnailUrl\" srcset=\"https:\/\/bey-s.com\/wp-content\/uploads\/2021\/10\/schaltschraenke-beys-3.jpg 1500w, https:\/\/bey-s.com\/wp-content\/uploads\/2021\/10\/schaltschraenke-beys-3-300x190.jpg 300w, https:\/\/bey-s.com\/wp-content\/uploads\/2021\/10\/schaltschraenke-beys-3-1030x652.jpg 1030w, https:\/\/bey-s.com\/wp-content\/uploads\/2021\/10\/schaltschraenke-beys-3-768x486.jpg 768w, https:\/\/bey-s.com\/wp-content\/uploads\/2021\/10\/schaltschraenke-beys-3-705x447.jpg 705w\" sizes=\"(max-width: 1500px) 100vw, 1500px\" \/><\/div><\/li><\/ul><div class='avia-slideshow-arrows avia-slideshow-controls' ><a href='#prev' class='prev-slide ' aria-hidden='true' data-av_icon='\ue87c' data-av_iconfont='entypo-fontello'  tabindex='-1'>\u00d6nceki<\/a><a href='#next' class='next-slide ' aria-hidden='true' data-av_icon='\ue87d' data-av_iconfont='entypo-fontello'  tabindex='-1'>Sonraki<\/a><\/div><div class='avia-slideshow-dots avia-slideshow-controls'><a href='#1' class='goto-slide active' >1<\/a><a href='#2' class='goto-slide ' >2<\/a><a href='#3' class='goto-slide ' >3<\/a><a href='#4' class='goto-slide ' >4<\/a><a href='#5' class='goto-slide ' >5<\/a><a href='#6' class='goto-slide ' >6<\/a><a href='#7' class='goto-slide ' >7<\/a><a href='#8' class='goto-slide ' >8<\/a><a href='#9' class='goto-slide ' >9<\/a><\/div><\/div><\/div>\n","protected":false},"excerpt":{"rendered":"","protected":false},"author":1,"featured_media":0,"parent":562,"menu_order":0,"comment_status":"closed","ping_status":"closed","template":"","meta":{"footnotes":""},"class_list":["post-861","page","type-page","status-publish","hentry"],"yoast_head":"<!-- This site is optimized with the Yoast SEO plugin v26.7 - https:\/\/yoast.com\/wordpress\/plugins\/seo\/ -->\n<title>Kontrol ve g\u00fc\u00e7 kabinleri i\u00e7in end\u00fcstriyel dolaplar - BEY&#039;s<\/title>\n<meta name=\"robots\" content=\"index, follow, max-snippet:-1, max-image-preview:large, max-video-preview:-1\" \/>\n<link rel=\"canonical\" href=\"https:\/\/bey-s.com\/tr\/urunlerimiz\/kontrol-ve-guec-kabinleri-icin-enduestriyel-dolaplar\/\" \/>\n<meta property=\"og:locale\" content=\"tr_TR\" \/>\n<meta property=\"og:type\" content=\"article\" \/>\n<meta property=\"og:title\" content=\"Kontrol ve g\u00fc\u00e7 kabinleri i\u00e7in end\u00fcstriyel dolaplar - BEY&#039;s\" \/>\n<meta property=\"og:url\" content=\"https:\/\/bey-s.com\/tr\/urunlerimiz\/kontrol-ve-guec-kabinleri-icin-enduestriyel-dolaplar\/\" \/>\n<meta property=\"og:site_name\" content=\"BEY&#039;s\" \/>\n<meta property=\"article:modified_time\" content=\"2021-11-08T15:19:48+00:00\" \/>\n<meta name=\"twitter:card\" content=\"summary_large_image\" \/>\n<meta name=\"twitter:label1\" content=\"Tahmini okuma s\u00fcresi\" \/>\n\t<meta name=\"twitter:data1\" content=\"4 dakika\" \/>\n<script type=\"application\/ld+json\" class=\"yoast-schema-graph\">{\"@context\":\"https:\/\/schema.org\",\"@graph\":[{\"@type\":\"WebPage\",\"@id\":\"https:\/\/bey-s.com\/tr\/urunlerimiz\/kontrol-ve-guec-kabinleri-icin-enduestriyel-dolaplar\/\",\"url\":\"https:\/\/bey-s.com\/tr\/urunlerimiz\/kontrol-ve-guec-kabinleri-icin-enduestriyel-dolaplar\/\",\"name\":\"Kontrol ve g\u00fc\u00e7 kabinleri i\u00e7in end\u00fcstriyel dolaplar - BEY&#039;s\",\"isPartOf\":{\"@id\":\"https:\/\/bey-s.com\/tr\/#website\"},\"datePublished\":\"2021-10-22T14:33:25+00:00\",\"dateModified\":\"2021-11-08T15:19:48+00:00\",\"breadcrumb\":{\"@id\":\"https:\/\/bey-s.com\/tr\/urunlerimiz\/kontrol-ve-guec-kabinleri-icin-enduestriyel-dolaplar\/#breadcrumb\"},\"inLanguage\":\"tr\",\"potentialAction\":[{\"@type\":\"ReadAction\",\"target\":[\"https:\/\/bey-s.com\/tr\/urunlerimiz\/kontrol-ve-guec-kabinleri-icin-enduestriyel-dolaplar\/\"]}]},{\"@type\":\"BreadcrumbList\",\"@id\":\"https:\/\/bey-s.com\/tr\/urunlerimiz\/kontrol-ve-guec-kabinleri-icin-enduestriyel-dolaplar\/#breadcrumb\",\"itemListElement\":[{\"@type\":\"ListItem\",\"position\":1,\"name\":\"Home\",\"item\":\"https:\/\/bey-s.com\/tr\/\"},{\"@type\":\"ListItem\",\"position\":2,\"name\":\"Produkte\",\"item\":\"https:\/\/bey-s.com\/tr\/urunlerimiz\/\"},{\"@type\":\"ListItem\",\"position\":3,\"name\":\"Industrielle Schaltanlagen f\u00fcr Steuer- und Leistungsschr\u00e4nke\"}]},{\"@type\":\"WebSite\",\"@id\":\"https:\/\/bey-s.com\/tr\/#website\",\"url\":\"https:\/\/bey-s.com\/tr\/\",\"name\":\"BEY&#039;s\",\"description\":\"\",\"potentialAction\":[{\"@type\":\"SearchAction\",\"target\":{\"@type\":\"EntryPoint\",\"urlTemplate\":\"https:\/\/bey-s.com\/tr\/?s={search_term_string}\"},\"query-input\":{\"@type\":\"PropertyValueSpecification\",\"valueRequired\":true,\"valueName\":\"search_term_string\"}}],\"inLanguage\":\"tr\"}]}<\/script>\n<!-- \/ Yoast SEO plugin. -->","yoast_head_json":{"title":"Kontrol ve g\u00fc\u00e7 kabinleri i\u00e7in end\u00fcstriyel dolaplar - BEY&#039;s","robots":{"index":"index","follow":"follow","max-snippet":"max-snippet:-1","max-image-preview":"max-image-preview:large","max-video-preview":"max-video-preview:-1"},"canonical":"https:\/\/bey-s.com\/tr\/urunlerimiz\/kontrol-ve-guec-kabinleri-icin-enduestriyel-dolaplar\/","og_locale":"tr_TR","og_type":"article","og_title":"Kontrol ve g\u00fc\u00e7 kabinleri i\u00e7in end\u00fcstriyel dolaplar - BEY&#039;s","og_url":"https:\/\/bey-s.com\/tr\/urunlerimiz\/kontrol-ve-guec-kabinleri-icin-enduestriyel-dolaplar\/","og_site_name":"BEY&#039;s","article_modified_time":"2021-11-08T15:19:48+00:00","twitter_card":"summary_large_image","twitter_misc":{"Tahmini okuma s\u00fcresi":"4 dakika"},"schema":{"@context":"https:\/\/schema.org","@graph":[{"@type":"WebPage","@id":"https:\/\/bey-s.com\/tr\/urunlerimiz\/kontrol-ve-guec-kabinleri-icin-enduestriyel-dolaplar\/","url":"https:\/\/bey-s.com\/tr\/urunlerimiz\/kontrol-ve-guec-kabinleri-icin-enduestriyel-dolaplar\/","name":"Kontrol ve g\u00fc\u00e7 kabinleri i\u00e7in end\u00fcstriyel dolaplar - BEY&#039;s","isPartOf":{"@id":"https:\/\/bey-s.com\/tr\/#website"},"datePublished":"2021-10-22T14:33:25+00:00","dateModified":"2021-11-08T15:19:48+00:00","breadcrumb":{"@id":"https:\/\/bey-s.com\/tr\/urunlerimiz\/kontrol-ve-guec-kabinleri-icin-enduestriyel-dolaplar\/#breadcrumb"},"inLanguage":"tr","potentialAction":[{"@type":"ReadAction","target":["https:\/\/bey-s.com\/tr\/urunlerimiz\/kontrol-ve-guec-kabinleri-icin-enduestriyel-dolaplar\/"]}]},{"@type":"BreadcrumbList","@id":"https:\/\/bey-s.com\/tr\/urunlerimiz\/kontrol-ve-guec-kabinleri-icin-enduestriyel-dolaplar\/#breadcrumb","itemListElement":[{"@type":"ListItem","position":1,"name":"Home","item":"https:\/\/bey-s.com\/tr\/"},{"@type":"ListItem","position":2,"name":"Produkte","item":"https:\/\/bey-s.com\/tr\/urunlerimiz\/"},{"@type":"ListItem","position":3,"name":"Industrielle Schaltanlagen f\u00fcr Steuer- und Leistungsschr\u00e4nke"}]},{"@type":"WebSite","@id":"https:\/\/bey-s.com\/tr\/#website","url":"https:\/\/bey-s.com\/tr\/","name":"BEY&#039;s","description":"","potentialAction":[{"@type":"SearchAction","target":{"@type":"EntryPoint","urlTemplate":"https:\/\/bey-s.com\/tr\/?s={search_term_string}"},"query-input":{"@type":"PropertyValueSpecification","valueRequired":true,"valueName":"search_term_string"}}],"inLanguage":"tr"}]}},"_links":{"self":[{"href":"https:\/\/bey-s.com\/tr\/wp-json\/wp\/v2\/pages\/861","targetHints":{"allow":["GET"]}}],"collection":[{"href":"https:\/\/bey-s.com\/tr\/wp-json\/wp\/v2\/pages"}],"about":[{"href":"https:\/\/bey-s.com\/tr\/wp-json\/wp\/v2\/types\/page"}],"author":[{"embeddable":true,"href":"https:\/\/bey-s.com\/tr\/wp-json\/wp\/v2\/users\/1"}],"replies":[{"embeddable":true,"href":"https:\/\/bey-s.com\/tr\/wp-json\/wp\/v2\/comments?post=861"}],"version-history":[{"count":9,"href":"https:\/\/bey-s.com\/tr\/wp-json\/wp\/v2\/pages\/861\/revisions"}],"predecessor-version":[{"id":1225,"href":"https:\/\/bey-s.com\/tr\/wp-json\/wp\/v2\/pages\/861\/revisions\/1225"}],"up":[{"embeddable":true,"href":"https:\/\/bey-s.com\/tr\/wp-json\/wp\/v2\/pages\/562"}],"wp:attachment":[{"href":"https:\/\/bey-s.com\/tr\/wp-json\/wp\/v2\/media?parent=861"}],"curies":[{"name":"wp","href":"https:\/\/api.w.org\/{rel}","templated":true}]}}