{"id":859,"date":"2021-10-22T16:33:05","date_gmt":"2021-10-22T14:33:05","guid":{"rendered":"https:\/\/bey-s.com\/urunlerimiz\/rohr-und-profilbearbeitung\/"},"modified":"2021-11-08T16:11:34","modified_gmt":"2021-11-08T15:11:34","slug":"boru-ve-profil-isleme","status":"publish","type":"page","link":"https:\/\/bey-s.com\/tr\/urunlerimiz\/boru-ve-profil-isleme\/","title":{"rendered":"Rohr- und Profilbearbeitung"},"content":{"rendered":"<div  class='avia-slideshow av-kuwqk4on-7631b9aa1f9761d67737a10a69486764 avia-slideshow-featured av_slideshow avia-slide-slider  avia-builder-el-0  el_before_av_one_full  avia-builder-el-first  av-slideshow-ui av-control-default av-slideshow-manual av-loop-once av-loop-manual-endless av-default-height-applied avia-slideshow-1' data-slideshow-options=\"{&quot;animation&quot;:&quot;slide&quot;,&quot;autoplay&quot;:false,&quot;loop_autoplay&quot;:&quot;once&quot;,&quot;interval&quot;:5,&quot;loop_manual&quot;:&quot;manual-endless&quot;,&quot;autoplay_stopper&quot;:false,&quot;noNavigation&quot;:false,&quot;bg_slider&quot;:false,&quot;keep_padding&quot;:false,&quot;hoverpause&quot;:false,&quot;show_slide_delay&quot;:0}\"  itemprop=\"image\" itemscope=\"itemscope\" itemtype=\"https:\/\/schema.org\/ImageObject\" ><ul class='avia-slideshow-inner ' style='padding-bottom: 28.666666666667%;'><li  class='avia-slideshow-slide av-kuwqk4on-7631b9aa1f9761d67737a10a69486764__0  av-single-slide slide-1 slide-odd'><div data-rel='slideshow-1' class='avia-slide-wrap '   ><img decoding=\"async\" class=\"wp-image-878 avia-img-lazy-loading-not-878\"  src=\"https:\/\/bey-s.com\/wp-content\/uploads\/2021\/10\/rohr-profilbearbeitung-beys-1.jpg\" width=\"1500\" height=\"430\" title='rohr-profilbearbeitung-beys' alt=''  itemprop=\"thumbnailUrl\" srcset=\"https:\/\/bey-s.com\/wp-content\/uploads\/2021\/10\/rohr-profilbearbeitung-beys-1.jpg 1500w, https:\/\/bey-s.com\/wp-content\/uploads\/2021\/10\/rohr-profilbearbeitung-beys-1-300x86.jpg 300w, https:\/\/bey-s.com\/wp-content\/uploads\/2021\/10\/rohr-profilbearbeitung-beys-1-1030x295.jpg 1030w, https:\/\/bey-s.com\/wp-content\/uploads\/2021\/10\/rohr-profilbearbeitung-beys-1-768x220.jpg 768w, https:\/\/bey-s.com\/wp-content\/uploads\/2021\/10\/rohr-profilbearbeitung-beys-1-705x202.jpg 705w\" sizes=\"(max-width: 1500px) 100vw, 1500px\" \/><\/div><\/li><\/ul><\/div>\n\n<style type=\"text\/css\" data-created_by=\"avia_inline_auto\" id=\"style-css-av-1bcym4-b46c27b3b80075bcd9c6fba446c0041b\">\n.flex_column.av-1bcym4-b46c27b3b80075bcd9c6fba446c0041b{\n-webkit-border-radius:0px 0px 0px 0px;\n-moz-border-radius:0px 0px 0px 0px;\nborder-radius:0px 0px 0px 0px;\npadding:0px 0px 0px 0px;\n}\n<\/style>\n<div class='flex_column av-1bcym4-b46c27b3b80075bcd9c6fba446c0041b av_one_full  avia-builder-el-1  el_after_av_slideshow  el_before_av_one_half  first flex_column_div av-zero-column-padding '     ><p>\n<style type=\"text\/css\" data-created_by=\"avia_inline_auto\" id=\"style-css-av-kuwqndhi-5d9613a92ca7ff7837a00cb48d20fd61\">\n#top .av-special-heading.av-kuwqndhi-5d9613a92ca7ff7837a00cb48d20fd61{\npadding-bottom:10px;\n}\nbody .av-special-heading.av-kuwqndhi-5d9613a92ca7ff7837a00cb48d20fd61 .av-special-heading-tag .heading-char{\nfont-size:25px;\n}\n.av-special-heading.av-kuwqndhi-5d9613a92ca7ff7837a00cb48d20fd61 .av-subheading{\nfont-size:15px;\n}\n<\/style>\n<div  class='av-special-heading av-kuwqndhi-5d9613a92ca7ff7837a00cb48d20fd61 av-special-heading-h2  avia-builder-el-2  el_before_av_hr  avia-builder-el-first '><h2 class='av-special-heading-tag'  itemprop=\"headline\"  >Boru ve Profil i\u015fleme<\/h2><div class=\"special-heading-border\"><div class=\"special-heading-inner-border\"><\/div><\/div><\/div><br \/>\n\n<style type=\"text\/css\" data-created_by=\"avia_inline_auto\" id=\"style-css-av-kuwqof59-67b0857bb1006a474e44a1a38fb853b2\">\n#top .hr.av-kuwqof59-67b0857bb1006a474e44a1a38fb853b2{\nmargin-top:10px;\nmargin-bottom:10px;\n}\n.hr.av-kuwqof59-67b0857bb1006a474e44a1a38fb853b2 .hr-inner{\nwidth:50px;\nborder-color:#efbb20;\n}\n<\/style>\n<div  class='hr av-kuwqof59-67b0857bb1006a474e44a1a38fb853b2 hr-custom  avia-builder-el-3  el_after_av_heading  avia-builder-el-last  hr-left hr-icon-no'><span class='hr-inner inner-border-av-border-fat'><span class=\"hr-inner-style\"><\/span><\/span><\/div><\/p><\/div>\n\n<style type=\"text\/css\" data-created_by=\"avia_inline_auto\" id=\"style-css-av-11c99w-52f46490e9e1c60a287ac00a63af6ada\">\n#top .flex_column.av-11c99w-52f46490e9e1c60a287ac00a63af6ada{\nmargin-top:0px;\nmargin-bottom:0px;\n}\n.flex_column.av-11c99w-52f46490e9e1c60a287ac00a63af6ada{\n-webkit-border-radius:0px 0px 0px 0px;\n-moz-border-radius:0px 0px 0px 0px;\nborder-radius:0px 0px 0px 0px;\npadding:0px 0px 0px 0px;\n}\n.responsive #top #wrap_all .flex_column.av-11c99w-52f46490e9e1c60a287ac00a63af6ada{\nmargin-top:0px;\nmargin-bottom:0px;\n}\n<\/style>\n<div class='flex_column av-11c99w-52f46490e9e1c60a287ac00a63af6ada av_one_half  avia-builder-el-4  el_after_av_one_full  el_before_av_one_half  first flex_column_div av-zero-column-padding column-top-margin'     ><section  class='av_textblock_section av-kuwqs8pd-6e57d1cce7648e3d6601ba1c99f72c4d'  itemscope=\"itemscope\" itemtype=\"https:\/\/schema.org\/CreativeWork\" ><div class='avia_textblock'  itemprop=\"text\" ><p>Ticaret ortaklar\u0131m\u0131z, borular\u0131n, profillerin end\u00fcstriyel so\u011fuk \u015fekillendirme ve di\u011fer i\u015flemlerinde alanlar\u0131nda uzmand\u0131rlar. Farkl\u0131 \u00e7aplar ve metal kal\u0131nl\u0131klar\u0131 i\u015flenebilir. \u0130\u015fleme, end\u00fcstriyel seri \u00fcretimden, deneyimli eller taraf\u0131ndan en y\u00fcksek form ve kalitede \u00fcretilen bireysel par\u00e7a \u00fcretimine kadar uzan\u0131r.<\/p>\n<p>Kesme, Kaynak, Delme, Kaplama veya Montaj gibi t\u00fcm i\u015flemler talepleriniz do\u011frultusunda \u00fcretilir.<\/p>\n<\/div><\/section><\/div>\n\n<style type=\"text\/css\" data-created_by=\"avia_inline_auto\" id=\"style-css-av-3i7qk-a7709389af6bb8b609a80846a8b04865\">\n#top .flex_column.av-3i7qk-a7709389af6bb8b609a80846a8b04865{\nmargin-top:0px;\nmargin-bottom:0px;\n}\n.flex_column.av-3i7qk-a7709389af6bb8b609a80846a8b04865{\n-webkit-border-radius:0px 0px 0px 0px;\n-moz-border-radius:0px 0px 0px 0px;\nborder-radius:0px 0px 0px 0px;\npadding:0px 0px 0px 0px;\n}\n.responsive #top #wrap_all .flex_column.av-3i7qk-a7709389af6bb8b609a80846a8b04865{\nmargin-top:0px;\nmargin-bottom:0px;\n}\n<\/style>\n<div class='flex_column av-3i7qk-a7709389af6bb8b609a80846a8b04865 av_one_half  avia-builder-el-6  el_after_av_one_half  el_before_av_one_full  flex_column_div av-zero-column-padding column-top-margin'     ><section  class='av_textblock_section av-kuwqt2kb-325821553fb3d99ad4978633472c6a1d'  itemscope=\"itemscope\" itemtype=\"https:\/\/schema.org\/CreativeWork\" ><div class='avia_textblock'  itemprop=\"text\" ><ul>\n<li>Kesme<\/li>\n<li>Bi\u00e7me<\/li>\n<li>B\u00fckme<\/li>\n<li>Delme<\/li>\n<li>Kaynak<\/li>\n<li>Ta\u015flama<\/li>\n<li>Montaj<\/li>\n<\/ul>\n<\/div><\/section><\/div>\n\n<style type=\"text\/css\" data-created_by=\"avia_inline_auto\" id=\"style-css-av-p3hzo-32bb7ee728942c553cf48fac88c33e78\">\n.flex_column.av-p3hzo-32bb7ee728942c553cf48fac88c33e78{\n-webkit-border-radius:0px 0px 0px 0px;\n-moz-border-radius:0px 0px 0px 0px;\nborder-radius:0px 0px 0px 0px;\npadding:0px 0px 0px 0px;\n}\n<\/style>\n<div class='flex_column av-p3hzo-32bb7ee728942c553cf48fac88c33e78 av_one_full  avia-builder-el-8  el_after_av_one_half  avia-builder-el-last  first flex_column_div av-zero-column-padding column-top-margin'     ><div  class='avia-slideshow av-kuwqyrkv-8d0968171115adb15de0b3920f5f87d7 avia-slideshow-no scaling av_slideshow avia-slide-slider  avia-builder-el-9  avia-builder-el-no-sibling  av-slideshow-ui av-control-default av-slideshow-manual av-loop-once av-loop-manual-endless av-default-height-applied avia-slideshow-2' data-slideshow-options=\"{&quot;animation&quot;:&quot;slide&quot;,&quot;autoplay&quot;:false,&quot;loop_autoplay&quot;:&quot;once&quot;,&quot;interval&quot;:5,&quot;loop_manual&quot;:&quot;manual-endless&quot;,&quot;autoplay_stopper&quot;:false,&quot;noNavigation&quot;:false,&quot;bg_slider&quot;:false,&quot;keep_padding&quot;:false,&quot;hoverpause&quot;:false,&quot;show_slide_delay&quot;:0}\"  itemprop=\"image\" itemscope=\"itemscope\" itemtype=\"https:\/\/schema.org\/ImageObject\" ><ul class='avia-slideshow-inner ' style='padding-bottom: 63.333333333333%;'><li  class='avia-slideshow-slide av-kuwqyrkv-8d0968171115adb15de0b3920f5f87d7__0  slide-1 slide-odd'><div data-rel='slideshow-2' class='avia-slide-wrap '   ><img decoding=\"async\" class=\"wp-image-919 avia-img-lazy-loading-not-919\"  src=\"https:\/\/bey-s.com\/wp-content\/uploads\/2021\/10\/rohr-profilbearbeitung-beys-2-1.jpg\" width=\"1500\" height=\"950\" title='rohr-profilbearbeitung-beys-2' alt=''  itemprop=\"thumbnailUrl\" srcset=\"https:\/\/bey-s.com\/wp-content\/uploads\/2021\/10\/rohr-profilbearbeitung-beys-2-1.jpg 1500w, https:\/\/bey-s.com\/wp-content\/uploads\/2021\/10\/rohr-profilbearbeitung-beys-2-1-300x190.jpg 300w, https:\/\/bey-s.com\/wp-content\/uploads\/2021\/10\/rohr-profilbearbeitung-beys-2-1-1030x652.jpg 1030w, https:\/\/bey-s.com\/wp-content\/uploads\/2021\/10\/rohr-profilbearbeitung-beys-2-1-768x486.jpg 768w, https:\/\/bey-s.com\/wp-content\/uploads\/2021\/10\/rohr-profilbearbeitung-beys-2-1-705x447.jpg 705w\" sizes=\"(max-width: 1500px) 100vw, 1500px\" \/><\/div><\/li><li  class='avia-slideshow-slide av-kuwqyrkv-8d0968171115adb15de0b3920f5f87d7__1  slide-2 slide-even'><div data-rel='slideshow-2' class='avia-slide-wrap '   ><img decoding=\"async\" class=\"wp-image-915 avia-img-lazy-loading-not-915\"  src=\"https:\/\/bey-s.com\/wp-content\/uploads\/2021\/10\/rohr-profilbearbeitung-beys-4.jpg\" width=\"1500\" height=\"950\" title='rohr-profilbearbeitung-beys-4' alt=''  itemprop=\"thumbnailUrl\" srcset=\"https:\/\/bey-s.com\/wp-content\/uploads\/2021\/10\/rohr-profilbearbeitung-beys-4.jpg 1500w, https:\/\/bey-s.com\/wp-content\/uploads\/2021\/10\/rohr-profilbearbeitung-beys-4-300x190.jpg 300w, https:\/\/bey-s.com\/wp-content\/uploads\/2021\/10\/rohr-profilbearbeitung-beys-4-1030x652.jpg 1030w, https:\/\/bey-s.com\/wp-content\/uploads\/2021\/10\/rohr-profilbearbeitung-beys-4-768x486.jpg 768w, https:\/\/bey-s.com\/wp-content\/uploads\/2021\/10\/rohr-profilbearbeitung-beys-4-705x447.jpg 705w\" sizes=\"(max-width: 1500px) 100vw, 1500px\" \/><\/div><\/li><li  class='avia-slideshow-slide av-kuwqyrkv-8d0968171115adb15de0b3920f5f87d7__2  slide-3 slide-odd'><div data-rel='slideshow-2' class='avia-slide-wrap '   ><img decoding=\"async\" class=\"wp-image-921 avia-img-lazy-loading-not-921\"  src=\"https:\/\/bey-s.com\/wp-content\/uploads\/2021\/10\/rohr-profilbearbeitung-beys-3-1.jpg\" width=\"1500\" height=\"950\" title='rohr-profilbearbeitung-beys-3' alt=''  itemprop=\"thumbnailUrl\" srcset=\"https:\/\/bey-s.com\/wp-content\/uploads\/2021\/10\/rohr-profilbearbeitung-beys-3-1.jpg 1500w, https:\/\/bey-s.com\/wp-content\/uploads\/2021\/10\/rohr-profilbearbeitung-beys-3-1-300x190.jpg 300w, https:\/\/bey-s.com\/wp-content\/uploads\/2021\/10\/rohr-profilbearbeitung-beys-3-1-1030x652.jpg 1030w, https:\/\/bey-s.com\/wp-content\/uploads\/2021\/10\/rohr-profilbearbeitung-beys-3-1-768x486.jpg 768w, https:\/\/bey-s.com\/wp-content\/uploads\/2021\/10\/rohr-profilbearbeitung-beys-3-1-705x447.jpg 705w\" sizes=\"(max-width: 1500px) 100vw, 1500px\" \/><\/div><\/li><li  class='avia-slideshow-slide av-kuwqyrkv-8d0968171115adb15de0b3920f5f87d7__3  slide-4 slide-even'><div data-rel='slideshow-2' class='avia-slide-wrap '   ><img decoding=\"async\" class=\"wp-image-917 avia-img-lazy-loading-not-917\"  src=\"https:\/\/bey-s.com\/wp-content\/uploads\/2021\/10\/rohr-profilbearbeitung-beys-3.jpg\" width=\"1500\" height=\"950\" title='rohr-profilbearbeitung-beys' alt=''  itemprop=\"thumbnailUrl\" srcset=\"https:\/\/bey-s.com\/wp-content\/uploads\/2021\/10\/rohr-profilbearbeitung-beys-3.jpg 1500w, https:\/\/bey-s.com\/wp-content\/uploads\/2021\/10\/rohr-profilbearbeitung-beys-3-300x190.jpg 300w, https:\/\/bey-s.com\/wp-content\/uploads\/2021\/10\/rohr-profilbearbeitung-beys-3-1030x652.jpg 1030w, https:\/\/bey-s.com\/wp-content\/uploads\/2021\/10\/rohr-profilbearbeitung-beys-3-768x486.jpg 768w, https:\/\/bey-s.com\/wp-content\/uploads\/2021\/10\/rohr-profilbearbeitung-beys-3-705x447.jpg 705w\" sizes=\"(max-width: 1500px) 100vw, 1500px\" \/><\/div><\/li><\/ul><div class='avia-slideshow-arrows avia-slideshow-controls' ><a href='#prev' class='prev-slide ' aria-hidden='true' data-av_icon='\ue87c' data-av_iconfont='entypo-fontello'  tabindex='-1'>\u00d6nceki<\/a><a href='#next' class='next-slide ' aria-hidden='true' data-av_icon='\ue87d' data-av_iconfont='entypo-fontello'  tabindex='-1'>Sonraki<\/a><\/div><div class='avia-slideshow-dots avia-slideshow-controls'><a href='#1' class='goto-slide active' >1<\/a><a href='#2' class='goto-slide ' >2<\/a><a href='#3' class='goto-slide ' >3<\/a><a href='#4' class='goto-slide ' >4<\/a><\/div><\/div><\/div>\n","protected":false},"excerpt":{"rendered":"","protected":false},"author":1,"featured_media":0,"parent":562,"menu_order":0,"comment_status":"closed","ping_status":"closed","template":"","meta":{"footnotes":""},"class_list":["post-859","page","type-page","status-publish","hentry"],"yoast_head":"<!-- This site is optimized with the Yoast SEO plugin v26.7 - https:\/\/yoast.com\/wordpress\/plugins\/seo\/ -->\n<title>Rohr- und Profilbearbeitung - BEY&#039;s<\/title>\n<meta name=\"robots\" content=\"index, follow, max-snippet:-1, max-image-preview:large, max-video-preview:-1\" \/>\n<link rel=\"canonical\" href=\"https:\/\/bey-s.com\/tr\/urunlerimiz\/boru-ve-profil-isleme\/\" \/>\n<meta property=\"og:locale\" content=\"tr_TR\" \/>\n<meta property=\"og:type\" content=\"article\" \/>\n<meta property=\"og:title\" content=\"Rohr- und Profilbearbeitung - BEY&#039;s\" \/>\n<meta property=\"og:url\" content=\"https:\/\/bey-s.com\/tr\/urunlerimiz\/boru-ve-profil-isleme\/\" \/>\n<meta property=\"og:site_name\" content=\"BEY&#039;s\" \/>\n<meta property=\"article:modified_time\" content=\"2021-11-08T15:11:34+00:00\" \/>\n<meta name=\"twitter:card\" content=\"summary_large_image\" \/>\n<meta name=\"twitter:label1\" content=\"Tahmini okuma s\u00fcresi\" \/>\n\t<meta name=\"twitter:data1\" content=\"3 dakika\" \/>\n<script type=\"application\/ld+json\" class=\"yoast-schema-graph\">{\"@context\":\"https:\/\/schema.org\",\"@graph\":[{\"@type\":\"WebPage\",\"@id\":\"https:\/\/bey-s.com\/tr\/urunlerimiz\/boru-ve-profil-isleme\/\",\"url\":\"https:\/\/bey-s.com\/tr\/urunlerimiz\/boru-ve-profil-isleme\/\",\"name\":\"Rohr- und Profilbearbeitung - BEY&#039;s\",\"isPartOf\":{\"@id\":\"https:\/\/bey-s.com\/tr\/#website\"},\"datePublished\":\"2021-10-22T14:33:05+00:00\",\"dateModified\":\"2021-11-08T15:11:34+00:00\",\"breadcrumb\":{\"@id\":\"https:\/\/bey-s.com\/tr\/urunlerimiz\/boru-ve-profil-isleme\/#breadcrumb\"},\"inLanguage\":\"tr\",\"potentialAction\":[{\"@type\":\"ReadAction\",\"target\":[\"https:\/\/bey-s.com\/tr\/urunlerimiz\/boru-ve-profil-isleme\/\"]}]},{\"@type\":\"BreadcrumbList\",\"@id\":\"https:\/\/bey-s.com\/tr\/urunlerimiz\/boru-ve-profil-isleme\/#breadcrumb\",\"itemListElement\":[{\"@type\":\"ListItem\",\"position\":1,\"name\":\"Home\",\"item\":\"https:\/\/bey-s.com\/tr\/\"},{\"@type\":\"ListItem\",\"position\":2,\"name\":\"Produkte\",\"item\":\"https:\/\/bey-s.com\/tr\/urunlerimiz\/\"},{\"@type\":\"ListItem\",\"position\":3,\"name\":\"Rohr- und Profilbearbeitung\"}]},{\"@type\":\"WebSite\",\"@id\":\"https:\/\/bey-s.com\/tr\/#website\",\"url\":\"https:\/\/bey-s.com\/tr\/\",\"name\":\"BEY&#039;s\",\"description\":\"\",\"potentialAction\":[{\"@type\":\"SearchAction\",\"target\":{\"@type\":\"EntryPoint\",\"urlTemplate\":\"https:\/\/bey-s.com\/tr\/?s={search_term_string}\"},\"query-input\":{\"@type\":\"PropertyValueSpecification\",\"valueRequired\":true,\"valueName\":\"search_term_string\"}}],\"inLanguage\":\"tr\"}]}<\/script>\n<!-- \/ Yoast SEO plugin. -->","yoast_head_json":{"title":"Rohr- und Profilbearbeitung - BEY&#039;s","robots":{"index":"index","follow":"follow","max-snippet":"max-snippet:-1","max-image-preview":"max-image-preview:large","max-video-preview":"max-video-preview:-1"},"canonical":"https:\/\/bey-s.com\/tr\/urunlerimiz\/boru-ve-profil-isleme\/","og_locale":"tr_TR","og_type":"article","og_title":"Rohr- und Profilbearbeitung - BEY&#039;s","og_url":"https:\/\/bey-s.com\/tr\/urunlerimiz\/boru-ve-profil-isleme\/","og_site_name":"BEY&#039;s","article_modified_time":"2021-11-08T15:11:34+00:00","twitter_card":"summary_large_image","twitter_misc":{"Tahmini okuma s\u00fcresi":"3 dakika"},"schema":{"@context":"https:\/\/schema.org","@graph":[{"@type":"WebPage","@id":"https:\/\/bey-s.com\/tr\/urunlerimiz\/boru-ve-profil-isleme\/","url":"https:\/\/bey-s.com\/tr\/urunlerimiz\/boru-ve-profil-isleme\/","name":"Rohr- und Profilbearbeitung - BEY&#039;s","isPartOf":{"@id":"https:\/\/bey-s.com\/tr\/#website"},"datePublished":"2021-10-22T14:33:05+00:00","dateModified":"2021-11-08T15:11:34+00:00","breadcrumb":{"@id":"https:\/\/bey-s.com\/tr\/urunlerimiz\/boru-ve-profil-isleme\/#breadcrumb"},"inLanguage":"tr","potentialAction":[{"@type":"ReadAction","target":["https:\/\/bey-s.com\/tr\/urunlerimiz\/boru-ve-profil-isleme\/"]}]},{"@type":"BreadcrumbList","@id":"https:\/\/bey-s.com\/tr\/urunlerimiz\/boru-ve-profil-isleme\/#breadcrumb","itemListElement":[{"@type":"ListItem","position":1,"name":"Home","item":"https:\/\/bey-s.com\/tr\/"},{"@type":"ListItem","position":2,"name":"Produkte","item":"https:\/\/bey-s.com\/tr\/urunlerimiz\/"},{"@type":"ListItem","position":3,"name":"Rohr- und Profilbearbeitung"}]},{"@type":"WebSite","@id":"https:\/\/bey-s.com\/tr\/#website","url":"https:\/\/bey-s.com\/tr\/","name":"BEY&#039;s","description":"","potentialAction":[{"@type":"SearchAction","target":{"@type":"EntryPoint","urlTemplate":"https:\/\/bey-s.com\/tr\/?s={search_term_string}"},"query-input":{"@type":"PropertyValueSpecification","valueRequired":true,"valueName":"search_term_string"}}],"inLanguage":"tr"}]}},"_links":{"self":[{"href":"https:\/\/bey-s.com\/tr\/wp-json\/wp\/v2\/pages\/859","targetHints":{"allow":["GET"]}}],"collection":[{"href":"https:\/\/bey-s.com\/tr\/wp-json\/wp\/v2\/pages"}],"about":[{"href":"https:\/\/bey-s.com\/tr\/wp-json\/wp\/v2\/types\/page"}],"author":[{"embeddable":true,"href":"https:\/\/bey-s.com\/tr\/wp-json\/wp\/v2\/users\/1"}],"replies":[{"embeddable":true,"href":"https:\/\/bey-s.com\/tr\/wp-json\/wp\/v2\/comments?post=859"}],"version-history":[{"count":11,"href":"https:\/\/bey-s.com\/tr\/wp-json\/wp\/v2\/pages\/859\/revisions"}],"predecessor-version":[{"id":1211,"href":"https:\/\/bey-s.com\/tr\/wp-json\/wp\/v2\/pages\/859\/revisions\/1211"}],"up":[{"embeddable":true,"href":"https:\/\/bey-s.com\/tr\/wp-json\/wp\/v2\/pages\/562"}],"wp:attachment":[{"href":"https:\/\/bey-s.com\/tr\/wp-json\/wp\/v2\/media?parent=859"}],"curies":[{"name":"wp","href":"https:\/\/api.w.org\/{rel}","templated":true}]}}