{"id":585,"date":"2021-08-25T10:55:49","date_gmt":"2021-08-25T08:55:49","guid":{"rendered":"https:\/\/bey-s.com\/produkte\/praezisionsteile\/"},"modified":"2021-11-08T16:16:44","modified_gmt":"2021-11-08T15:16:44","slug":"hassas-parcalar","status":"publish","type":"page","link":"https:\/\/bey-s.com\/tr\/urunlerimiz\/hassas-parcalar\/","title":{"rendered":"Pr\u00e4zisionsteile"},"content":{"rendered":"<div  class='avia-slideshow av-367440-7c8235dc9a1caf0776465b0c3221d7d9 avia-slideshow-featured_large av_slideshow avia-fade-slider  avia-builder-el-0  el_before_av_one_full  avia-builder-el-first  av-slideshow-ui av-control-hidden av-no-slider-navigation av-hide-nav-arrows av-slideshow-autoplay av-loop-endless av-loop-manual-endless av-default-height-applied avia-slideshow-1' data-slideshow-options=\"{&quot;animation&quot;:&quot;fade&quot;,&quot;autoplay&quot;:true,&quot;loop_autoplay&quot;:&quot;endless&quot;,&quot;interval&quot;:5,&quot;loop_manual&quot;:&quot;manual-endless&quot;,&quot;autoplay_stopper&quot;:false,&quot;noNavigation&quot;:true,&quot;bg_slider&quot;:false,&quot;keep_padding&quot;:false,&quot;hoverpause&quot;:false,&quot;show_slide_delay&quot;:0}\"  itemprop=\"image\" itemscope=\"itemscope\" itemtype=\"https:\/\/schema.org\/ImageObject\" ><ul class='avia-slideshow-inner ' style='padding-bottom: 28.666666666667%;'><li  class='avia-slideshow-slide av-367440-7c8235dc9a1caf0776465b0c3221d7d9__0  av-single-slide slide-1 slide-odd'><div data-rel='slideshow-1' class='avia-slide-wrap '   ><img decoding=\"async\" class=\"wp-image-884 avia-img-lazy-loading-not-884\"  src=\"https:\/\/bey-s.com\/wp-content\/uploads\/2021\/10\/praezisionsbearbeitung-beys-1.jpg\" width=\"1500\" height=\"430\" title='praezisionsbearbeitung-beys' alt=''  itemprop=\"thumbnailUrl\" srcset=\"https:\/\/bey-s.com\/wp-content\/uploads\/2021\/10\/praezisionsbearbeitung-beys-1.jpg 1500w, https:\/\/bey-s.com\/wp-content\/uploads\/2021\/10\/praezisionsbearbeitung-beys-1-300x86.jpg 300w, https:\/\/bey-s.com\/wp-content\/uploads\/2021\/10\/praezisionsbearbeitung-beys-1-1030x295.jpg 1030w, https:\/\/bey-s.com\/wp-content\/uploads\/2021\/10\/praezisionsbearbeitung-beys-1-768x220.jpg 768w, https:\/\/bey-s.com\/wp-content\/uploads\/2021\/10\/praezisionsbearbeitung-beys-1-705x202.jpg 705w\" sizes=\"(max-width: 1500px) 100vw, 1500px\" \/><\/div><\/li><\/ul><\/div>\n\n<style type=\"text\/css\" data-created_by=\"avia_inline_auto\" id=\"style-css-av-2kd3tc-567ca4daf90ab67561fdaf7fd524244d\">\n#top .flex_column.av-2kd3tc-567ca4daf90ab67561fdaf7fd524244d{\nmargin-top:0px;\nmargin-bottom:0px;\n}\n.flex_column.av-2kd3tc-567ca4daf90ab67561fdaf7fd524244d{\n-webkit-border-radius:0px 0px 0px 0px;\n-moz-border-radius:0px 0px 0px 0px;\nborder-radius:0px 0px 0px 0px;\npadding:0px 0px 0px 0px;\n}\n.responsive #top #wrap_all .flex_column.av-2kd3tc-567ca4daf90ab67561fdaf7fd524244d{\nmargin-top:0px;\nmargin-bottom:0px;\n}\n<\/style>\n<div class='flex_column av-2kd3tc-567ca4daf90ab67561fdaf7fd524244d av_one_full  avia-builder-el-1  el_after_av_slideshow  el_before_av_one_half  first flex_column_div av-animated-generic bottom-to-top av-zero-column-padding '     ><p>\n<style type=\"text\/css\" data-created_by=\"avia_inline_auto\" id=\"style-css-av-2fxjzk-86210cc36add572595c0214835d01e2d\">\n#top .av-special-heading.av-2fxjzk-86210cc36add572595c0214835d01e2d{\npadding-bottom:0;\n}\nbody .av-special-heading.av-2fxjzk-86210cc36add572595c0214835d01e2d .av-special-heading-tag .heading-char{\nfont-size:25px;\n}\n.av-special-heading.av-2fxjzk-86210cc36add572595c0214835d01e2d .av-subheading{\nfont-size:15px;\n}\n<\/style>\n<div  class='av-special-heading av-2fxjzk-86210cc36add572595c0214835d01e2d av-special-heading-h2 blockquote modern-quote  avia-builder-el-2  el_before_av_hr  avia-builder-el-first '><h2 class='av-special-heading-tag'  itemprop=\"headline\"  >HASSAS PAR\u00c7ALAR<\/h2><div class=\"special-heading-border\"><div class=\"special-heading-inner-border\"><\/div><\/div><\/div><br \/>\n\n<style type=\"text\/css\" data-created_by=\"avia_inline_auto\" id=\"style-css-av-29sjyw-e528321dd5051692a3920f74f7d17b01\">\n#top .hr.av-29sjyw-e528321dd5051692a3920f74f7d17b01{\nmargin-top:10px;\nmargin-bottom:10px;\n}\n.hr.av-29sjyw-e528321dd5051692a3920f74f7d17b01 .hr-inner{\nwidth:50px;\nborder-color:#ff0000;\n}\n<\/style>\n<div  class='hr av-29sjyw-e528321dd5051692a3920f74f7d17b01 hr-custom  avia-builder-el-3  el_after_av_heading  avia-builder-el-last  hr-left hr-icon-no'><span class='hr-inner inner-border-av-border-fat'><span class=\"hr-inner-style\"><\/span><\/span><\/div><\/p><\/div>\n\n<style type=\"text\/css\" data-created_by=\"avia_inline_auto\" id=\"style-css-av-7q934-60b08e19f9d58805870fd45bf77a016f\">\n#top .flex_column.av-7q934-60b08e19f9d58805870fd45bf77a016f{\nmargin-top:0px;\nmargin-bottom:0px;\n}\n.flex_column.av-7q934-60b08e19f9d58805870fd45bf77a016f{\n-webkit-border-radius:0px 0px 0px 0px;\n-moz-border-radius:0px 0px 0px 0px;\nborder-radius:0px 0px 0px 0px;\npadding:0px 0px 0px 0px;\n}\n.responsive #top #wrap_all .flex_column.av-7q934-60b08e19f9d58805870fd45bf77a016f{\nmargin-top:0px;\nmargin-bottom:0px;\n}\n<\/style>\n<div class='flex_column av-7q934-60b08e19f9d58805870fd45bf77a016f av_one_half  avia-builder-el-4  el_after_av_one_full  el_before_av_one_half  first flex_column_div av-animated-generic bottom-to-top av-zero-column-padding column-top-margin'     ><section  class='av_textblock_section av-1y2fzc-f33f612bbcb05f9ced63aa1d4c8da7c1'  itemscope=\"itemscope\" itemtype=\"https:\/\/schema.org\/CreativeWork\" ><div class='avia_textblock'  itemprop=\"text\" ><p>Sekt\u00f6r\u00fcndeki hassas par\u00e7a \u00fcreticilerimiz uzun y\u0131llara dayali bilgiye sahiptirler. Her t\u00fcrl\u00fc metal ve plastikten hassas rotatif par\u00e7alar, prototipler ve CNC frezeleme par\u00e7alari \u00fcretirler.<\/p>\n<p>Hassas par\u00e7alar\u0131n \u00fcretimi i\u00e7in en son teknolojilere sahip g\u00fc\u00e7l\u00fc tornalama ve freze makineleri kullan\u0131l\u0131r. Bu makineler ve deneyimli bir ekiple, sizin i\u00e7in karma\u015f\u0131k ve zor g\u00f6revleri m\u00fcmk\u00fcn olan en k\u0131sa s\u00fcrede ve m\u00fckemmel kalitede \u00e7\u00f6z\u00fcyoruz. T\u00fcrkiye&#8217;deki ideal ticari orta\u011f\u0131n\u0131z\u0131 bulmak i\u00e7in bizimle ileti\u015fime ge\u00e7in.<\/p>\n<\/div><\/section><\/div>\n\n<style type=\"text\/css\" data-created_by=\"avia_inline_auto\" id=\"style-css-av-1pg9bc-527b4fa37d3a191023e16a9a0eb166de\">\n#top .flex_column.av-1pg9bc-527b4fa37d3a191023e16a9a0eb166de{\nmargin-top:0px;\nmargin-bottom:0px;\n}\n.flex_column.av-1pg9bc-527b4fa37d3a191023e16a9a0eb166de{\n-webkit-border-radius:0px 0px 0px 0px;\n-moz-border-radius:0px 0px 0px 0px;\nborder-radius:0px 0px 0px 0px;\npadding:0px 0px 0px 0px;\n}\n.responsive #top #wrap_all .flex_column.av-1pg9bc-527b4fa37d3a191023e16a9a0eb166de{\nmargin-top:0px;\nmargin-bottom:0px;\n}\n<\/style>\n<div class='flex_column av-1pg9bc-527b4fa37d3a191023e16a9a0eb166de av_one_half  avia-builder-el-6  el_after_av_one_half  el_before_av_one_full  flex_column_div av-animated-generic bottom-to-top av-zero-column-padding column-top-margin'     ><section  class='av_textblock_section av-1iwjz4-5aeeb36feff36e0805a70cad5d2aa697'  itemscope=\"itemscope\" itemtype=\"https:\/\/schema.org\/CreativeWork\" ><div class='avia_textblock'  itemprop=\"text\" ><ul>\n<li>Frezeleme<\/li>\n<li>Tornalama<\/li>\n<li>Ta\u015flama<\/li>\n<li>Tala\u015f kaldirma<\/li>\n<li>Montaj par\u00e7alari<\/li>\n<\/ul>\n<\/div><\/section><\/div>\n\n<style type=\"text\/css\" data-created_by=\"avia_inline_auto\" id=\"style-css-av-ric48-068b43ce250ab82991e4c5796c02835e\">\n.flex_column.av-ric48-068b43ce250ab82991e4c5796c02835e{\n-webkit-border-radius:0px 0px 0px 0px;\n-moz-border-radius:0px 0px 0px 0px;\nborder-radius:0px 0px 0px 0px;\npadding:0px 0px 0px 0px;\n}\n<\/style>\n<div class='flex_column av-ric48-068b43ce250ab82991e4c5796c02835e av_one_full  avia-builder-el-8  el_after_av_one_half  avia-builder-el-last  first flex_column_div av-zero-column-padding column-top-margin'     ><div  class='avia-slideshow av-krm0y2bl-5c78ecf42004ec1ed1d04cae1ec8534b avia-slideshow-no scaling av_slideshow avia-slide-slider  avia-builder-el-9  avia-builder-el-no-sibling  av-slideshow-ui av-control-default av-slideshow-manual av-loop-once av-loop-manual-endless av-default-height-applied avia-slideshow-2' data-slideshow-options=\"{&quot;animation&quot;:&quot;slide&quot;,&quot;autoplay&quot;:false,&quot;loop_autoplay&quot;:&quot;once&quot;,&quot;interval&quot;:5,&quot;loop_manual&quot;:&quot;manual-endless&quot;,&quot;autoplay_stopper&quot;:false,&quot;noNavigation&quot;:false,&quot;bg_slider&quot;:false,&quot;keep_padding&quot;:false,&quot;hoverpause&quot;:false,&quot;show_slide_delay&quot;:0}\"  itemprop=\"image\" itemscope=\"itemscope\" itemtype=\"https:\/\/schema.org\/ImageObject\" ><ul class='avia-slideshow-inner ' style='padding-bottom: 63.333333333333%;'><li  class='avia-slideshow-slide av-krm0y2bl-5c78ecf42004ec1ed1d04cae1ec8534b__0  slide-1 slide-odd'><div data-rel='slideshow-2' class='avia-slide-wrap '   ><img decoding=\"async\" class=\"wp-image-941 avia-img-lazy-loading-not-941\"  src=\"https:\/\/bey-s.com\/wp-content\/uploads\/2021\/10\/praezisionsteile-fertigung-beys-11.jpg\" width=\"1500\" height=\"950\" title='praezisionsteile-fertigung-beys-11' alt=''  itemprop=\"thumbnailUrl\" srcset=\"https:\/\/bey-s.com\/wp-content\/uploads\/2021\/10\/praezisionsteile-fertigung-beys-11.jpg 1500w, https:\/\/bey-s.com\/wp-content\/uploads\/2021\/10\/praezisionsteile-fertigung-beys-11-300x190.jpg 300w, https:\/\/bey-s.com\/wp-content\/uploads\/2021\/10\/praezisionsteile-fertigung-beys-11-1030x652.jpg 1030w, https:\/\/bey-s.com\/wp-content\/uploads\/2021\/10\/praezisionsteile-fertigung-beys-11-768x486.jpg 768w, https:\/\/bey-s.com\/wp-content\/uploads\/2021\/10\/praezisionsteile-fertigung-beys-11-705x447.jpg 705w\" sizes=\"(max-width: 1500px) 100vw, 1500px\" \/><\/div><\/li><li  class='avia-slideshow-slide av-krm0y2bl-5c78ecf42004ec1ed1d04cae1ec8534b__1  slide-2 slide-even'><div data-rel='slideshow-2' class='avia-slide-wrap '   ><img decoding=\"async\" class=\"wp-image-949 avia-img-lazy-loading-not-949\"  src=\"https:\/\/bey-s.com\/wp-content\/uploads\/2021\/10\/praezisionsteile-fertigung-beys-3.jpg\" width=\"1500\" height=\"950\" title='praezisionsteile-fertigung-beys-3' alt=''  itemprop=\"thumbnailUrl\" srcset=\"https:\/\/bey-s.com\/wp-content\/uploads\/2021\/10\/praezisionsteile-fertigung-beys-3.jpg 1500w, https:\/\/bey-s.com\/wp-content\/uploads\/2021\/10\/praezisionsteile-fertigung-beys-3-300x190.jpg 300w, https:\/\/bey-s.com\/wp-content\/uploads\/2021\/10\/praezisionsteile-fertigung-beys-3-1030x652.jpg 1030w, https:\/\/bey-s.com\/wp-content\/uploads\/2021\/10\/praezisionsteile-fertigung-beys-3-768x486.jpg 768w, https:\/\/bey-s.com\/wp-content\/uploads\/2021\/10\/praezisionsteile-fertigung-beys-3-705x447.jpg 705w\" sizes=\"(max-width: 1500px) 100vw, 1500px\" \/><\/div><\/li><li  class='avia-slideshow-slide av-krm0y2bl-5c78ecf42004ec1ed1d04cae1ec8534b__2  slide-3 slide-odd'><div data-rel='slideshow-2' class='avia-slide-wrap '   ><img decoding=\"async\" class=\"wp-image-955 avia-img-lazy-loading-not-955\"  src=\"https:\/\/bey-s.com\/wp-content\/uploads\/2021\/10\/praezisionsteile-fertigung-beys-6.jpg\" width=\"1500\" height=\"950\" title='praezisionsteile-fertigung-beys-6' alt=''  itemprop=\"thumbnailUrl\" srcset=\"https:\/\/bey-s.com\/wp-content\/uploads\/2021\/10\/praezisionsteile-fertigung-beys-6.jpg 1500w, https:\/\/bey-s.com\/wp-content\/uploads\/2021\/10\/praezisionsteile-fertigung-beys-6-300x190.jpg 300w, https:\/\/bey-s.com\/wp-content\/uploads\/2021\/10\/praezisionsteile-fertigung-beys-6-1030x652.jpg 1030w, https:\/\/bey-s.com\/wp-content\/uploads\/2021\/10\/praezisionsteile-fertigung-beys-6-768x486.jpg 768w, https:\/\/bey-s.com\/wp-content\/uploads\/2021\/10\/praezisionsteile-fertigung-beys-6-705x447.jpg 705w\" sizes=\"(max-width: 1500px) 100vw, 1500px\" \/><\/div><\/li><li  class='avia-slideshow-slide av-krm0y2bl-5c78ecf42004ec1ed1d04cae1ec8534b__3  slide-4 slide-even'><div data-rel='slideshow-2' class='avia-slide-wrap '   ><img decoding=\"async\" class=\"wp-image-961 avia-img-lazy-loading-not-961\"  src=\"https:\/\/bey-s.com\/wp-content\/uploads\/2021\/10\/praezisionsteile-fertigung-beys-9.jpg\" width=\"1500\" height=\"950\" title='praezisionsteile-fertigung-beys-9' alt=''  itemprop=\"thumbnailUrl\" srcset=\"https:\/\/bey-s.com\/wp-content\/uploads\/2021\/10\/praezisionsteile-fertigung-beys-9.jpg 1500w, https:\/\/bey-s.com\/wp-content\/uploads\/2021\/10\/praezisionsteile-fertigung-beys-9-300x190.jpg 300w, https:\/\/bey-s.com\/wp-content\/uploads\/2021\/10\/praezisionsteile-fertigung-beys-9-1030x652.jpg 1030w, https:\/\/bey-s.com\/wp-content\/uploads\/2021\/10\/praezisionsteile-fertigung-beys-9-768x486.jpg 768w, https:\/\/bey-s.com\/wp-content\/uploads\/2021\/10\/praezisionsteile-fertigung-beys-9-705x447.jpg 705w\" sizes=\"(max-width: 1500px) 100vw, 1500px\" \/><\/div><\/li><li  class='avia-slideshow-slide av-krm0y2bl-5c78ecf42004ec1ed1d04cae1ec8534b__4  slide-5 slide-odd'><div data-rel='slideshow-2' class='avia-slide-wrap '   ><img decoding=\"async\" class=\"wp-image-957 avia-img-lazy-loading-not-957\"  src=\"https:\/\/bey-s.com\/wp-content\/uploads\/2021\/10\/praezisionsteile-fertigung-beys-7.jpg\" width=\"1500\" height=\"950\" title='praezisionsteile-fertigung-beys-7' alt=''  itemprop=\"thumbnailUrl\" srcset=\"https:\/\/bey-s.com\/wp-content\/uploads\/2021\/10\/praezisionsteile-fertigung-beys-7.jpg 1500w, https:\/\/bey-s.com\/wp-content\/uploads\/2021\/10\/praezisionsteile-fertigung-beys-7-300x190.jpg 300w, https:\/\/bey-s.com\/wp-content\/uploads\/2021\/10\/praezisionsteile-fertigung-beys-7-1030x652.jpg 1030w, https:\/\/bey-s.com\/wp-content\/uploads\/2021\/10\/praezisionsteile-fertigung-beys-7-768x486.jpg 768w, https:\/\/bey-s.com\/wp-content\/uploads\/2021\/10\/praezisionsteile-fertigung-beys-7-705x447.jpg 705w\" sizes=\"(max-width: 1500px) 100vw, 1500px\" \/><\/div><\/li><li  class='avia-slideshow-slide av-krm0y2bl-5c78ecf42004ec1ed1d04cae1ec8534b__5  slide-6 slide-even'><div data-rel='slideshow-2' class='avia-slide-wrap '   ><img decoding=\"async\" class=\"wp-image-959 avia-img-lazy-loading-not-959\"  src=\"https:\/\/bey-s.com\/wp-content\/uploads\/2021\/10\/praezisionsteile-fertigung-beys-8.jpg\" width=\"1500\" height=\"950\" title='praezisionsteile-fertigung-beys-8' alt=''  itemprop=\"thumbnailUrl\" srcset=\"https:\/\/bey-s.com\/wp-content\/uploads\/2021\/10\/praezisionsteile-fertigung-beys-8.jpg 1500w, https:\/\/bey-s.com\/wp-content\/uploads\/2021\/10\/praezisionsteile-fertigung-beys-8-300x190.jpg 300w, https:\/\/bey-s.com\/wp-content\/uploads\/2021\/10\/praezisionsteile-fertigung-beys-8-1030x652.jpg 1030w, https:\/\/bey-s.com\/wp-content\/uploads\/2021\/10\/praezisionsteile-fertigung-beys-8-768x486.jpg 768w, https:\/\/bey-s.com\/wp-content\/uploads\/2021\/10\/praezisionsteile-fertigung-beys-8-705x447.jpg 705w\" sizes=\"(max-width: 1500px) 100vw, 1500px\" \/><\/div><\/li><li  class='avia-slideshow-slide av-krm0y2bl-5c78ecf42004ec1ed1d04cae1ec8534b__6  slide-7 slide-odd'><div data-rel='slideshow-2' class='avia-slide-wrap '   ><img decoding=\"async\" class=\"wp-image-953 avia-img-lazy-loading-not-953\"  src=\"https:\/\/bey-s.com\/wp-content\/uploads\/2021\/10\/praezisionsteile-fertigung-beys-5.jpg\" width=\"1500\" height=\"950\" title='praezisionsteile-fertigung-beys-5' alt=''  itemprop=\"thumbnailUrl\" srcset=\"https:\/\/bey-s.com\/wp-content\/uploads\/2021\/10\/praezisionsteile-fertigung-beys-5.jpg 1500w, https:\/\/bey-s.com\/wp-content\/uploads\/2021\/10\/praezisionsteile-fertigung-beys-5-300x190.jpg 300w, https:\/\/bey-s.com\/wp-content\/uploads\/2021\/10\/praezisionsteile-fertigung-beys-5-1030x652.jpg 1030w, https:\/\/bey-s.com\/wp-content\/uploads\/2021\/10\/praezisionsteile-fertigung-beys-5-768x486.jpg 768w, https:\/\/bey-s.com\/wp-content\/uploads\/2021\/10\/praezisionsteile-fertigung-beys-5-705x447.jpg 705w\" sizes=\"(max-width: 1500px) 100vw, 1500px\" \/><\/div><\/li><li  class='avia-slideshow-slide av-krm0y2bl-5c78ecf42004ec1ed1d04cae1ec8534b__7  slide-8 slide-even'><div data-rel='slideshow-2' class='avia-slide-wrap '   ><img decoding=\"async\" class=\"wp-image-951 avia-img-lazy-loading-not-951\"  src=\"https:\/\/bey-s.com\/wp-content\/uploads\/2021\/10\/praezisionsteile-fertigung-beys-4.jpg\" width=\"1500\" height=\"950\" title='praezisionsteile-fertigung-beys-4' alt=''  itemprop=\"thumbnailUrl\" srcset=\"https:\/\/bey-s.com\/wp-content\/uploads\/2021\/10\/praezisionsteile-fertigung-beys-4.jpg 1500w, https:\/\/bey-s.com\/wp-content\/uploads\/2021\/10\/praezisionsteile-fertigung-beys-4-300x190.jpg 300w, https:\/\/bey-s.com\/wp-content\/uploads\/2021\/10\/praezisionsteile-fertigung-beys-4-1030x652.jpg 1030w, https:\/\/bey-s.com\/wp-content\/uploads\/2021\/10\/praezisionsteile-fertigung-beys-4-768x486.jpg 768w, https:\/\/bey-s.com\/wp-content\/uploads\/2021\/10\/praezisionsteile-fertigung-beys-4-705x447.jpg 705w\" sizes=\"(max-width: 1500px) 100vw, 1500px\" \/><\/div><\/li><li  class='avia-slideshow-slide av-krm0y2bl-5c78ecf42004ec1ed1d04cae1ec8534b__8  slide-9 slide-odd'><div data-rel='slideshow-2' class='avia-slide-wrap '   ><img decoding=\"async\" class=\"wp-image-947 avia-img-lazy-loading-not-947\"  src=\"https:\/\/bey-s.com\/wp-content\/uploads\/2021\/10\/praezisionsteile-fertigung-beys-2.jpg\" width=\"1500\" height=\"950\" title='praezisionsteile-fertigung-beys-2' alt=''  itemprop=\"thumbnailUrl\" srcset=\"https:\/\/bey-s.com\/wp-content\/uploads\/2021\/10\/praezisionsteile-fertigung-beys-2.jpg 1500w, https:\/\/bey-s.com\/wp-content\/uploads\/2021\/10\/praezisionsteile-fertigung-beys-2-300x190.jpg 300w, https:\/\/bey-s.com\/wp-content\/uploads\/2021\/10\/praezisionsteile-fertigung-beys-2-1030x652.jpg 1030w, https:\/\/bey-s.com\/wp-content\/uploads\/2021\/10\/praezisionsteile-fertigung-beys-2-768x486.jpg 768w, https:\/\/bey-s.com\/wp-content\/uploads\/2021\/10\/praezisionsteile-fertigung-beys-2-705x447.jpg 705w\" sizes=\"(max-width: 1500px) 100vw, 1500px\" \/><\/div><\/li><li  class='avia-slideshow-slide av-krm0y2bl-5c78ecf42004ec1ed1d04cae1ec8534b__9  slide-10 slide-even'><div data-rel='slideshow-2' class='avia-slide-wrap '   ><img decoding=\"async\" class=\"wp-image-943 avia-img-lazy-loading-not-943\"  src=\"https:\/\/bey-s.com\/wp-content\/uploads\/2021\/10\/praezisionsteile-fertigung-beys.jpg\" width=\"1500\" height=\"950\" title='praezisionsteile-fertigung-beys' alt=''  itemprop=\"thumbnailUrl\" srcset=\"https:\/\/bey-s.com\/wp-content\/uploads\/2021\/10\/praezisionsteile-fertigung-beys.jpg 1500w, https:\/\/bey-s.com\/wp-content\/uploads\/2021\/10\/praezisionsteile-fertigung-beys-300x190.jpg 300w, https:\/\/bey-s.com\/wp-content\/uploads\/2021\/10\/praezisionsteile-fertigung-beys-1030x652.jpg 1030w, https:\/\/bey-s.com\/wp-content\/uploads\/2021\/10\/praezisionsteile-fertigung-beys-768x486.jpg 768w, https:\/\/bey-s.com\/wp-content\/uploads\/2021\/10\/praezisionsteile-fertigung-beys-705x447.jpg 705w\" sizes=\"(max-width: 1500px) 100vw, 1500px\" \/><\/div><\/li><li  class='avia-slideshow-slide av-krm0y2bl-5c78ecf42004ec1ed1d04cae1ec8534b__10  slide-11 slide-odd'><div data-rel='slideshow-2' class='avia-slide-wrap '   ><img decoding=\"async\" class=\"wp-image-945 avia-img-lazy-loading-not-945\"  src=\"https:\/\/bey-s.com\/wp-content\/uploads\/2021\/10\/praezisionsteile-fertigung-beys-1.jpg\" width=\"1500\" height=\"950\" title='praezisionsteile-fertigung-beys-1' alt=''  itemprop=\"thumbnailUrl\" srcset=\"https:\/\/bey-s.com\/wp-content\/uploads\/2021\/10\/praezisionsteile-fertigung-beys-1.jpg 1500w, https:\/\/bey-s.com\/wp-content\/uploads\/2021\/10\/praezisionsteile-fertigung-beys-1-300x190.jpg 300w, https:\/\/bey-s.com\/wp-content\/uploads\/2021\/10\/praezisionsteile-fertigung-beys-1-1030x652.jpg 1030w, https:\/\/bey-s.com\/wp-content\/uploads\/2021\/10\/praezisionsteile-fertigung-beys-1-768x486.jpg 768w, https:\/\/bey-s.com\/wp-content\/uploads\/2021\/10\/praezisionsteile-fertigung-beys-1-705x447.jpg 705w\" sizes=\"(max-width: 1500px) 100vw, 1500px\" \/><\/div><\/li><\/ul><div class='avia-slideshow-arrows avia-slideshow-controls' ><a href='#prev' class='prev-slide ' aria-hidden='true' data-av_icon='\ue87c' data-av_iconfont='entypo-fontello'  tabindex='-1'>\u00d6nceki<\/a><a href='#next' class='next-slide ' aria-hidden='true' data-av_icon='\ue87d' data-av_iconfont='entypo-fontello'  tabindex='-1'>Sonraki<\/a><\/div><div class='avia-slideshow-dots avia-slideshow-controls'><a href='#1' class='goto-slide active' >1<\/a><a href='#2' class='goto-slide ' >2<\/a><a href='#3' class='goto-slide ' >3<\/a><a href='#4' class='goto-slide ' >4<\/a><a href='#5' class='goto-slide ' >5<\/a><a href='#6' class='goto-slide ' >6<\/a><a href='#7' class='goto-slide ' >7<\/a><a href='#8' class='goto-slide ' >8<\/a><a href='#9' class='goto-slide ' >9<\/a><a href='#10' class='goto-slide ' >10<\/a><a href='#11' class='goto-slide ' >11<\/a><\/div><\/div><\/div>\n","protected":false},"excerpt":{"rendered":"","protected":false},"author":1,"featured_media":0,"parent":562,"menu_order":0,"comment_status":"closed","ping_status":"closed","template":"","meta":{"footnotes":""},"class_list":["post-585","page","type-page","status-publish","hentry"],"yoast_head":"<!-- This site is optimized with the Yoast SEO plugin v26.7 - https:\/\/yoast.com\/wordpress\/plugins\/seo\/ -->\n<title>T\u00fcrkiye&#039;de hassas par\u00e7alar | Sat\u0131nalma arac\u0131s\u0131 | BEY&#039;s<\/title>\n<meta name=\"robots\" content=\"index, follow, max-snippet:-1, max-image-preview:large, max-video-preview:-1\" \/>\n<link rel=\"canonical\" href=\"https:\/\/bey-s.com\/tr\/urunlerimiz\/hassas-parcalar\/\" \/>\n<meta property=\"og:locale\" content=\"tr_TR\" \/>\n<meta property=\"og:type\" content=\"article\" \/>\n<meta property=\"og:title\" content=\"T\u00fcrkiye&#039;de hassas par\u00e7alar | Sat\u0131nalma arac\u0131s\u0131 | BEY&#039;s\" \/>\n<meta property=\"og:url\" content=\"https:\/\/bey-s.com\/tr\/urunlerimiz\/hassas-parcalar\/\" \/>\n<meta property=\"og:site_name\" content=\"BEY&#039;s\" \/>\n<meta property=\"article:modified_time\" content=\"2021-11-08T15:16:44+00:00\" \/>\n<meta name=\"twitter:card\" content=\"summary_large_image\" \/>\n<meta name=\"twitter:label1\" content=\"Tahmini okuma s\u00fcresi\" \/>\n\t<meta name=\"twitter:data1\" content=\"3 dakika\" \/>\n<script type=\"application\/ld+json\" class=\"yoast-schema-graph\">{\"@context\":\"https:\/\/schema.org\",\"@graph\":[{\"@type\":\"WebPage\",\"@id\":\"https:\/\/bey-s.com\/tr\/urunlerimiz\/hassas-parcalar\/\",\"url\":\"https:\/\/bey-s.com\/tr\/urunlerimiz\/hassas-parcalar\/\",\"name\":\"T\u00fcrkiye'de hassas par\u00e7alar | Sat\u0131nalma arac\u0131s\u0131 | BEY's\",\"isPartOf\":{\"@id\":\"https:\/\/bey-s.com\/tr\/#website\"},\"datePublished\":\"2021-08-25T08:55:49+00:00\",\"dateModified\":\"2021-11-08T15:16:44+00:00\",\"breadcrumb\":{\"@id\":\"https:\/\/bey-s.com\/tr\/urunlerimiz\/hassas-parcalar\/#breadcrumb\"},\"inLanguage\":\"tr\",\"potentialAction\":[{\"@type\":\"ReadAction\",\"target\":[\"https:\/\/bey-s.com\/tr\/urunlerimiz\/hassas-parcalar\/\"]}]},{\"@type\":\"BreadcrumbList\",\"@id\":\"https:\/\/bey-s.com\/tr\/urunlerimiz\/hassas-parcalar\/#breadcrumb\",\"itemListElement\":[{\"@type\":\"ListItem\",\"position\":1,\"name\":\"Home\",\"item\":\"https:\/\/bey-s.com\/tr\/\"},{\"@type\":\"ListItem\",\"position\":2,\"name\":\"Produkte\",\"item\":\"https:\/\/bey-s.com\/tr\/urunlerimiz\/\"},{\"@type\":\"ListItem\",\"position\":3,\"name\":\"Pr\u00e4zisionsteile\"}]},{\"@type\":\"WebSite\",\"@id\":\"https:\/\/bey-s.com\/tr\/#website\",\"url\":\"https:\/\/bey-s.com\/tr\/\",\"name\":\"BEY&#039;s\",\"description\":\"\",\"potentialAction\":[{\"@type\":\"SearchAction\",\"target\":{\"@type\":\"EntryPoint\",\"urlTemplate\":\"https:\/\/bey-s.com\/tr\/?s={search_term_string}\"},\"query-input\":{\"@type\":\"PropertyValueSpecification\",\"valueRequired\":true,\"valueName\":\"search_term_string\"}}],\"inLanguage\":\"tr\"}]}<\/script>\n<!-- \/ Yoast SEO plugin. -->","yoast_head_json":{"title":"T\u00fcrkiye'de hassas par\u00e7alar | Sat\u0131nalma arac\u0131s\u0131 | BEY's","robots":{"index":"index","follow":"follow","max-snippet":"max-snippet:-1","max-image-preview":"max-image-preview:large","max-video-preview":"max-video-preview:-1"},"canonical":"https:\/\/bey-s.com\/tr\/urunlerimiz\/hassas-parcalar\/","og_locale":"tr_TR","og_type":"article","og_title":"T\u00fcrkiye'de hassas par\u00e7alar | Sat\u0131nalma arac\u0131s\u0131 | BEY's","og_url":"https:\/\/bey-s.com\/tr\/urunlerimiz\/hassas-parcalar\/","og_site_name":"BEY&#039;s","article_modified_time":"2021-11-08T15:16:44+00:00","twitter_card":"summary_large_image","twitter_misc":{"Tahmini okuma s\u00fcresi":"3 dakika"},"schema":{"@context":"https:\/\/schema.org","@graph":[{"@type":"WebPage","@id":"https:\/\/bey-s.com\/tr\/urunlerimiz\/hassas-parcalar\/","url":"https:\/\/bey-s.com\/tr\/urunlerimiz\/hassas-parcalar\/","name":"T\u00fcrkiye'de hassas par\u00e7alar | Sat\u0131nalma arac\u0131s\u0131 | BEY's","isPartOf":{"@id":"https:\/\/bey-s.com\/tr\/#website"},"datePublished":"2021-08-25T08:55:49+00:00","dateModified":"2021-11-08T15:16:44+00:00","breadcrumb":{"@id":"https:\/\/bey-s.com\/tr\/urunlerimiz\/hassas-parcalar\/#breadcrumb"},"inLanguage":"tr","potentialAction":[{"@type":"ReadAction","target":["https:\/\/bey-s.com\/tr\/urunlerimiz\/hassas-parcalar\/"]}]},{"@type":"BreadcrumbList","@id":"https:\/\/bey-s.com\/tr\/urunlerimiz\/hassas-parcalar\/#breadcrumb","itemListElement":[{"@type":"ListItem","position":1,"name":"Home","item":"https:\/\/bey-s.com\/tr\/"},{"@type":"ListItem","position":2,"name":"Produkte","item":"https:\/\/bey-s.com\/tr\/urunlerimiz\/"},{"@type":"ListItem","position":3,"name":"Pr\u00e4zisionsteile"}]},{"@type":"WebSite","@id":"https:\/\/bey-s.com\/tr\/#website","url":"https:\/\/bey-s.com\/tr\/","name":"BEY&#039;s","description":"","potentialAction":[{"@type":"SearchAction","target":{"@type":"EntryPoint","urlTemplate":"https:\/\/bey-s.com\/tr\/?s={search_term_string}"},"query-input":{"@type":"PropertyValueSpecification","valueRequired":true,"valueName":"search_term_string"}}],"inLanguage":"tr"}]}},"_links":{"self":[{"href":"https:\/\/bey-s.com\/tr\/wp-json\/wp\/v2\/pages\/585","targetHints":{"allow":["GET"]}}],"collection":[{"href":"https:\/\/bey-s.com\/tr\/wp-json\/wp\/v2\/pages"}],"about":[{"href":"https:\/\/bey-s.com\/tr\/wp-json\/wp\/v2\/types\/page"}],"author":[{"embeddable":true,"href":"https:\/\/bey-s.com\/tr\/wp-json\/wp\/v2\/users\/1"}],"replies":[{"embeddable":true,"href":"https:\/\/bey-s.com\/tr\/wp-json\/wp\/v2\/comments?post=585"}],"version-history":[{"count":8,"href":"https:\/\/bey-s.com\/tr\/wp-json\/wp\/v2\/pages\/585\/revisions"}],"predecessor-version":[{"id":1217,"href":"https:\/\/bey-s.com\/tr\/wp-json\/wp\/v2\/pages\/585\/revisions\/1217"}],"up":[{"embeddable":true,"href":"https:\/\/bey-s.com\/tr\/wp-json\/wp\/v2\/pages\/562"}],"wp:attachment":[{"href":"https:\/\/bey-s.com\/tr\/wp-json\/wp\/v2\/media?parent=585"}],"curies":[{"name":"wp","href":"https:\/\/api.w.org\/{rel}","templated":true}]}}