{"id":570,"date":"2021-08-25T10:46:18","date_gmt":"2021-08-25T08:46:18","guid":{"rendered":"https:\/\/bey-s.com\/produkte\/blechfertigung\/"},"modified":"2021-11-08T21:42:40","modified_gmt":"2021-11-08T20:42:40","slug":"sac-ve-alueminyum-levha-ueretimi","status":"publish","type":"page","link":"https:\/\/bey-s.com\/tr\/urunlerimiz\/sac-ve-alueminyum-levha-ueretimi\/","title":{"rendered":"Blech- und Almuniumbearbeitung"},"content":{"rendered":"<div  class='avia-slideshow av-krm0w4t8-62a80d2de372c7e35a2cc8975d9e236c avia-slideshow-featured av_slideshow avia-slide-slider  avia-builder-el-0  el_before_av_one_full  avia-builder-el-first  av-slideshow-ui av-control-default av-slideshow-manual av-loop-once av-loop-manual-endless av-default-height-applied avia-slideshow-1' data-slideshow-options=\"{&quot;animation&quot;:&quot;slide&quot;,&quot;autoplay&quot;:false,&quot;loop_autoplay&quot;:&quot;once&quot;,&quot;interval&quot;:5,&quot;loop_manual&quot;:&quot;manual-endless&quot;,&quot;autoplay_stopper&quot;:false,&quot;noNavigation&quot;:false,&quot;bg_slider&quot;:false,&quot;keep_padding&quot;:false,&quot;hoverpause&quot;:false,&quot;show_slide_delay&quot;:0}\"  itemprop=\"image\" itemscope=\"itemscope\" itemtype=\"https:\/\/schema.org\/ImageObject\" ><ul class='avia-slideshow-inner ' style='padding-bottom: 28.666666666667%;'><li  class='avia-slideshow-slide av-krm0w4t8-62a80d2de372c7e35a2cc8975d9e236c__0  av-single-slide slide-1 slide-odd'><div data-rel='slideshow-1' class='avia-slide-wrap '   ><img decoding=\"async\" class=\"wp-image-880 avia-img-lazy-loading-not-880\"  src=\"https:\/\/bey-s.com\/wp-content\/uploads\/2021\/10\/blech-aluminiumbearbeitung-beys-tuerkei-deutschland-2.jpg\" width=\"1500\" height=\"430\" title='blech-aluminiumbearbeitung-beys-tuerkei-deutschland' alt=''  itemprop=\"thumbnailUrl\" srcset=\"https:\/\/bey-s.com\/wp-content\/uploads\/2021\/10\/blech-aluminiumbearbeitung-beys-tuerkei-deutschland-2.jpg 1500w, https:\/\/bey-s.com\/wp-content\/uploads\/2021\/10\/blech-aluminiumbearbeitung-beys-tuerkei-deutschland-2-300x86.jpg 300w, https:\/\/bey-s.com\/wp-content\/uploads\/2021\/10\/blech-aluminiumbearbeitung-beys-tuerkei-deutschland-2-1030x295.jpg 1030w, https:\/\/bey-s.com\/wp-content\/uploads\/2021\/10\/blech-aluminiumbearbeitung-beys-tuerkei-deutschland-2-768x220.jpg 768w, https:\/\/bey-s.com\/wp-content\/uploads\/2021\/10\/blech-aluminiumbearbeitung-beys-tuerkei-deutschland-2-705x202.jpg 705w\" sizes=\"(max-width: 1500px) 100vw, 1500px\" \/><\/div><\/li><\/ul><\/div>\n\n<style type=\"text\/css\" data-created_by=\"avia_inline_auto\" id=\"style-css-av-3cc9i9-1e860785d1e4c7b1747175a6e4596e7e\">\n#top .flex_column.av-3cc9i9-1e860785d1e4c7b1747175a6e4596e7e{\nmargin-top:0px;\nmargin-bottom:0px;\n}\n.flex_column.av-3cc9i9-1e860785d1e4c7b1747175a6e4596e7e{\n-webkit-border-radius:0px 0px 0px 0px;\n-moz-border-radius:0px 0px 0px 0px;\nborder-radius:0px 0px 0px 0px;\npadding:0px 0px 0px 0px;\n}\n.responsive #top #wrap_all .flex_column.av-3cc9i9-1e860785d1e4c7b1747175a6e4596e7e{\nmargin-top:0px;\nmargin-bottom:0px;\n}\n<\/style>\n<div class='flex_column av-3cc9i9-1e860785d1e4c7b1747175a6e4596e7e av_one_full  avia-builder-el-1  el_after_av_slideshow  el_before_av_one_half  first flex_column_div av-animated-generic bottom-to-top av-zero-column-padding '     ><p>\n<style type=\"text\/css\" data-created_by=\"avia_inline_auto\" id=\"style-css-av-bjtzt-3eb7b4e5c7e8e5d89f06198f51840df9\">\n#top .av-special-heading.av-bjtzt-3eb7b4e5c7e8e5d89f06198f51840df9{\npadding-bottom:0;\n}\nbody .av-special-heading.av-bjtzt-3eb7b4e5c7e8e5d89f06198f51840df9 .av-special-heading-tag .heading-char{\nfont-size:25px;\n}\n.av-special-heading.av-bjtzt-3eb7b4e5c7e8e5d89f06198f51840df9 .av-subheading{\nfont-size:15px;\n}\n<\/style>\n<div  class='av-special-heading av-bjtzt-3eb7b4e5c7e8e5d89f06198f51840df9 av-special-heading-h2 blockquote modern-quote  avia-builder-el-2  el_before_av_hr  avia-builder-el-first '><h2 class='av-special-heading-tag'  itemprop=\"headline\"  >Sa\u00e7 ve Al\u00fcminyum levha \u00fcretimi<\/h2><div class=\"special-heading-border\"><div class=\"special-heading-inner-border\"><\/div><\/div><\/div><br \/>\n\n<style type=\"text\/css\" data-created_by=\"avia_inline_auto\" id=\"style-css-av-34rdfl-2d203487d6c9f2bb1fa1c2c8f2c6fa78\">\n#top .hr.av-34rdfl-2d203487d6c9f2bb1fa1c2c8f2c6fa78{\nmargin-top:10px;\nmargin-bottom:10px;\n}\n.hr.av-34rdfl-2d203487d6c9f2bb1fa1c2c8f2c6fa78 .hr-inner{\nwidth:50px;\nborder-color:#efbb20;\n}\n<\/style>\n<div  class='hr av-34rdfl-2d203487d6c9f2bb1fa1c2c8f2c6fa78 hr-custom  avia-builder-el-3  el_after_av_heading  avia-builder-el-last  hr-left hr-icon-no'><span class='hr-inner inner-border-av-border-fat'><span class=\"hr-inner-style\"><\/span><\/span><\/div><\/p><\/div>\n<style type=\"text\/css\" data-created_by=\"avia_inline_auto\" id=\"style-css-av-2yehgp-d015d93eb9800ed78e7a935ced346033\">\n#top .flex_column.av-2yehgp-d015d93eb9800ed78e7a935ced346033{\nmargin-top:0px;\nmargin-bottom:0px;\n}\n.flex_column.av-2yehgp-d015d93eb9800ed78e7a935ced346033{\n-webkit-border-radius:0px 0px 0px 0px;\n-moz-border-radius:0px 0px 0px 0px;\nborder-radius:0px 0px 0px 0px;\npadding:0px 0px 0px 0px;\n}\n.responsive #top #wrap_all .flex_column.av-2yehgp-d015d93eb9800ed78e7a935ced346033{\nmargin-top:0px;\nmargin-bottom:0px;\n}\n<\/style>\n<div class='flex_column av-2yehgp-d015d93eb9800ed78e7a935ced346033 av_one_half  avia-builder-el-4  el_after_av_one_full  el_before_av_one_half  first flex_column_div av-animated-generic bottom-to-top av-zero-column-padding column-top-margin'     ><section  class='av_textblock_section av-2ojbyx-10830972ac61efbc25fac6ba1a91df1f'  itemscope=\"itemscope\" itemtype=\"https:\/\/schema.org\/CreativeWork\" ><div class='avia_textblock'  itemprop=\"text\" ><p>Sa\u00e7 ve Al\u00fcminyum levha i\u015fleme alan\u0131nda tedarik orta\u011f\u0131n\u0131z\u0131z. Sekt\u00f6r\u00fcndeki \u00fcretim ortaklar\u0131m\u0131zla i\u015fbirli\u011fi i\u00e7inde sa\u00e7 \u00fcr\u00fcnlerinizi istedi\u011finiz formda ve kalitede alabilirsiniz.<\/p>\n<p>\u00dcr\u00fcnlerinizi hassas ve filigran olarak i\u015fleyen lazer teknolojilerinden b\u00fckme makinelerine kadar metal i\u015fleme sekt\u00f6r\u00fcnde \u00e7ok \u00e7e\u015fitli hizmetler sunuyoruz. Size uygun \u00fcreticiyi T\u00fcrkiye&#8217;de bulmaktan mutluluk duyar\u0131z.<\/p>\n<\/div><\/section><\/div>\n<style type=\"text\/css\" data-created_by=\"avia_inline_auto\" id=\"style-css-av-2kt5q1-77ef1862064cb8040d12754c5378229b\">\n#top .flex_column.av-2kt5q1-77ef1862064cb8040d12754c5378229b{\nmargin-top:0px;\nmargin-bottom:0px;\n}\n.flex_column.av-2kt5q1-77ef1862064cb8040d12754c5378229b{\n-webkit-border-radius:0px 0px 0px 0px;\n-moz-border-radius:0px 0px 0px 0px;\nborder-radius:0px 0px 0px 0px;\npadding:0px 0px 0px 0px;\n}\n.responsive #top #wrap_all .flex_column.av-2kt5q1-77ef1862064cb8040d12754c5378229b{\nmargin-top:0px;\nmargin-bottom:0px;\n}\n<\/style>\n<div class='flex_column av-2kt5q1-77ef1862064cb8040d12754c5378229b av_one_half  avia-builder-el-6  el_after_av_one_half  el_before_av_one_full  flex_column_div av-animated-generic bottom-to-top av-zero-column-padding column-top-margin'     ><section  class='av_textblock_section av-krkb1j8q-0fa411c8ccbe8194e06aa2107d3f8e2e'  itemscope=\"itemscope\" itemtype=\"https:\/\/schema.org\/CreativeWork\" ><div class='avia_textblock'  itemprop=\"text\" ><ul>\n<li>Lazer kesim<\/li>\n<li>Lazer kayna\u011f\u0131<\/li>\n<li>WIG kayna\u011f\u0131<\/li>\n<li>MIG\/MAG kayna\u011f\u0131<\/li>\n<li>Delme<\/li>\n<li>Abkant<\/li>\n<li>Pres<\/li>\n<li>Per\u00e7in ba\u011flant\u0131lar\u0131<\/li>\n<\/ul>\n<\/div><\/section><\/div><\/p>\n\n<style type=\"text\/css\" data-created_by=\"avia_inline_auto\" id=\"style-css-av-274zcx-8f9cf093f4aa2832d7111470f4f9a26c\">\n.flex_column.av-274zcx-8f9cf093f4aa2832d7111470f4f9a26c{\n-webkit-border-radius:0px 0px 0px 0px;\n-moz-border-radius:0px 0px 0px 0px;\nborder-radius:0px 0px 0px 0px;\npadding:0px 0px 0px 0px;\n}\n<\/style>\n<div class='flex_column av-274zcx-8f9cf093f4aa2832d7111470f4f9a26c av_one_full  avia-builder-el-8  el_after_av_one_half  avia-builder-el-last  first flex_column_div av-animated-generic bottom-to-top av-zero-column-padding column-top-margin'     ><div  class='avia-slideshow av-krm0uh6p-e0c7030bab59477cb9e7f96d6897b806 avia-slideshow-no scaling av_slideshow avia-slide-slider  avia-builder-el-9  avia-builder-el-no-sibling  av-slideshow-ui av-control-default av-slideshow-manual av-loop-once av-loop-manual-endless av-default-height-applied avia-slideshow-2' data-slideshow-options=\"{&quot;animation&quot;:&quot;slide&quot;,&quot;autoplay&quot;:false,&quot;loop_autoplay&quot;:&quot;once&quot;,&quot;interval&quot;:5,&quot;loop_manual&quot;:&quot;manual-endless&quot;,&quot;autoplay_stopper&quot;:false,&quot;noNavigation&quot;:false,&quot;bg_slider&quot;:false,&quot;keep_padding&quot;:false,&quot;hoverpause&quot;:false,&quot;show_slide_delay&quot;:0}\"  itemprop=\"image\" itemscope=\"itemscope\" itemtype=\"https:\/\/schema.org\/ImageObject\" ><ul class='avia-slideshow-inner ' style='padding-bottom: 63.333333333333%;'><li  class='avia-slideshow-slide av-krm0uh6p-e0c7030bab59477cb9e7f96d6897b806__0  slide-1 slide-odd'><div data-rel='slideshow-2' class='avia-slide-wrap '   ><img decoding=\"async\" class=\"wp-image-894 avia-img-lazy-loading-not-894\"  src=\"https:\/\/bey-s.com\/wp-content\/uploads\/2021\/10\/blechfertigung-beys-1.jpg\" width=\"1500\" height=\"950\" title='blechfertigung-beys-1' alt=''  itemprop=\"thumbnailUrl\" srcset=\"https:\/\/bey-s.com\/wp-content\/uploads\/2021\/10\/blechfertigung-beys-1.jpg 1500w, https:\/\/bey-s.com\/wp-content\/uploads\/2021\/10\/blechfertigung-beys-1-300x190.jpg 300w, https:\/\/bey-s.com\/wp-content\/uploads\/2021\/10\/blechfertigung-beys-1-1030x652.jpg 1030w, https:\/\/bey-s.com\/wp-content\/uploads\/2021\/10\/blechfertigung-beys-1-768x486.jpg 768w, https:\/\/bey-s.com\/wp-content\/uploads\/2021\/10\/blechfertigung-beys-1-705x447.jpg 705w\" sizes=\"(max-width: 1500px) 100vw, 1500px\" \/><\/div><\/li><li  class='avia-slideshow-slide av-krm0uh6p-e0c7030bab59477cb9e7f96d6897b806__1  slide-2 slide-even'><div data-rel='slideshow-2' class='avia-slide-wrap '   ><img decoding=\"async\" class=\"wp-image-896 avia-img-lazy-loading-not-896\"  src=\"https:\/\/bey-s.com\/wp-content\/uploads\/2021\/10\/blechfertigung-beys-2.jpg\" width=\"1500\" height=\"950\" title='blechfertigung-beys-2' alt=''  itemprop=\"thumbnailUrl\" srcset=\"https:\/\/bey-s.com\/wp-content\/uploads\/2021\/10\/blechfertigung-beys-2.jpg 1500w, https:\/\/bey-s.com\/wp-content\/uploads\/2021\/10\/blechfertigung-beys-2-300x190.jpg 300w, https:\/\/bey-s.com\/wp-content\/uploads\/2021\/10\/blechfertigung-beys-2-1030x652.jpg 1030w, https:\/\/bey-s.com\/wp-content\/uploads\/2021\/10\/blechfertigung-beys-2-768x486.jpg 768w, https:\/\/bey-s.com\/wp-content\/uploads\/2021\/10\/blechfertigung-beys-2-705x447.jpg 705w\" sizes=\"(max-width: 1500px) 100vw, 1500px\" \/><\/div><\/li><li  class='avia-slideshow-slide av-krm0uh6p-e0c7030bab59477cb9e7f96d6897b806__2  slide-3 slide-odd'><div data-rel='slideshow-2' class='avia-slide-wrap '   ><img decoding=\"async\" class=\"wp-image-898 avia-img-lazy-loading-not-898\"  src=\"https:\/\/bey-s.com\/wp-content\/uploads\/2021\/10\/blechfertigung-beys-3.jpg\" width=\"1500\" height=\"950\" title='blechfertigung-beys-3' alt=''  itemprop=\"thumbnailUrl\" srcset=\"https:\/\/bey-s.com\/wp-content\/uploads\/2021\/10\/blechfertigung-beys-3.jpg 1500w, https:\/\/bey-s.com\/wp-content\/uploads\/2021\/10\/blechfertigung-beys-3-300x190.jpg 300w, https:\/\/bey-s.com\/wp-content\/uploads\/2021\/10\/blechfertigung-beys-3-1030x652.jpg 1030w, https:\/\/bey-s.com\/wp-content\/uploads\/2021\/10\/blechfertigung-beys-3-768x486.jpg 768w, https:\/\/bey-s.com\/wp-content\/uploads\/2021\/10\/blechfertigung-beys-3-705x447.jpg 705w\" sizes=\"(max-width: 1500px) 100vw, 1500px\" \/><\/div><\/li><li  class='avia-slideshow-slide av-krm0uh6p-e0c7030bab59477cb9e7f96d6897b806__3  slide-4 slide-even'><div data-rel='slideshow-2' class='avia-slide-wrap '   ><img decoding=\"async\" class=\"wp-image-900 avia-img-lazy-loading-not-900\"  src=\"https:\/\/bey-s.com\/wp-content\/uploads\/2021\/10\/blechfertigung-beys-4.jpg\" width=\"1500\" height=\"950\" title='blechfertigung-beys-4' alt=''  itemprop=\"thumbnailUrl\" srcset=\"https:\/\/bey-s.com\/wp-content\/uploads\/2021\/10\/blechfertigung-beys-4.jpg 1500w, https:\/\/bey-s.com\/wp-content\/uploads\/2021\/10\/blechfertigung-beys-4-300x190.jpg 300w, https:\/\/bey-s.com\/wp-content\/uploads\/2021\/10\/blechfertigung-beys-4-1030x652.jpg 1030w, https:\/\/bey-s.com\/wp-content\/uploads\/2021\/10\/blechfertigung-beys-4-768x486.jpg 768w, https:\/\/bey-s.com\/wp-content\/uploads\/2021\/10\/blechfertigung-beys-4-705x447.jpg 705w\" sizes=\"(max-width: 1500px) 100vw, 1500px\" \/><\/div><\/li><li  class='avia-slideshow-slide av-krm0uh6p-e0c7030bab59477cb9e7f96d6897b806__4  slide-5 slide-odd'><div data-rel='slideshow-2' class='avia-slide-wrap '   ><img decoding=\"async\" class=\"wp-image-890 avia-img-lazy-loading-not-890\"  src=\"https:\/\/bey-s.com\/wp-content\/uploads\/2021\/10\/blechfertigung-beys-5.jpg\" width=\"1500\" height=\"950\" title='blechfertigung-beys-5' alt=''  itemprop=\"thumbnailUrl\" srcset=\"https:\/\/bey-s.com\/wp-content\/uploads\/2021\/10\/blechfertigung-beys-5.jpg 1500w, https:\/\/bey-s.com\/wp-content\/uploads\/2021\/10\/blechfertigung-beys-5-300x190.jpg 300w, https:\/\/bey-s.com\/wp-content\/uploads\/2021\/10\/blechfertigung-beys-5-1030x652.jpg 1030w, https:\/\/bey-s.com\/wp-content\/uploads\/2021\/10\/blechfertigung-beys-5-768x486.jpg 768w, https:\/\/bey-s.com\/wp-content\/uploads\/2021\/10\/blechfertigung-beys-5-705x447.jpg 705w\" sizes=\"(max-width: 1500px) 100vw, 1500px\" \/><\/div><\/li><li  class='avia-slideshow-slide av-krm0uh6p-e0c7030bab59477cb9e7f96d6897b806__5  slide-6 slide-even'><div data-rel='slideshow-2' class='avia-slide-wrap '   ><img decoding=\"async\" class=\"wp-image-892 avia-img-lazy-loading-not-892\"  src=\"https:\/\/bey-s.com\/wp-content\/uploads\/2021\/10\/blechfertigung-beys-6.jpg\" width=\"1500\" height=\"950\" title='blechfertigung-beys-6' alt=''  itemprop=\"thumbnailUrl\" srcset=\"https:\/\/bey-s.com\/wp-content\/uploads\/2021\/10\/blechfertigung-beys-6.jpg 1500w, https:\/\/bey-s.com\/wp-content\/uploads\/2021\/10\/blechfertigung-beys-6-300x190.jpg 300w, https:\/\/bey-s.com\/wp-content\/uploads\/2021\/10\/blechfertigung-beys-6-1030x652.jpg 1030w, https:\/\/bey-s.com\/wp-content\/uploads\/2021\/10\/blechfertigung-beys-6-768x486.jpg 768w, https:\/\/bey-s.com\/wp-content\/uploads\/2021\/10\/blechfertigung-beys-6-705x447.jpg 705w\" sizes=\"(max-width: 1500px) 100vw, 1500px\" \/><\/div><\/li><\/ul><div class='avia-slideshow-arrows avia-slideshow-controls' ><a href='#prev' class='prev-slide ' aria-hidden='true' data-av_icon='\ue87c' data-av_iconfont='entypo-fontello'  tabindex='-1'>\u00d6nceki<\/a><a href='#next' class='next-slide ' aria-hidden='true' data-av_icon='\ue87d' data-av_iconfont='entypo-fontello'  tabindex='-1'>Sonraki<\/a><\/div><div class='avia-slideshow-dots avia-slideshow-controls'><a href='#1' class='goto-slide active' >1<\/a><a href='#2' class='goto-slide ' >2<\/a><a href='#3' class='goto-slide ' >3<\/a><a href='#4' class='goto-slide ' >4<\/a><a href='#5' class='goto-slide ' >5<\/a><a href='#6' class='goto-slide ' >6<\/a><\/div><\/div><\/div>\n","protected":false},"excerpt":{"rendered":"","protected":false},"author":1,"featured_media":0,"parent":562,"menu_order":0,"comment_status":"closed","ping_status":"closed","template":"","meta":{"footnotes":""},"class_list":["post-570","page","type-page","status-publish","hentry"],"yoast_head":"<!-- This site is optimized with the Yoast SEO plugin v26.7 - https:\/\/yoast.com\/wordpress\/plugins\/seo\/ -->\n<title>T\u00fcrkiye&#039;de sac \u00fcretimi | Sat\u0131nalma arac\u0131s\u0131 | BEY&#039;s<\/title>\n<meta name=\"robots\" content=\"index, follow, max-snippet:-1, max-image-preview:large, max-video-preview:-1\" \/>\n<link rel=\"canonical\" href=\"https:\/\/bey-s.com\/tr\/urunlerimiz\/sac-ve-alueminyum-levha-ueretimi\/\" \/>\n<meta property=\"og:locale\" content=\"tr_TR\" \/>\n<meta property=\"og:type\" content=\"article\" \/>\n<meta property=\"og:title\" content=\"T\u00fcrkiye&#039;de sac \u00fcretimi | Sat\u0131nalma arac\u0131s\u0131 | BEY&#039;s\" \/>\n<meta property=\"og:url\" content=\"https:\/\/bey-s.com\/tr\/urunlerimiz\/sac-ve-alueminyum-levha-ueretimi\/\" \/>\n<meta property=\"og:site_name\" content=\"BEY&#039;s\" \/>\n<meta property=\"article:modified_time\" content=\"2021-11-08T20:42:40+00:00\" \/>\n<meta name=\"twitter:card\" content=\"summary_large_image\" \/>\n<meta name=\"twitter:label1\" content=\"Tahmini okuma s\u00fcresi\" \/>\n\t<meta name=\"twitter:data1\" content=\"2 dakika\" \/>\n<script type=\"application\/ld+json\" class=\"yoast-schema-graph\">{\"@context\":\"https:\/\/schema.org\",\"@graph\":[{\"@type\":\"WebPage\",\"@id\":\"https:\/\/bey-s.com\/tr\/urunlerimiz\/sac-ve-alueminyum-levha-ueretimi\/\",\"url\":\"https:\/\/bey-s.com\/tr\/urunlerimiz\/sac-ve-alueminyum-levha-ueretimi\/\",\"name\":\"T\u00fcrkiye'de sac \u00fcretimi | Sat\u0131nalma arac\u0131s\u0131 | BEY's\",\"isPartOf\":{\"@id\":\"https:\/\/bey-s.com\/tr\/#website\"},\"datePublished\":\"2021-08-25T08:46:18+00:00\",\"dateModified\":\"2021-11-08T20:42:40+00:00\",\"breadcrumb\":{\"@id\":\"https:\/\/bey-s.com\/tr\/urunlerimiz\/sac-ve-alueminyum-levha-ueretimi\/#breadcrumb\"},\"inLanguage\":\"tr\",\"potentialAction\":[{\"@type\":\"ReadAction\",\"target\":[\"https:\/\/bey-s.com\/tr\/urunlerimiz\/sac-ve-alueminyum-levha-ueretimi\/\"]}]},{\"@type\":\"BreadcrumbList\",\"@id\":\"https:\/\/bey-s.com\/tr\/urunlerimiz\/sac-ve-alueminyum-levha-ueretimi\/#breadcrumb\",\"itemListElement\":[{\"@type\":\"ListItem\",\"position\":1,\"name\":\"Home\",\"item\":\"https:\/\/bey-s.com\/tr\/\"},{\"@type\":\"ListItem\",\"position\":2,\"name\":\"Produkte\",\"item\":\"https:\/\/bey-s.com\/tr\/urunlerimiz\/\"},{\"@type\":\"ListItem\",\"position\":3,\"name\":\"Blech- und Almuniumbearbeitung\"}]},{\"@type\":\"WebSite\",\"@id\":\"https:\/\/bey-s.com\/tr\/#website\",\"url\":\"https:\/\/bey-s.com\/tr\/\",\"name\":\"BEY&#039;s\",\"description\":\"\",\"potentialAction\":[{\"@type\":\"SearchAction\",\"target\":{\"@type\":\"EntryPoint\",\"urlTemplate\":\"https:\/\/bey-s.com\/tr\/?s={search_term_string}\"},\"query-input\":{\"@type\":\"PropertyValueSpecification\",\"valueRequired\":true,\"valueName\":\"search_term_string\"}}],\"inLanguage\":\"tr\"}]}<\/script>\n<!-- \/ Yoast SEO plugin. -->","yoast_head_json":{"title":"T\u00fcrkiye'de sac \u00fcretimi | Sat\u0131nalma arac\u0131s\u0131 | BEY's","robots":{"index":"index","follow":"follow","max-snippet":"max-snippet:-1","max-image-preview":"max-image-preview:large","max-video-preview":"max-video-preview:-1"},"canonical":"https:\/\/bey-s.com\/tr\/urunlerimiz\/sac-ve-alueminyum-levha-ueretimi\/","og_locale":"tr_TR","og_type":"article","og_title":"T\u00fcrkiye'de sac \u00fcretimi | Sat\u0131nalma arac\u0131s\u0131 | BEY's","og_url":"https:\/\/bey-s.com\/tr\/urunlerimiz\/sac-ve-alueminyum-levha-ueretimi\/","og_site_name":"BEY&#039;s","article_modified_time":"2021-11-08T20:42:40+00:00","twitter_card":"summary_large_image","twitter_misc":{"Tahmini okuma s\u00fcresi":"2 dakika"},"schema":{"@context":"https:\/\/schema.org","@graph":[{"@type":"WebPage","@id":"https:\/\/bey-s.com\/tr\/urunlerimiz\/sac-ve-alueminyum-levha-ueretimi\/","url":"https:\/\/bey-s.com\/tr\/urunlerimiz\/sac-ve-alueminyum-levha-ueretimi\/","name":"T\u00fcrkiye'de sac \u00fcretimi | Sat\u0131nalma arac\u0131s\u0131 | BEY's","isPartOf":{"@id":"https:\/\/bey-s.com\/tr\/#website"},"datePublished":"2021-08-25T08:46:18+00:00","dateModified":"2021-11-08T20:42:40+00:00","breadcrumb":{"@id":"https:\/\/bey-s.com\/tr\/urunlerimiz\/sac-ve-alueminyum-levha-ueretimi\/#breadcrumb"},"inLanguage":"tr","potentialAction":[{"@type":"ReadAction","target":["https:\/\/bey-s.com\/tr\/urunlerimiz\/sac-ve-alueminyum-levha-ueretimi\/"]}]},{"@type":"BreadcrumbList","@id":"https:\/\/bey-s.com\/tr\/urunlerimiz\/sac-ve-alueminyum-levha-ueretimi\/#breadcrumb","itemListElement":[{"@type":"ListItem","position":1,"name":"Home","item":"https:\/\/bey-s.com\/tr\/"},{"@type":"ListItem","position":2,"name":"Produkte","item":"https:\/\/bey-s.com\/tr\/urunlerimiz\/"},{"@type":"ListItem","position":3,"name":"Blech- und Almuniumbearbeitung"}]},{"@type":"WebSite","@id":"https:\/\/bey-s.com\/tr\/#website","url":"https:\/\/bey-s.com\/tr\/","name":"BEY&#039;s","description":"","potentialAction":[{"@type":"SearchAction","target":{"@type":"EntryPoint","urlTemplate":"https:\/\/bey-s.com\/tr\/?s={search_term_string}"},"query-input":{"@type":"PropertyValueSpecification","valueRequired":true,"valueName":"search_term_string"}}],"inLanguage":"tr"}]}},"_links":{"self":[{"href":"https:\/\/bey-s.com\/tr\/wp-json\/wp\/v2\/pages\/570","targetHints":{"allow":["GET"]}}],"collection":[{"href":"https:\/\/bey-s.com\/tr\/wp-json\/wp\/v2\/pages"}],"about":[{"href":"https:\/\/bey-s.com\/tr\/wp-json\/wp\/v2\/types\/page"}],"author":[{"embeddable":true,"href":"https:\/\/bey-s.com\/tr\/wp-json\/wp\/v2\/users\/1"}],"replies":[{"embeddable":true,"href":"https:\/\/bey-s.com\/tr\/wp-json\/wp\/v2\/comments?post=570"}],"version-history":[{"count":16,"href":"https:\/\/bey-s.com\/tr\/wp-json\/wp\/v2\/pages\/570\/revisions"}],"predecessor-version":[{"id":1279,"href":"https:\/\/bey-s.com\/tr\/wp-json\/wp\/v2\/pages\/570\/revisions\/1279"}],"up":[{"embeddable":true,"href":"https:\/\/bey-s.com\/tr\/wp-json\/wp\/v2\/pages\/562"}],"wp:attachment":[{"href":"https:\/\/bey-s.com\/tr\/wp-json\/wp\/v2\/media?parent=570"}],"curies":[{"name":"wp","href":"https:\/\/api.w.org\/{rel}","templated":true}]}}