{"id":698,"date":"2021-10-18T16:37:18","date_gmt":"2021-10-18T14:37:18","guid":{"rendered":"https:\/\/bey-s.com\/?page_id=698"},"modified":"2022-01-11T21:38:05","modified_gmt":"2022-01-11T20:38:05","slug":"industrielle-schaltanlagen-fuer-steuer-und-leistungsschranke","status":"publish","type":"page","link":"https:\/\/bey-s.com\/de\/produkte\/industrielle-schaltanlagen-fuer-steuer-und-leistungsschranke\/","title":{"rendered":"Industrielle Schaltanlagen f\u00fcr Steuer- und Leistungsschr\u00e4nke"},"content":{"rendered":"<div  class='avia-slideshow av-18smju-2232b55ae3d5db089c82a36652adae0b avia-slideshow-featured av_slideshow avia-slide-slider  avia-builder-el-0  el_before_av_one_full  avia-builder-el-first  av-slideshow-ui av-control-default av-slideshow-manual av-loop-once av-loop-manual-endless av-default-height-applied avia-slideshow-1' data-slideshow-options=\"{&quot;animation&quot;:&quot;slide&quot;,&quot;autoplay&quot;:false,&quot;loop_autoplay&quot;:&quot;once&quot;,&quot;interval&quot;:5,&quot;loop_manual&quot;:&quot;manual-endless&quot;,&quot;autoplay_stopper&quot;:false,&quot;noNavigation&quot;:false,&quot;bg_slider&quot;:false,&quot;keep_padding&quot;:false,&quot;hoverpause&quot;:false,&quot;show_slide_delay&quot;:0}\"  itemprop=\"image\" itemscope=\"itemscope\" itemtype=\"https:\/\/schema.org\/ImageObject\" ><ul class='avia-slideshow-inner ' style='padding-bottom: 28.666666666667%;'><li  class='avia-slideshow-slide av-18smju-2232b55ae3d5db089c82a36652adae0b__0  av-single-slide slide-1 slide-odd'><div data-rel='slideshow-1' class='avia-slide-wrap '   ><img decoding=\"async\" class=\"wp-image-887 avia-img-lazy-loading-not-887\"  src=\"https:\/\/bey-s.com\/wp-content\/uploads\/2021\/10\/schaltschraenke-beys-deutschland-tuerkei-1.jpg\" width=\"1500\" height=\"430\" title='Schaltschraenke Beys Deutschland Tuerkei' alt=''  itemprop=\"thumbnailUrl\" srcset=\"https:\/\/bey-s.com\/wp-content\/uploads\/2021\/10\/schaltschraenke-beys-deutschland-tuerkei-1.jpg 1500w, https:\/\/bey-s.com\/wp-content\/uploads\/2021\/10\/schaltschraenke-beys-deutschland-tuerkei-1-300x86.jpg 300w, https:\/\/bey-s.com\/wp-content\/uploads\/2021\/10\/schaltschraenke-beys-deutschland-tuerkei-1-1030x295.jpg 1030w, https:\/\/bey-s.com\/wp-content\/uploads\/2021\/10\/schaltschraenke-beys-deutschland-tuerkei-1-768x220.jpg 768w, https:\/\/bey-s.com\/wp-content\/uploads\/2021\/10\/schaltschraenke-beys-deutschland-tuerkei-1-705x202.jpg 705w\" sizes=\"(max-width: 1500px) 100vw, 1500px\" \/><\/div><\/li><\/ul><\/div>\n\n<style type=\"text\/css\" data-created_by=\"avia_inline_auto\" id=\"style-css-av-133gqy-3fb9efe8caf98cc8b3e4164914badb6a\">\n.flex_column.av-133gqy-3fb9efe8caf98cc8b3e4164914badb6a{\n-webkit-border-radius:0px 0px 0px 0px;\n-moz-border-radius:0px 0px 0px 0px;\nborder-radius:0px 0px 0px 0px;\npadding:0px 0px 0px 0px;\n}\n<\/style>\n<div class='flex_column av-133gqy-3fb9efe8caf98cc8b3e4164914badb6a av_one_full  avia-builder-el-1  el_after_av_slideshow  el_before_av_one_half  first flex_column_div av-zero-column-padding '     ><p>\n<style type=\"text\/css\" data-created_by=\"avia_inline_auto\" id=\"style-css-av-kuwr622z-a5bb0a196da5b41f3bf0db7c9deec84f\">\n#top .av-special-heading.av-kuwr622z-a5bb0a196da5b41f3bf0db7c9deec84f{\npadding-bottom:10px;\n}\nbody .av-special-heading.av-kuwr622z-a5bb0a196da5b41f3bf0db7c9deec84f .av-special-heading-tag .heading-char{\nfont-size:25px;\n}\n.av-special-heading.av-kuwr622z-a5bb0a196da5b41f3bf0db7c9deec84f .av-subheading{\nfont-size:15px;\n}\n<\/style>\n<div  class='av-special-heading av-kuwr622z-a5bb0a196da5b41f3bf0db7c9deec84f av-special-heading-h2  avia-builder-el-2  el_before_av_hr  avia-builder-el-first '><h2 class='av-special-heading-tag'  itemprop=\"headline\"  >Industrielle Schaltanlagen f\u00fcr Steuer- und Leistungsschr\u00e4nke<\/h2><div class=\"special-heading-border\"><div class=\"special-heading-inner-border\"><\/div><\/div><\/div><br \/>\n\n<style type=\"text\/css\" data-created_by=\"avia_inline_auto\" id=\"style-css-av-kuwr6uu2-ae56d77b1ce4919e66ba27ce825cd8db\">\n#top .hr.av-kuwr6uu2-ae56d77b1ce4919e66ba27ce825cd8db{\nmargin-top:10px;\nmargin-bottom:10px;\n}\n.hr.av-kuwr6uu2-ae56d77b1ce4919e66ba27ce825cd8db .hr-inner{\nwidth:50px;\nborder-color:#efbb20;\n}\n<\/style>\n<div  class='hr av-kuwr6uu2-ae56d77b1ce4919e66ba27ce825cd8db hr-custom  avia-builder-el-3  el_after_av_heading  avia-builder-el-last  hr-left hr-icon-no'><span class='hr-inner inner-border-av-border-fat'><span class=\"hr-inner-style\"><\/span><\/span><\/div><\/p><\/div>\n\n<style type=\"text\/css\" data-created_by=\"avia_inline_auto\" id=\"style-css-av-kuwsdq46-176c08493a251b1cffbfa79b959fb7b7\">\n#top .flex_column.av-kuwsdq46-176c08493a251b1cffbfa79b959fb7b7{\nmargin-top:0px;\nmargin-bottom:0px;\n}\n.flex_column.av-kuwsdq46-176c08493a251b1cffbfa79b959fb7b7{\n-webkit-border-radius:0px 0px 0px 0px;\n-moz-border-radius:0px 0px 0px 0px;\nborder-radius:0px 0px 0px 0px;\npadding:0px 0px 0px 0px;\n}\n.responsive #top #wrap_all .flex_column.av-kuwsdq46-176c08493a251b1cffbfa79b959fb7b7{\nmargin-top:0px;\nmargin-bottom:0px;\n}\n<\/style>\n<div class='flex_column av-kuwsdq46-176c08493a251b1cffbfa79b959fb7b7 av_one_half  avia-builder-el-4  el_after_av_one_full  el_before_av_one_half  first flex_column_div av-zero-column-padding column-top-margin'     ><section  class='av_textblock_section av-kuwsbjca-7d43088ec40e610bab04daa930b1d90a'  itemscope=\"itemscope\" itemtype=\"https:\/\/schema.org\/CreativeWork\" ><div class='avia_textblock'  itemprop=\"text\" ><p>Unser Handelspartner ist einer der anerkanntesten Schaltschrankhersteller in der T\u00fcrkei. Schr\u00e4nke f\u00fcr den industriellen und privaten Einsatz k\u00f6nnen in allen Arten und Gr\u00f6\u00dfen nach Ma\u00df hergestellt werden. Die Best\u00fcckung von Schr\u00e4nken wird mit weltweit bekannten Komponenten und nach CE-Normen hergestellt.<\/p>\n<p>Es stehen mehrere Varianten von Schr\u00e4nken zur Verf\u00fcgung, die Innen sowie Au\u00dfen eingesetzt werden k\u00f6nnen. Das Produktportfolio unseres Partners umfasst neben den Wandschr\u00e4nken auch eine Vielzahl von Pultschr\u00e4nken die aus Edelstahl oder PC hergestellt werden k\u00f6nnen.<\/p>\n<\/div><\/section><\/div>\n<style type=\"text\/css\" data-created_by=\"avia_inline_auto\" id=\"style-css-av-qieka-af1deb131270f2aaa6d8eaa0ac8ce8aa\">\n#top .flex_column.av-qieka-af1deb131270f2aaa6d8eaa0ac8ce8aa{\nmargin-top:0px;\nmargin-bottom:0px;\n}\n.flex_column.av-qieka-af1deb131270f2aaa6d8eaa0ac8ce8aa{\n-webkit-border-radius:0px 0px 0px 0px;\n-moz-border-radius:0px 0px 0px 0px;\nborder-radius:0px 0px 0px 0px;\npadding:0px 0px 0px 0px;\n}\n.responsive #top #wrap_all .flex_column.av-qieka-af1deb131270f2aaa6d8eaa0ac8ce8aa{\nmargin-top:0px;\nmargin-bottom:0px;\n}\n<\/style>\n<div class='flex_column av-qieka-af1deb131270f2aaa6d8eaa0ac8ce8aa av_one_half  avia-builder-el-6  el_after_av_one_half  el_before_av_one_full  flex_column_div av-zero-column-padding column-top-margin'     ><section  class='av_textblock_section av-le6ma-d9357c3f1a037266d99ebe0dd516e58a'  itemscope=\"itemscope\" itemtype=\"https:\/\/schema.org\/CreativeWork\" ><div class='avia_textblock'  itemprop=\"text\" ><ul>\n<li>Kompakt Schaltschr\u00e4nke<\/li>\n<li>Schalttafeln<\/li>\n<li>Standpult Edelstahl<\/li>\n<li>Klemmenkasten Serie Vira<\/li>\n<li>Externer Schaltschrank<\/li>\n<li>Edelstahl Schaltschrank<\/li>\n<li>PC Kabine<\/li>\n<li>Zubeh\u00f6r<\/li>\n<\/ul>\n<\/div><\/section><\/div><\/p>\n\n<style type=\"text\/css\" data-created_by=\"avia_inline_auto\" id=\"style-css-av-d8vz6-d2c1fb335b119fa671ee2c5ba56235c4\">\n.flex_column.av-d8vz6-d2c1fb335b119fa671ee2c5ba56235c4{\n-webkit-border-radius:0px 0px 0px 0px;\n-moz-border-radius:0px 0px 0px 0px;\nborder-radius:0px 0px 0px 0px;\npadding:0px 0px 0px 0px;\n}\n<\/style>\n<div class='flex_column av-d8vz6-d2c1fb335b119fa671ee2c5ba56235c4 av_one_full  avia-builder-el-8  el_after_av_one_half  avia-builder-el-last  first flex_column_div av-zero-column-padding column-top-margin'     ><div  class='avia-slideshow av-bbakq-84539c8ed44eafc0d79b9f51cf6f6e79 avia-slideshow-no scaling av_slideshow avia-slide-slider  avia-builder-el-9  avia-builder-el-no-sibling  av-slideshow-ui av-control-default av-slideshow-manual av-loop-once av-loop-manual-endless av-default-height-applied avia-slideshow-2' data-slideshow-options=\"{&quot;animation&quot;:&quot;slide&quot;,&quot;autoplay&quot;:false,&quot;loop_autoplay&quot;:&quot;once&quot;,&quot;interval&quot;:5,&quot;loop_manual&quot;:&quot;manual-endless&quot;,&quot;autoplay_stopper&quot;:false,&quot;noNavigation&quot;:false,&quot;bg_slider&quot;:false,&quot;keep_padding&quot;:false,&quot;hoverpause&quot;:false,&quot;show_slide_delay&quot;:0}\"  itemprop=\"image\" itemscope=\"itemscope\" itemtype=\"https:\/\/schema.org\/ImageObject\" ><ul class='avia-slideshow-inner ' style='padding-bottom: 63.333333333333%;'><li  class='avia-slideshow-slide av-bbakq-84539c8ed44eafc0d79b9f51cf6f6e79__0  slide-1 slide-odd'><div data-rel='slideshow-2' class='avia-slide-wrap '   ><img decoding=\"async\" class=\"wp-image-964 avia-img-lazy-loading-not-964\"  src=\"https:\/\/bey-s.com\/wp-content\/uploads\/2021\/10\/schaltschraenke-beys-1.jpg\" width=\"1500\" height=\"950\" title='Schaltschraenke Beys 1' alt=''  itemprop=\"thumbnailUrl\" srcset=\"https:\/\/bey-s.com\/wp-content\/uploads\/2021\/10\/schaltschraenke-beys-1.jpg 1500w, https:\/\/bey-s.com\/wp-content\/uploads\/2021\/10\/schaltschraenke-beys-1-300x190.jpg 300w, https:\/\/bey-s.com\/wp-content\/uploads\/2021\/10\/schaltschraenke-beys-1-1030x652.jpg 1030w, https:\/\/bey-s.com\/wp-content\/uploads\/2021\/10\/schaltschraenke-beys-1-768x486.jpg 768w, https:\/\/bey-s.com\/wp-content\/uploads\/2021\/10\/schaltschraenke-beys-1-705x447.jpg 705w\" sizes=\"(max-width: 1500px) 100vw, 1500px\" \/><\/div><\/li><li  class='avia-slideshow-slide av-bbakq-84539c8ed44eafc0d79b9f51cf6f6e79__1  slide-2 slide-even'><div data-rel='slideshow-2' class='avia-slide-wrap '   ><img decoding=\"async\" class=\"wp-image-966 avia-img-lazy-loading-not-966\"  src=\"https:\/\/bey-s.com\/wp-content\/uploads\/2021\/10\/schaltschraenke-beys-2.jpg\" width=\"1500\" height=\"950\" title='Schaltschraenke Beys 2' alt=''  itemprop=\"thumbnailUrl\" srcset=\"https:\/\/bey-s.com\/wp-content\/uploads\/2021\/10\/schaltschraenke-beys-2.jpg 1500w, https:\/\/bey-s.com\/wp-content\/uploads\/2021\/10\/schaltschraenke-beys-2-300x190.jpg 300w, https:\/\/bey-s.com\/wp-content\/uploads\/2021\/10\/schaltschraenke-beys-2-1030x652.jpg 1030w, https:\/\/bey-s.com\/wp-content\/uploads\/2021\/10\/schaltschraenke-beys-2-768x486.jpg 768w, https:\/\/bey-s.com\/wp-content\/uploads\/2021\/10\/schaltschraenke-beys-2-705x447.jpg 705w\" sizes=\"(max-width: 1500px) 100vw, 1500px\" \/><\/div><\/li><li  class='avia-slideshow-slide av-bbakq-84539c8ed44eafc0d79b9f51cf6f6e79__2  slide-3 slide-odd'><div data-rel='slideshow-2' class='avia-slide-wrap '   ><img decoding=\"async\" class=\"wp-image-980 avia-img-lazy-loading-not-980\"  src=\"https:\/\/bey-s.com\/wp-content\/uploads\/2021\/10\/schaltschraenke-beys-9.jpg\" width=\"1500\" height=\"950\" title='Schaltschraenke Beys 9' alt=''  itemprop=\"thumbnailUrl\" srcset=\"https:\/\/bey-s.com\/wp-content\/uploads\/2021\/10\/schaltschraenke-beys-9.jpg 1500w, https:\/\/bey-s.com\/wp-content\/uploads\/2021\/10\/schaltschraenke-beys-9-300x190.jpg 300w, https:\/\/bey-s.com\/wp-content\/uploads\/2021\/10\/schaltschraenke-beys-9-1030x652.jpg 1030w, https:\/\/bey-s.com\/wp-content\/uploads\/2021\/10\/schaltschraenke-beys-9-768x486.jpg 768w, https:\/\/bey-s.com\/wp-content\/uploads\/2021\/10\/schaltschraenke-beys-9-705x447.jpg 705w\" sizes=\"(max-width: 1500px) 100vw, 1500px\" \/><\/div><\/li><li  class='avia-slideshow-slide av-bbakq-84539c8ed44eafc0d79b9f51cf6f6e79__3  slide-4 slide-even'><div data-rel='slideshow-2' class='avia-slide-wrap '   ><img decoding=\"async\" class=\"wp-image-962 avia-img-lazy-loading-not-962\"  src=\"https:\/\/bey-s.com\/wp-content\/uploads\/2021\/10\/schaltschraenke-beys-11.jpg\" width=\"1500\" height=\"950\" title='Schaltschraenke Beys 11' alt=''  itemprop=\"thumbnailUrl\" srcset=\"https:\/\/bey-s.com\/wp-content\/uploads\/2021\/10\/schaltschraenke-beys-11.jpg 1500w, https:\/\/bey-s.com\/wp-content\/uploads\/2021\/10\/schaltschraenke-beys-11-300x190.jpg 300w, https:\/\/bey-s.com\/wp-content\/uploads\/2021\/10\/schaltschraenke-beys-11-1030x652.jpg 1030w, https:\/\/bey-s.com\/wp-content\/uploads\/2021\/10\/schaltschraenke-beys-11-768x486.jpg 768w, https:\/\/bey-s.com\/wp-content\/uploads\/2021\/10\/schaltschraenke-beys-11-705x447.jpg 705w\" sizes=\"(max-width: 1500px) 100vw, 1500px\" \/><\/div><\/li><li  class='avia-slideshow-slide av-bbakq-84539c8ed44eafc0d79b9f51cf6f6e79__4  slide-5 slide-odd'><div data-rel='slideshow-2' class='avia-slide-wrap '   ><img decoding=\"async\" class=\"wp-image-978 avia-img-lazy-loading-not-978\"  src=\"https:\/\/bey-s.com\/wp-content\/uploads\/2021\/10\/schaltschraenke-beys-8.jpg\" width=\"1500\" height=\"950\" title='Schaltschraenke Beys 8' alt=''  itemprop=\"thumbnailUrl\" srcset=\"https:\/\/bey-s.com\/wp-content\/uploads\/2021\/10\/schaltschraenke-beys-8.jpg 1500w, https:\/\/bey-s.com\/wp-content\/uploads\/2021\/10\/schaltschraenke-beys-8-300x190.jpg 300w, https:\/\/bey-s.com\/wp-content\/uploads\/2021\/10\/schaltschraenke-beys-8-1030x652.jpg 1030w, https:\/\/bey-s.com\/wp-content\/uploads\/2021\/10\/schaltschraenke-beys-8-768x486.jpg 768w, https:\/\/bey-s.com\/wp-content\/uploads\/2021\/10\/schaltschraenke-beys-8-705x447.jpg 705w\" sizes=\"(max-width: 1500px) 100vw, 1500px\" \/><\/div><\/li><li  class='avia-slideshow-slide av-bbakq-84539c8ed44eafc0d79b9f51cf6f6e79__5  slide-6 slide-even'><div data-rel='slideshow-2' class='avia-slide-wrap '   ><img decoding=\"async\" class=\"wp-image-976 avia-img-lazy-loading-not-976\"  src=\"https:\/\/bey-s.com\/wp-content\/uploads\/2021\/10\/schaltschraenke-beys-7.jpg\" width=\"1500\" height=\"950\" title='Schaltschraenke Beys 7' alt=''  itemprop=\"thumbnailUrl\" srcset=\"https:\/\/bey-s.com\/wp-content\/uploads\/2021\/10\/schaltschraenke-beys-7.jpg 1500w, https:\/\/bey-s.com\/wp-content\/uploads\/2021\/10\/schaltschraenke-beys-7-300x190.jpg 300w, https:\/\/bey-s.com\/wp-content\/uploads\/2021\/10\/schaltschraenke-beys-7-1030x652.jpg 1030w, https:\/\/bey-s.com\/wp-content\/uploads\/2021\/10\/schaltschraenke-beys-7-768x486.jpg 768w, https:\/\/bey-s.com\/wp-content\/uploads\/2021\/10\/schaltschraenke-beys-7-705x447.jpg 705w\" sizes=\"(max-width: 1500px) 100vw, 1500px\" \/><\/div><\/li><li  class='avia-slideshow-slide av-bbakq-84539c8ed44eafc0d79b9f51cf6f6e79__6  slide-7 slide-odd'><div data-rel='slideshow-2' class='avia-slide-wrap '   ><img decoding=\"async\" class=\"wp-image-974 avia-img-lazy-loading-not-974\"  src=\"https:\/\/bey-s.com\/wp-content\/uploads\/2021\/10\/schaltschraenke-beys-6.jpg\" width=\"1500\" height=\"950\" title='Schaltschraenke Beys 6' alt=''  itemprop=\"thumbnailUrl\" srcset=\"https:\/\/bey-s.com\/wp-content\/uploads\/2021\/10\/schaltschraenke-beys-6.jpg 1500w, https:\/\/bey-s.com\/wp-content\/uploads\/2021\/10\/schaltschraenke-beys-6-300x190.jpg 300w, https:\/\/bey-s.com\/wp-content\/uploads\/2021\/10\/schaltschraenke-beys-6-1030x652.jpg 1030w, https:\/\/bey-s.com\/wp-content\/uploads\/2021\/10\/schaltschraenke-beys-6-768x486.jpg 768w, https:\/\/bey-s.com\/wp-content\/uploads\/2021\/10\/schaltschraenke-beys-6-705x447.jpg 705w\" sizes=\"(max-width: 1500px) 100vw, 1500px\" \/><\/div><\/li><li  class='avia-slideshow-slide av-bbakq-84539c8ed44eafc0d79b9f51cf6f6e79__7  slide-8 slide-even'><div data-rel='slideshow-2' class='avia-slide-wrap '   ><img decoding=\"async\" class=\"wp-image-970 avia-img-lazy-loading-not-970\"  src=\"https:\/\/bey-s.com\/wp-content\/uploads\/2021\/10\/schaltschraenke-beys-4.jpg\" width=\"1500\" height=\"950\" title='Schaltschraenke Beys 4' alt=''  itemprop=\"thumbnailUrl\" srcset=\"https:\/\/bey-s.com\/wp-content\/uploads\/2021\/10\/schaltschraenke-beys-4.jpg 1500w, https:\/\/bey-s.com\/wp-content\/uploads\/2021\/10\/schaltschraenke-beys-4-300x190.jpg 300w, https:\/\/bey-s.com\/wp-content\/uploads\/2021\/10\/schaltschraenke-beys-4-1030x652.jpg 1030w, https:\/\/bey-s.com\/wp-content\/uploads\/2021\/10\/schaltschraenke-beys-4-768x486.jpg 768w, https:\/\/bey-s.com\/wp-content\/uploads\/2021\/10\/schaltschraenke-beys-4-705x447.jpg 705w\" sizes=\"(max-width: 1500px) 100vw, 1500px\" \/><\/div><\/li><li  class='avia-slideshow-slide av-bbakq-84539c8ed44eafc0d79b9f51cf6f6e79__8  slide-9 slide-odd'><div data-rel='slideshow-2' class='avia-slide-wrap '   ><img decoding=\"async\" class=\"wp-image-968 avia-img-lazy-loading-not-968\"  src=\"https:\/\/bey-s.com\/wp-content\/uploads\/2021\/10\/schaltschraenke-beys-3.jpg\" width=\"1500\" height=\"950\" title='Schaltschraenke Beys 3' alt=''  itemprop=\"thumbnailUrl\" srcset=\"https:\/\/bey-s.com\/wp-content\/uploads\/2021\/10\/schaltschraenke-beys-3.jpg 1500w, https:\/\/bey-s.com\/wp-content\/uploads\/2021\/10\/schaltschraenke-beys-3-300x190.jpg 300w, https:\/\/bey-s.com\/wp-content\/uploads\/2021\/10\/schaltschraenke-beys-3-1030x652.jpg 1030w, https:\/\/bey-s.com\/wp-content\/uploads\/2021\/10\/schaltschraenke-beys-3-768x486.jpg 768w, https:\/\/bey-s.com\/wp-content\/uploads\/2021\/10\/schaltschraenke-beys-3-705x447.jpg 705w\" sizes=\"(max-width: 1500px) 100vw, 1500px\" \/><\/div><\/li><\/ul><div class='avia-slideshow-arrows avia-slideshow-controls' ><a href='#prev' class='prev-slide ' aria-hidden='true' data-av_icon='\ue87c' data-av_iconfont='entypo-fontello'  tabindex='-1'>Zur\u00fcck<\/a><a href='#next' class='next-slide ' aria-hidden='true' data-av_icon='\ue87d' data-av_iconfont='entypo-fontello'  tabindex='-1'>Weiter<\/a><\/div><div class='avia-slideshow-dots avia-slideshow-controls'><a href='#1' class='goto-slide active' >1<\/a><a href='#2' class='goto-slide ' >2<\/a><a href='#3' class='goto-slide ' >3<\/a><a href='#4' class='goto-slide ' >4<\/a><a href='#5' class='goto-slide ' >5<\/a><a href='#6' class='goto-slide ' >6<\/a><a href='#7' class='goto-slide ' >7<\/a><a href='#8' class='goto-slide ' >8<\/a><a href='#9' class='goto-slide ' >9<\/a><\/div><\/div><\/div>\n","protected":false},"excerpt":{"rendered":"","protected":false},"author":1,"featured_media":0,"parent":25,"menu_order":0,"comment_status":"closed","ping_status":"closed","template":"","meta":{"footnotes":""},"class_list":["post-698","page","type-page","status-publish","hentry"],"yoast_head":"<!-- This site is optimized with the Yoast SEO plugin v26.7 - https:\/\/yoast.com\/wordpress\/plugins\/seo\/ -->\n<title>Industrielle Schaltanlagen f\u00fcr Steuer- und Leistungsschr\u00e4nke - Bey-S<\/title>\n<meta name=\"robots\" content=\"index, follow, max-snippet:-1, max-image-preview:large, max-video-preview:-1\" \/>\n<link rel=\"canonical\" href=\"https:\/\/bey-s.com\/de\/produkte\/industrielle-schaltanlagen-fuer-steuer-und-leistungsschranke\/\" \/>\n<meta property=\"og:locale\" content=\"de_DE\" \/>\n<meta property=\"og:type\" content=\"article\" \/>\n<meta property=\"og:title\" content=\"Industrielle Schaltanlagen f\u00fcr Steuer- und Leistungsschr\u00e4nke - Bey-S\" \/>\n<meta property=\"og:url\" content=\"https:\/\/bey-s.com\/de\/produkte\/industrielle-schaltanlagen-fuer-steuer-und-leistungsschranke\/\" \/>\n<meta property=\"og:site_name\" content=\"Bey-S\" \/>\n<meta property=\"article:modified_time\" content=\"2022-01-11T20:38:05+00:00\" \/>\n<meta name=\"twitter:card\" content=\"summary_large_image\" \/>\n<meta name=\"twitter:label1\" content=\"Gesch\u00e4tzte Lesezeit\" \/>\n\t<meta name=\"twitter:data1\" content=\"4\u00a0Minuten\" \/>\n<script type=\"application\/ld+json\" class=\"yoast-schema-graph\">{\"@context\":\"https:\/\/schema.org\",\"@graph\":[{\"@type\":\"WebPage\",\"@id\":\"https:\/\/bey-s.com\/de\/produkte\/industrielle-schaltanlagen-fuer-steuer-und-leistungsschranke\/\",\"url\":\"https:\/\/bey-s.com\/de\/produkte\/industrielle-schaltanlagen-fuer-steuer-und-leistungsschranke\/\",\"name\":\"Industrielle Schaltanlagen f\u00fcr Steuer- und Leistungsschr\u00e4nke - Bey-S\",\"isPartOf\":{\"@id\":\"https:\/\/bey-s.com\/de\/#website\"},\"datePublished\":\"2021-10-18T14:37:18+00:00\",\"dateModified\":\"2022-01-11T20:38:05+00:00\",\"breadcrumb\":{\"@id\":\"https:\/\/bey-s.com\/de\/produkte\/industrielle-schaltanlagen-fuer-steuer-und-leistungsschranke\/#breadcrumb\"},\"inLanguage\":\"de\",\"potentialAction\":[{\"@type\":\"ReadAction\",\"target\":[\"https:\/\/bey-s.com\/de\/produkte\/industrielle-schaltanlagen-fuer-steuer-und-leistungsschranke\/\"]}]},{\"@type\":\"BreadcrumbList\",\"@id\":\"https:\/\/bey-s.com\/de\/produkte\/industrielle-schaltanlagen-fuer-steuer-und-leistungsschranke\/#breadcrumb\",\"itemListElement\":[{\"@type\":\"ListItem\",\"position\":1,\"name\":\"Home\",\"item\":\"https:\/\/bey-s.com\/de\/\"},{\"@type\":\"ListItem\",\"position\":2,\"name\":\"Produkte\",\"item\":\"https:\/\/bey-s.com\/de\/produkte\/\"},{\"@type\":\"ListItem\",\"position\":3,\"name\":\"Industrielle Schaltanlagen f\u00fcr Steuer- und Leistungsschr\u00e4nke\"}]},{\"@type\":\"WebSite\",\"@id\":\"https:\/\/bey-s.com\/de\/#website\",\"url\":\"https:\/\/bey-s.com\/de\/\",\"name\":\"Bey-S\",\"description\":\"\",\"potentialAction\":[{\"@type\":\"SearchAction\",\"target\":{\"@type\":\"EntryPoint\",\"urlTemplate\":\"https:\/\/bey-s.com\/de\/?s={search_term_string}\"},\"query-input\":{\"@type\":\"PropertyValueSpecification\",\"valueRequired\":true,\"valueName\":\"search_term_string\"}}],\"inLanguage\":\"de\"}]}<\/script>\n<!-- \/ Yoast SEO plugin. -->","yoast_head_json":{"title":"Industrielle Schaltanlagen f\u00fcr Steuer- und Leistungsschr\u00e4nke - Bey-S","robots":{"index":"index","follow":"follow","max-snippet":"max-snippet:-1","max-image-preview":"max-image-preview:large","max-video-preview":"max-video-preview:-1"},"canonical":"https:\/\/bey-s.com\/de\/produkte\/industrielle-schaltanlagen-fuer-steuer-und-leistungsschranke\/","og_locale":"de_DE","og_type":"article","og_title":"Industrielle Schaltanlagen f\u00fcr Steuer- und Leistungsschr\u00e4nke - Bey-S","og_url":"https:\/\/bey-s.com\/de\/produkte\/industrielle-schaltanlagen-fuer-steuer-und-leistungsschranke\/","og_site_name":"Bey-S","article_modified_time":"2022-01-11T20:38:05+00:00","twitter_card":"summary_large_image","twitter_misc":{"Gesch\u00e4tzte Lesezeit":"4\u00a0Minuten"},"schema":{"@context":"https:\/\/schema.org","@graph":[{"@type":"WebPage","@id":"https:\/\/bey-s.com\/de\/produkte\/industrielle-schaltanlagen-fuer-steuer-und-leistungsschranke\/","url":"https:\/\/bey-s.com\/de\/produkte\/industrielle-schaltanlagen-fuer-steuer-und-leistungsschranke\/","name":"Industrielle Schaltanlagen f\u00fcr Steuer- und Leistungsschr\u00e4nke - Bey-S","isPartOf":{"@id":"https:\/\/bey-s.com\/de\/#website"},"datePublished":"2021-10-18T14:37:18+00:00","dateModified":"2022-01-11T20:38:05+00:00","breadcrumb":{"@id":"https:\/\/bey-s.com\/de\/produkte\/industrielle-schaltanlagen-fuer-steuer-und-leistungsschranke\/#breadcrumb"},"inLanguage":"de","potentialAction":[{"@type":"ReadAction","target":["https:\/\/bey-s.com\/de\/produkte\/industrielle-schaltanlagen-fuer-steuer-und-leistungsschranke\/"]}]},{"@type":"BreadcrumbList","@id":"https:\/\/bey-s.com\/de\/produkte\/industrielle-schaltanlagen-fuer-steuer-und-leistungsschranke\/#breadcrumb","itemListElement":[{"@type":"ListItem","position":1,"name":"Home","item":"https:\/\/bey-s.com\/de\/"},{"@type":"ListItem","position":2,"name":"Produkte","item":"https:\/\/bey-s.com\/de\/produkte\/"},{"@type":"ListItem","position":3,"name":"Industrielle Schaltanlagen f\u00fcr Steuer- und Leistungsschr\u00e4nke"}]},{"@type":"WebSite","@id":"https:\/\/bey-s.com\/de\/#website","url":"https:\/\/bey-s.com\/de\/","name":"Bey-S","description":"","potentialAction":[{"@type":"SearchAction","target":{"@type":"EntryPoint","urlTemplate":"https:\/\/bey-s.com\/de\/?s={search_term_string}"},"query-input":{"@type":"PropertyValueSpecification","valueRequired":true,"valueName":"search_term_string"}}],"inLanguage":"de"}]}},"_links":{"self":[{"href":"https:\/\/bey-s.com\/de\/wp-json\/wp\/v2\/pages\/698","targetHints":{"allow":["GET"]}}],"collection":[{"href":"https:\/\/bey-s.com\/de\/wp-json\/wp\/v2\/pages"}],"about":[{"href":"https:\/\/bey-s.com\/de\/wp-json\/wp\/v2\/types\/page"}],"author":[{"embeddable":true,"href":"https:\/\/bey-s.com\/de\/wp-json\/wp\/v2\/users\/1"}],"replies":[{"embeddable":true,"href":"https:\/\/bey-s.com\/de\/wp-json\/wp\/v2\/comments?post=698"}],"version-history":[{"count":28,"href":"https:\/\/bey-s.com\/de\/wp-json\/wp\/v2\/pages\/698\/revisions"}],"predecessor-version":[{"id":1342,"href":"https:\/\/bey-s.com\/de\/wp-json\/wp\/v2\/pages\/698\/revisions\/1342"}],"up":[{"embeddable":true,"href":"https:\/\/bey-s.com\/de\/wp-json\/wp\/v2\/pages\/25"}],"wp:attachment":[{"href":"https:\/\/bey-s.com\/de\/wp-json\/wp\/v2\/media?parent=698"}],"curies":[{"name":"wp","href":"https:\/\/api.w.org\/{rel}","templated":true}]}}