{"id":135,"date":"2015-10-22T15:31:25","date_gmt":"2015-10-22T15:31:25","guid":{"rendered":"http:\/\/test.kriesi.at\/construction\/?page_id=135"},"modified":"2022-01-11T21:32:57","modified_gmt":"2022-01-11T20:32:57","slug":"oberflaechenbehandlung","status":"publish","type":"page","link":"https:\/\/bey-s.com\/de\/produkte\/oberflaechenbehandlung\/","title":{"rendered":"Oberfl\u00e4chenbehandlung"},"content":{"rendered":"<div  class='avia-slideshow av-40dx3r-e01e50b254386ac97d68309dc793707f avia-slideshow-featured_large av_slideshow avia-fade-slider  avia-builder-el-0  el_before_av_one_full  avia-builder-el-first  av-slideshow-ui av-control-hidden av-no-slider-navigation av-hide-nav-arrows av-slideshow-autoplay av-loop-endless av-loop-manual-endless av-default-height-applied avia-slideshow-1' data-slideshow-options=\"{&quot;animation&quot;:&quot;fade&quot;,&quot;autoplay&quot;:true,&quot;loop_autoplay&quot;:&quot;endless&quot;,&quot;interval&quot;:5,&quot;loop_manual&quot;:&quot;manual-endless&quot;,&quot;autoplay_stopper&quot;:false,&quot;noNavigation&quot;:true,&quot;bg_slider&quot;:false,&quot;keep_padding&quot;:false,&quot;hoverpause&quot;:false,&quot;show_slide_delay&quot;:0}\"  itemprop=\"image\" itemscope=\"itemscope\" itemtype=\"https:\/\/schema.org\/ImageObject\" ><ul class='avia-slideshow-inner ' style='padding-bottom: 28.642857142857%;'><li  class='avia-slideshow-slide av-40dx3r-e01e50b254386ac97d68309dc793707f__0  av-single-slide slide-1 slide-odd'><div data-rel='slideshow-1' class='avia-slide-wrap '   ><img decoding=\"async\" class=\"wp-image-885 avia-img-lazy-loading-not-885\"  src=\"https:\/\/bey-s.com\/wp-content\/uploads\/2021\/10\/oberflaechenbehandlung-beschichtung-von-materialien-beys-1.jpg\" width=\"1400\" height=\"401\" title='Oberflaechenbehandlung Beschichtung Von Materialien Beys' alt=''  itemprop=\"thumbnailUrl\" srcset=\"https:\/\/bey-s.com\/wp-content\/uploads\/2021\/10\/oberflaechenbehandlung-beschichtung-von-materialien-beys-1.jpg 1400w, https:\/\/bey-s.com\/wp-content\/uploads\/2021\/10\/oberflaechenbehandlung-beschichtung-von-materialien-beys-1-300x86.jpg 300w, https:\/\/bey-s.com\/wp-content\/uploads\/2021\/10\/oberflaechenbehandlung-beschichtung-von-materialien-beys-1-1030x295.jpg 1030w, https:\/\/bey-s.com\/wp-content\/uploads\/2021\/10\/oberflaechenbehandlung-beschichtung-von-materialien-beys-1-768x220.jpg 768w, https:\/\/bey-s.com\/wp-content\/uploads\/2021\/10\/oberflaechenbehandlung-beschichtung-von-materialien-beys-1-705x202.jpg 705w\" sizes=\"(max-width: 1400px) 100vw, 1400px\" \/><\/div><\/li><\/ul><\/div>\n\n<style type=\"text\/css\" data-created_by=\"avia_inline_auto\" id=\"style-css-av-3gs5p3-f4601078e03d541fafadb9d431ee879f\">\n#top .flex_column.av-3gs5p3-f4601078e03d541fafadb9d431ee879f{\nmargin-top:0px;\nmargin-bottom:0px;\n}\n.flex_column.av-3gs5p3-f4601078e03d541fafadb9d431ee879f{\n-webkit-border-radius:0px 0px 0px 0px;\n-moz-border-radius:0px 0px 0px 0px;\nborder-radius:0px 0px 0px 0px;\npadding:0px 0px 0px 0px;\n}\n.responsive #top #wrap_all .flex_column.av-3gs5p3-f4601078e03d541fafadb9d431ee879f{\nmargin-top:0px;\nmargin-bottom:0px;\n}\n<\/style>\n<div class='flex_column av-3gs5p3-f4601078e03d541fafadb9d431ee879f av_one_full  avia-builder-el-1  el_after_av_slideshow  el_before_av_one_half  first flex_column_div av-animated-generic bottom-to-top av-zero-column-padding '     ><p>\n<style type=\"text\/css\" data-created_by=\"avia_inline_auto\" id=\"style-css-av-39gkhz-41f0137118bd6366d5ec660f98f8bfdd\">\n#top .av-special-heading.av-39gkhz-41f0137118bd6366d5ec660f98f8bfdd{\npadding-bottom:0;\n}\nbody .av-special-heading.av-39gkhz-41f0137118bd6366d5ec660f98f8bfdd .av-special-heading-tag .heading-char{\nfont-size:25px;\n}\n.av-special-heading.av-39gkhz-41f0137118bd6366d5ec660f98f8bfdd .av-subheading{\nfont-size:15px;\n}\n<\/style>\n<div  class='av-special-heading av-39gkhz-41f0137118bd6366d5ec660f98f8bfdd av-special-heading-h2 blockquote modern-quote  avia-builder-el-2  el_before_av_hr  avia-builder-el-first '><h2 class='av-special-heading-tag'  itemprop=\"headline\"  >Oberfl\u00e4chenbehandlung<\/h2><div class=\"special-heading-border\"><div class=\"special-heading-inner-border\"><\/div><\/div><\/div><br \/>\n\n<style type=\"text\/css\" data-created_by=\"avia_inline_auto\" id=\"style-css-av-3224of-db12163a88a9065032eee603fef79c92\">\n#top .hr.av-3224of-db12163a88a9065032eee603fef79c92{\nmargin-top:10px;\nmargin-bottom:10px;\n}\n.hr.av-3224of-db12163a88a9065032eee603fef79c92 .hr-inner{\nwidth:50px;\nborder-color:#efbb20;\n}\n<\/style>\n<div  class='hr av-3224of-db12163a88a9065032eee603fef79c92 hr-custom  avia-builder-el-3  el_after_av_heading  avia-builder-el-last  hr-left hr-icon-no'><span class='hr-inner inner-border-av-border-fat'><span class=\"hr-inner-style\"><\/span><\/span><\/div><\/p><\/div>\n\n<style type=\"text\/css\" data-created_by=\"avia_inline_auto\" id=\"style-css-av-2vvwof-f376ae7e8af3806df5b08f8762d420b4\">\n#top .flex_column.av-2vvwof-f376ae7e8af3806df5b08f8762d420b4{\nmargin-top:0px;\nmargin-bottom:0px;\n}\n.flex_column.av-2vvwof-f376ae7e8af3806df5b08f8762d420b4{\n-webkit-border-radius:0px 0px 0px 0px;\n-moz-border-radius:0px 0px 0px 0px;\nborder-radius:0px 0px 0px 0px;\npadding:0px 0px 0px 0px;\n}\n.responsive #top #wrap_all .flex_column.av-2vvwof-f376ae7e8af3806df5b08f8762d420b4{\nmargin-top:0px;\nmargin-bottom:0px;\n}\n<\/style>\n<div class='flex_column av-2vvwof-f376ae7e8af3806df5b08f8762d420b4 av_one_half  avia-builder-el-4  el_after_av_one_full  el_before_av_one_half  first flex_column_div av-animated-generic bottom-to-top av-zero-column-padding column-top-margin'     ><section  class='av_textblock_section av-2rqjd3-f199bb384c2305a5884d7ecab44d1b8c'  itemscope=\"itemscope\" itemtype=\"https:\/\/schema.org\/CreativeWork\" ><div class='avia_textblock'  itemprop=\"text\" ><p>In vielen Industriezweigen ist die Behandlung von Metallen zwingend notwendig. Die pr\u00e4zise Behandlung der Metalloberfl\u00e4che hat eine immense Bedeutung f\u00fcr die Funktion und Lebensdauer der Bauteile.<\/p>\n<p>Unsere Handelspartner sind darauf spezialisiert Ihre Metall-Produkte zu Reinigen und nach Ihren Vorgaben zu Beschichten. Dabei ist f\u00fcr jede Branche die passende Leistung f\u00fcr die Oberfl\u00e4chenbehandlung gesichert. Gerne \u00fcbernehmen wir Ihr Vorhaben oder vermitteln Ihnen passende Handelspartner.<\/p>\n<\/div><\/section><\/div>\n<style type=\"text\/css\" data-created_by=\"avia_inline_auto\" id=\"style-css-av-2mlufz-d0f9ad45290e558b66cae87bab4d7084\">\n#top .flex_column.av-2mlufz-d0f9ad45290e558b66cae87bab4d7084{\nmargin-top:0px;\nmargin-bottom:0px;\n}\n.flex_column.av-2mlufz-d0f9ad45290e558b66cae87bab4d7084{\n-webkit-border-radius:0px 0px 0px 0px;\n-moz-border-radius:0px 0px 0px 0px;\nborder-radius:0px 0px 0px 0px;\npadding:0px 0px 0px 0px;\n}\n.responsive #top #wrap_all .flex_column.av-2mlufz-d0f9ad45290e558b66cae87bab4d7084{\nmargin-top:0px;\nmargin-bottom:0px;\n}\n<\/style>\n<div class='flex_column av-2mlufz-d0f9ad45290e558b66cae87bab4d7084 av_one_half  avia-builder-el-6  el_after_av_one_half  el_before_av_one_full  flex_column_div av-animated-generic bottom-to-top av-zero-column-padding column-top-margin'     ><section  class='av_textblock_section av-2c0b3r-c60e9f19fbc34f11ce547b136e73c753'  itemscope=\"itemscope\" itemtype=\"https:\/\/schema.org\/CreativeWork\" ><div class='avia_textblock'  itemprop=\"text\" ><ul>\n<li>Pulverbeschichtung<\/li>\n<li>Kunststoffbeschichtung<\/li>\n<li>Verzinken (blau oder schwarz Passiviert)<\/li>\n<li>Feuerverzinkung<\/li>\n<li>KTL (Kathodische Tauchlackierung)<\/li>\n<li>Chromatierung<\/li>\n<li>Br\u00fcnieren<\/li>\n<\/ul>\n<\/div><\/section><\/div><\/p>\n\n<style type=\"text\/css\" data-created_by=\"avia_inline_auto\" id=\"style-css-av-27y72n-5477d048edf38af905440f0af0d02fda\">\n.flex_column.av-27y72n-5477d048edf38af905440f0af0d02fda{\n-webkit-border-radius:0px 0px 0px 0px;\n-moz-border-radius:0px 0px 0px 0px;\nborder-radius:0px 0px 0px 0px;\npadding:0px 0px 0px 0px;\n}\n<\/style>\n<div class='flex_column av-27y72n-5477d048edf38af905440f0af0d02fda av_one_full  avia-builder-el-8  el_after_av_one_half  avia-builder-el-last  first flex_column_div av-animated-generic bottom-to-top av-zero-column-padding column-top-margin'     ><div  class='avia-slideshow av-krm0x17y-87bb6b11287579fead2fe99bae482683 avia-slideshow-no scaling av_slideshow avia-slide-slider  avia-builder-el-9  avia-builder-el-no-sibling  av-slideshow-ui av-control-default av-slideshow-manual av-loop-once av-loop-manual-endless av-default-height-applied avia-slideshow-2' data-slideshow-options=\"{&quot;animation&quot;:&quot;slide&quot;,&quot;autoplay&quot;:false,&quot;loop_autoplay&quot;:&quot;once&quot;,&quot;interval&quot;:5,&quot;loop_manual&quot;:&quot;manual-endless&quot;,&quot;autoplay_stopper&quot;:false,&quot;noNavigation&quot;:false,&quot;bg_slider&quot;:false,&quot;keep_padding&quot;:false,&quot;hoverpause&quot;:false,&quot;show_slide_delay&quot;:0}\"  itemprop=\"image\" itemscope=\"itemscope\" itemtype=\"https:\/\/schema.org\/ImageObject\" ><ul class='avia-slideshow-inner ' style='padding-bottom: 63.333333333333%;'><li  class='avia-slideshow-slide av-krm0x17y-87bb6b11287579fead2fe99bae482683__0  slide-1 slide-odd'><div data-rel='slideshow-2' class='avia-slide-wrap '   ><img decoding=\"async\" class=\"wp-image-938 avia-img-lazy-loading-not-938\"  src=\"https:\/\/bey-s.com\/wp-content\/uploads\/2021\/10\/oberflaechenbehandlung-beys-2.jpg\" width=\"1500\" height=\"950\" title='Oberflaechenbehandlung Beys 2' alt=''  itemprop=\"thumbnailUrl\" srcset=\"https:\/\/bey-s.com\/wp-content\/uploads\/2021\/10\/oberflaechenbehandlung-beys-2.jpg 1500w, https:\/\/bey-s.com\/wp-content\/uploads\/2021\/10\/oberflaechenbehandlung-beys-2-300x190.jpg 300w, https:\/\/bey-s.com\/wp-content\/uploads\/2021\/10\/oberflaechenbehandlung-beys-2-1030x652.jpg 1030w, https:\/\/bey-s.com\/wp-content\/uploads\/2021\/10\/oberflaechenbehandlung-beys-2-768x486.jpg 768w, https:\/\/bey-s.com\/wp-content\/uploads\/2021\/10\/oberflaechenbehandlung-beys-2-705x447.jpg 705w\" sizes=\"(max-width: 1500px) 100vw, 1500px\" \/><\/div><\/li><li  class='avia-slideshow-slide av-krm0x17y-87bb6b11287579fead2fe99bae482683__1  slide-2 slide-even'><div data-rel='slideshow-2' class='avia-slide-wrap '   ><img decoding=\"async\" class=\"wp-image-936 avia-img-lazy-loading-not-936\"  src=\"https:\/\/bey-s.com\/wp-content\/uploads\/2021\/10\/oberflaechenbehandlung-beys-1.jpg\" width=\"1500\" height=\"950\" title='Oberflaechenbehandlung Beys 1' alt=''  itemprop=\"thumbnailUrl\" srcset=\"https:\/\/bey-s.com\/wp-content\/uploads\/2021\/10\/oberflaechenbehandlung-beys-1.jpg 1500w, https:\/\/bey-s.com\/wp-content\/uploads\/2021\/10\/oberflaechenbehandlung-beys-1-300x190.jpg 300w, https:\/\/bey-s.com\/wp-content\/uploads\/2021\/10\/oberflaechenbehandlung-beys-1-1030x652.jpg 1030w, https:\/\/bey-s.com\/wp-content\/uploads\/2021\/10\/oberflaechenbehandlung-beys-1-768x486.jpg 768w, https:\/\/bey-s.com\/wp-content\/uploads\/2021\/10\/oberflaechenbehandlung-beys-1-705x447.jpg 705w\" sizes=\"(max-width: 1500px) 100vw, 1500px\" \/><\/div><\/li><li  class='avia-slideshow-slide av-krm0x17y-87bb6b11287579fead2fe99bae482683__2  slide-3 slide-odd'><div data-rel='slideshow-2' class='avia-slide-wrap '   ><img decoding=\"async\" class=\"wp-image-930 avia-img-lazy-loading-not-930\"  src=\"https:\/\/bey-s.com\/wp-content\/uploads\/2021\/10\/oberflaechenbehandlung-beys-3.jpg\" width=\"1500\" height=\"950\" title='Oberflaechenbehandlung Beys 3' alt=''  itemprop=\"thumbnailUrl\" srcset=\"https:\/\/bey-s.com\/wp-content\/uploads\/2021\/10\/oberflaechenbehandlung-beys-3.jpg 1500w, https:\/\/bey-s.com\/wp-content\/uploads\/2021\/10\/oberflaechenbehandlung-beys-3-300x190.jpg 300w, https:\/\/bey-s.com\/wp-content\/uploads\/2021\/10\/oberflaechenbehandlung-beys-3-1030x652.jpg 1030w, https:\/\/bey-s.com\/wp-content\/uploads\/2021\/10\/oberflaechenbehandlung-beys-3-768x486.jpg 768w, https:\/\/bey-s.com\/wp-content\/uploads\/2021\/10\/oberflaechenbehandlung-beys-3-705x447.jpg 705w\" sizes=\"(max-width: 1500px) 100vw, 1500px\" \/><\/div><\/li><li  class='avia-slideshow-slide av-krm0x17y-87bb6b11287579fead2fe99bae482683__3  slide-4 slide-even'><div data-rel='slideshow-2' class='avia-slide-wrap '   ><img decoding=\"async\" class=\"wp-image-932 avia-img-lazy-loading-not-932\"  src=\"https:\/\/bey-s.com\/wp-content\/uploads\/2021\/10\/oberflaechenbehandlung-beys-4.jpg\" width=\"1500\" height=\"950\" title='Oberflaechenbehandlung Beys 4' alt=''  itemprop=\"thumbnailUrl\" srcset=\"https:\/\/bey-s.com\/wp-content\/uploads\/2021\/10\/oberflaechenbehandlung-beys-4.jpg 1500w, https:\/\/bey-s.com\/wp-content\/uploads\/2021\/10\/oberflaechenbehandlung-beys-4-300x190.jpg 300w, https:\/\/bey-s.com\/wp-content\/uploads\/2021\/10\/oberflaechenbehandlung-beys-4-1030x652.jpg 1030w, https:\/\/bey-s.com\/wp-content\/uploads\/2021\/10\/oberflaechenbehandlung-beys-4-768x486.jpg 768w, https:\/\/bey-s.com\/wp-content\/uploads\/2021\/10\/oberflaechenbehandlung-beys-4-705x447.jpg 705w\" sizes=\"(max-width: 1500px) 100vw, 1500px\" \/><\/div><\/li><li  class='avia-slideshow-slide av-krm0x17y-87bb6b11287579fead2fe99bae482683__4  slide-5 slide-odd'><div data-rel='slideshow-2' class='avia-slide-wrap '   ><img decoding=\"async\" class=\"wp-image-934 avia-img-lazy-loading-not-934\"  src=\"https:\/\/bey-s.com\/wp-content\/uploads\/2021\/10\/oberflaechenbehandlung-beys-5.jpg\" width=\"1500\" height=\"950\" title='Oberflaechenbehandlung Beys 5' alt=''  itemprop=\"thumbnailUrl\" srcset=\"https:\/\/bey-s.com\/wp-content\/uploads\/2021\/10\/oberflaechenbehandlung-beys-5.jpg 1500w, https:\/\/bey-s.com\/wp-content\/uploads\/2021\/10\/oberflaechenbehandlung-beys-5-300x190.jpg 300w, https:\/\/bey-s.com\/wp-content\/uploads\/2021\/10\/oberflaechenbehandlung-beys-5-1030x652.jpg 1030w, https:\/\/bey-s.com\/wp-content\/uploads\/2021\/10\/oberflaechenbehandlung-beys-5-768x486.jpg 768w, https:\/\/bey-s.com\/wp-content\/uploads\/2021\/10\/oberflaechenbehandlung-beys-5-705x447.jpg 705w\" sizes=\"(max-width: 1500px) 100vw, 1500px\" \/><\/div><\/li><\/ul><div class='avia-slideshow-arrows avia-slideshow-controls' ><a href='#prev' class='prev-slide ' aria-hidden='true' data-av_icon='\ue87c' data-av_iconfont='entypo-fontello'  tabindex='-1'>Zur\u00fcck<\/a><a href='#next' class='next-slide ' aria-hidden='true' data-av_icon='\ue87d' data-av_iconfont='entypo-fontello'  tabindex='-1'>Weiter<\/a><\/div><div class='avia-slideshow-dots avia-slideshow-controls'><a href='#1' class='goto-slide active' >1<\/a><a href='#2' class='goto-slide ' >2<\/a><a href='#3' class='goto-slide ' >3<\/a><a href='#4' class='goto-slide ' >4<\/a><a href='#5' class='goto-slide ' >5<\/a><\/div><\/div><\/div>\n","protected":false},"excerpt":{"rendered":"","protected":false},"author":1,"featured_media":0,"parent":25,"menu_order":0,"comment_status":"closed","ping_status":"closed","template":"","meta":{"footnotes":""},"class_list":["post-135","page","type-page","status-publish","hentry"],"yoast_head":"<!-- This site is optimized with the Yoast SEO plugin v26.7 - https:\/\/yoast.com\/wordpress\/plugins\/seo\/ -->\n<title>Oberfl\u00e4chenbehandlung in der T\u00fcrkei | Beschaffungsvermittler BEY&#039;s<\/title>\n<meta name=\"robots\" content=\"index, follow, max-snippet:-1, max-image-preview:large, max-video-preview:-1\" \/>\n<link rel=\"canonical\" href=\"https:\/\/bey-s.com\/de\/produkte\/oberflaechenbehandlung\/\" \/>\n<meta property=\"og:locale\" content=\"de_DE\" \/>\n<meta property=\"og:type\" content=\"article\" \/>\n<meta property=\"og:title\" content=\"Oberfl\u00e4chenbehandlung in der T\u00fcrkei | Beschaffungsvermittler BEY&#039;s\" \/>\n<meta property=\"og:url\" content=\"https:\/\/bey-s.com\/de\/produkte\/oberflaechenbehandlung\/\" \/>\n<meta property=\"og:site_name\" content=\"Bey-S\" \/>\n<meta property=\"article:modified_time\" content=\"2022-01-11T20:32:57+00:00\" \/>\n<meta name=\"twitter:card\" content=\"summary_large_image\" \/>\n<meta name=\"twitter:label1\" content=\"Gesch\u00e4tzte Lesezeit\" \/>\n\t<meta name=\"twitter:data1\" content=\"2\u00a0Minuten\" \/>\n<script type=\"application\/ld+json\" class=\"yoast-schema-graph\">{\"@context\":\"https:\/\/schema.org\",\"@graph\":[{\"@type\":\"WebPage\",\"@id\":\"https:\/\/bey-s.com\/de\/produkte\/oberflaechenbehandlung\/\",\"url\":\"https:\/\/bey-s.com\/de\/produkte\/oberflaechenbehandlung\/\",\"name\":\"Oberfl\u00e4chenbehandlung in der T\u00fcrkei | Beschaffungsvermittler BEY's\",\"isPartOf\":{\"@id\":\"https:\/\/bey-s.com\/de\/#website\"},\"datePublished\":\"2015-10-22T15:31:25+00:00\",\"dateModified\":\"2022-01-11T20:32:57+00:00\",\"breadcrumb\":{\"@id\":\"https:\/\/bey-s.com\/de\/produkte\/oberflaechenbehandlung\/#breadcrumb\"},\"inLanguage\":\"de\",\"potentialAction\":[{\"@type\":\"ReadAction\",\"target\":[\"https:\/\/bey-s.com\/de\/produkte\/oberflaechenbehandlung\/\"]}]},{\"@type\":\"BreadcrumbList\",\"@id\":\"https:\/\/bey-s.com\/de\/produkte\/oberflaechenbehandlung\/#breadcrumb\",\"itemListElement\":[{\"@type\":\"ListItem\",\"position\":1,\"name\":\"Home\",\"item\":\"https:\/\/bey-s.com\/de\/\"},{\"@type\":\"ListItem\",\"position\":2,\"name\":\"Produkte\",\"item\":\"https:\/\/bey-s.com\/de\/produkte\/\"},{\"@type\":\"ListItem\",\"position\":3,\"name\":\"Oberfl\u00e4chenbehandlung\"}]},{\"@type\":\"WebSite\",\"@id\":\"https:\/\/bey-s.com\/de\/#website\",\"url\":\"https:\/\/bey-s.com\/de\/\",\"name\":\"Bey-S\",\"description\":\"\",\"potentialAction\":[{\"@type\":\"SearchAction\",\"target\":{\"@type\":\"EntryPoint\",\"urlTemplate\":\"https:\/\/bey-s.com\/de\/?s={search_term_string}\"},\"query-input\":{\"@type\":\"PropertyValueSpecification\",\"valueRequired\":true,\"valueName\":\"search_term_string\"}}],\"inLanguage\":\"de\"}]}<\/script>\n<!-- \/ Yoast SEO plugin. -->","yoast_head_json":{"title":"Oberfl\u00e4chenbehandlung in der T\u00fcrkei | Beschaffungsvermittler BEY's","robots":{"index":"index","follow":"follow","max-snippet":"max-snippet:-1","max-image-preview":"max-image-preview:large","max-video-preview":"max-video-preview:-1"},"canonical":"https:\/\/bey-s.com\/de\/produkte\/oberflaechenbehandlung\/","og_locale":"de_DE","og_type":"article","og_title":"Oberfl\u00e4chenbehandlung in der T\u00fcrkei | Beschaffungsvermittler BEY's","og_url":"https:\/\/bey-s.com\/de\/produkte\/oberflaechenbehandlung\/","og_site_name":"Bey-S","article_modified_time":"2022-01-11T20:32:57+00:00","twitter_card":"summary_large_image","twitter_misc":{"Gesch\u00e4tzte Lesezeit":"2\u00a0Minuten"},"schema":{"@context":"https:\/\/schema.org","@graph":[{"@type":"WebPage","@id":"https:\/\/bey-s.com\/de\/produkte\/oberflaechenbehandlung\/","url":"https:\/\/bey-s.com\/de\/produkte\/oberflaechenbehandlung\/","name":"Oberfl\u00e4chenbehandlung in der T\u00fcrkei | Beschaffungsvermittler BEY's","isPartOf":{"@id":"https:\/\/bey-s.com\/de\/#website"},"datePublished":"2015-10-22T15:31:25+00:00","dateModified":"2022-01-11T20:32:57+00:00","breadcrumb":{"@id":"https:\/\/bey-s.com\/de\/produkte\/oberflaechenbehandlung\/#breadcrumb"},"inLanguage":"de","potentialAction":[{"@type":"ReadAction","target":["https:\/\/bey-s.com\/de\/produkte\/oberflaechenbehandlung\/"]}]},{"@type":"BreadcrumbList","@id":"https:\/\/bey-s.com\/de\/produkte\/oberflaechenbehandlung\/#breadcrumb","itemListElement":[{"@type":"ListItem","position":1,"name":"Home","item":"https:\/\/bey-s.com\/de\/"},{"@type":"ListItem","position":2,"name":"Produkte","item":"https:\/\/bey-s.com\/de\/produkte\/"},{"@type":"ListItem","position":3,"name":"Oberfl\u00e4chenbehandlung"}]},{"@type":"WebSite","@id":"https:\/\/bey-s.com\/de\/#website","url":"https:\/\/bey-s.com\/de\/","name":"Bey-S","description":"","potentialAction":[{"@type":"SearchAction","target":{"@type":"EntryPoint","urlTemplate":"https:\/\/bey-s.com\/de\/?s={search_term_string}"},"query-input":{"@type":"PropertyValueSpecification","valueRequired":true,"valueName":"search_term_string"}}],"inLanguage":"de"}]}},"_links":{"self":[{"href":"https:\/\/bey-s.com\/de\/wp-json\/wp\/v2\/pages\/135","targetHints":{"allow":["GET"]}}],"collection":[{"href":"https:\/\/bey-s.com\/de\/wp-json\/wp\/v2\/pages"}],"about":[{"href":"https:\/\/bey-s.com\/de\/wp-json\/wp\/v2\/types\/page"}],"author":[{"embeddable":true,"href":"https:\/\/bey-s.com\/de\/wp-json\/wp\/v2\/users\/1"}],"replies":[{"embeddable":true,"href":"https:\/\/bey-s.com\/de\/wp-json\/wp\/v2\/comments?post=135"}],"version-history":[{"count":30,"href":"https:\/\/bey-s.com\/de\/wp-json\/wp\/v2\/pages\/135\/revisions"}],"predecessor-version":[{"id":1337,"href":"https:\/\/bey-s.com\/de\/wp-json\/wp\/v2\/pages\/135\/revisions\/1337"}],"up":[{"embeddable":true,"href":"https:\/\/bey-s.com\/de\/wp-json\/wp\/v2\/pages\/25"}],"wp:attachment":[{"href":"https:\/\/bey-s.com\/de\/wp-json\/wp\/v2\/media?parent=135"}],"curies":[{"name":"wp","href":"https:\/\/api.w.org\/{rel}","templated":true}]}}